{"id":1868,"date":"2026-02-17T23:37:33","date_gmt":"2026-02-17T23:37:33","guid":{"rendered":"https:\/\/fisbein.com\/?post_type=product&#038;p=1868"},"modified":"2026-03-19T18:11:23","modified_gmt":"2026-03-19T18:11:23","slug":"blue-semi-transparent-enamel-leaf-mosaic-pendant","status":"publish","type":"product","link":"https:\/\/fisbein.com\/en\/jewelry-piece\/blue-semi-transparent-enamel-leaf-mosaic-pendant\/","title":{"rendered":"Blue semi-transparent enamel leaf mosaic pendant"},"content":{"rendered":"<p>Silver pendant with semi-transparent enamel in different shades of blue, with small zirconia inlays that give the piece personality. It is inspired by the magnificent mosaics that the architect Antoni Gaud\u00ed made in the Park G\u00fcell in Barcelona. The shape is similar to a leaf due to the importance of nature in Gaud\u00ed&#8217;s work. . Includes snake chain 18\u201d long 1 mm wide.<\/p>\n","protected":false},"excerpt":{"rendered":"<p>Pendant inspired by the mosaics of Park G\u00fcell in Barcelona made by Antoni Gaud\u00ed. Rhodium-plated silver ring in the shape of a leaf made with semi-transparent enamel in blue tones and zircons.<\/p>\n","protected":false},"featured_media":3103,"comment_status":"open","ping_status":"closed","template":"","meta":{"_acf_changed":false},"coleccion":[181],"product_brand":[],"product_cat":[69],"product_tag":[],"class_list":{"0":"post-1868","1":"product","2":"type-product","3":"status-publish","4":"has-post-thumbnail","6":"coleccion-gaudi","7":"product_cat-pendants","8":"pa_acabados-attr-acabados-plata-brillante-en","9":"pa_materiales-attr-materiales-esmalte-en","10":"pa_materiales-attr-materiales-rodio-en","11":"pa_materiales-sterling-silver","12":"pa_materiales-attr-materiales-esmalte-translucido-en","13":"pa_materiales-attr-materiales-circonitas-en","15":"first","16":"instock","17":"shipping-taxable","18":"purchasable","19":"product-type-simple"},"acf":[],"yoast_head":"<!-- This site is optimized with the Yoast SEO plugin v27.4 - https:\/\/yoast.com\/product\/yoast-seo-wordpress\/ -->\n<title>Blue semi-transparent enamel leaf mosaic pendant - Fisbein<\/title>\n<meta name=\"robots\" content=\"index, follow, max-snippet:-1, max-image-preview:large, max-video-preview:-1\" \/>\n<link rel=\"canonical\" href=\"https:\/\/fisbein.com\/en\/jewelry-piece\/blue-semi-transparent-enamel-leaf-mosaic-pendant\/\" \/>\n<meta property=\"og:locale\" content=\"en_US\" \/>\n<meta property=\"og:type\" content=\"article\" \/>\n<meta property=\"og:title\" content=\"Blue semi-transparent enamel leaf mosaic pendant - Fisbein\" \/>\n<meta property=\"og:description\" content=\"Pendant inspired by the mosaics of Park G\u00fcell in Barcelona made by Antoni Gaud\u00ed. Rhodium-plated silver ring in the shape of a leaf made with semi-transparent enamel in blue tones and zircons.\" \/>\n<meta property=\"og:url\" content=\"https:\/\/fisbein.com\/en\/jewelry-piece\/blue-semi-transparent-enamel-leaf-mosaic-pendant\/\" \/>\n<meta property=\"og:site_name\" content=\"Fisbein\" \/>\n<meta property=\"article:publisher\" content=\"https:\/\/www.facebook.com\/andrea.fisbein.5\" \/>\n<meta property=\"article:modified_time\" content=\"2026-03-19T18:11:23+00:00\" \/>\n<meta property=\"og:image\" content=\"https:\/\/i0.wp.com\/fisbein.com\/wp-content\/uploads\/2025\/12\/Cm-3532-mosaic-leaf-enamel-silver-pendant-Fisbein-Barcelona-2.jpg?fit=1080%2C1080&quality=89&ssl=1\" \/>\n\t<meta property=\"og:image:width\" content=\"1080\" \/>\n\t<meta property=\"og:image:height\" content=\"1080\" \/>\n\t<meta property=\"og:image:type\" content=\"image\/jpeg\" \/>\n<meta name=\"twitter:card\" content=\"summary_large_image\" \/>\n<script type=\"application\/ld+json\" class=\"yoast-schema-graph\">{\"@context\":\"https:\\\/\\\/schema.org\",\"@graph\":[{\"@type\":\"WebPage\",\"@id\":\"https:\\\/\\\/fisbein.com\\\/en\\\/jewelry-piece\\\/blue-semi-transparent-enamel-leaf-mosaic-pendant\\\/\",\"url\":\"https:\\\/\\\/fisbein.com\\\/en\\\/jewelry-piece\\\/blue-semi-transparent-enamel-leaf-mosaic-pendant\\\/\",\"name\":\"Blue semi-transparent enamel leaf mosaic pendant - Fisbein\",\"isPartOf\":{\"@id\":\"https:\\\/\\\/fisbein.com\\\/en\\\/#website\"},\"primaryImageOfPage\":{\"@id\":\"https:\\\/\\\/fisbein.com\\\/en\\\/jewelry-piece\\\/blue-semi-transparent-enamel-leaf-mosaic-pendant\\\/#primaryimage\"},\"image\":{\"@id\":\"https:\\\/\\\/fisbein.com\\\/en\\\/jewelry-piece\\\/blue-semi-transparent-enamel-leaf-mosaic-pendant\\\/#primaryimage\"},\"thumbnailUrl\":\"https:\\\/\\\/i0.wp.com\\\/fisbein.com\\\/wp-content\\\/uploads\\\/2025\\\/12\\\/Cm-3532-mosaic-leaf-enamel-silver-pendant-Fisbein-Barcelona-2.jpg?fit=1080%2C1080&quality=82&ssl=1\",\"datePublished\":\"2026-02-17T23:37:33+00:00\",\"dateModified\":\"2026-03-19T18:11:23+00:00\",\"breadcrumb\":{\"@id\":\"https:\\\/\\\/fisbein.com\\\/en\\\/jewelry-piece\\\/blue-semi-transparent-enamel-leaf-mosaic-pendant\\\/#breadcrumb\"},\"inLanguage\":\"en-US\",\"potentialAction\":[{\"@type\":\"ReadAction\",\"target\":[\"https:\\\/\\\/fisbein.com\\\/en\\\/jewelry-piece\\\/blue-semi-transparent-enamel-leaf-mosaic-pendant\\\/\"]}]},{\"@type\":\"ImageObject\",\"inLanguage\":\"en-US\",\"@id\":\"https:\\\/\\\/fisbein.com\\\/en\\\/jewelry-piece\\\/blue-semi-transparent-enamel-leaf-mosaic-pendant\\\/#primaryimage\",\"url\":\"https:\\\/\\\/i0.wp.com\\\/fisbein.com\\\/wp-content\\\/uploads\\\/2025\\\/12\\\/Cm-3532-mosaic-leaf-enamel-silver-pendant-Fisbein-Barcelona-2.jpg?fit=1080%2C1080&quality=82&ssl=1\",\"contentUrl\":\"https:\\\/\\\/i0.wp.com\\\/fisbein.com\\\/wp-content\\\/uploads\\\/2025\\\/12\\\/Cm-3532-mosaic-leaf-enamel-silver-pendant-Fisbein-Barcelona-2.jpg?fit=1080%2C1080&quality=82&ssl=1\",\"width\":1080,\"height\":1080},{\"@type\":\"BreadcrumbList\",\"@id\":\"https:\\\/\\\/fisbein.com\\\/en\\\/jewelry-piece\\\/blue-semi-transparent-enamel-leaf-mosaic-pendant\\\/#breadcrumb\",\"itemListElement\":[{\"@type\":\"ListItem\",\"position\":1,\"name\":\"Portada\",\"item\":\"https:\\\/\\\/fisbein.com\\\/en\\\/\"},{\"@type\":\"ListItem\",\"position\":2,\"name\":\"Shop\",\"item\":\"https:\\\/\\\/fisbein.com\\\/en\\\/jewelry\\\/\"},{\"@type\":\"ListItem\",\"position\":3,\"name\":\"Blue semi-transparent enamel leaf mosaic pendant\"}]},{\"@type\":\"WebSite\",\"@id\":\"https:\\\/\\\/fisbein.com\\\/en\\\/#website\",\"url\":\"https:\\\/\\\/fisbein.com\\\/en\\\/\",\"name\":\"Fisbein\",\"description\":\"\",\"publisher\":{\"@id\":\"https:\\\/\\\/fisbein.com\\\/en\\\/#organization\"},\"potentialAction\":[{\"@type\":\"SearchAction\",\"target\":{\"@type\":\"EntryPoint\",\"urlTemplate\":\"https:\\\/\\\/fisbein.com\\\/en\\\/?s={search_term_string}\"},\"query-input\":{\"@type\":\"PropertyValueSpecification\",\"valueRequired\":true,\"valueName\":\"search_term_string\"}}],\"inLanguage\":\"en-US\"},{\"@type\":\"Organization\",\"@id\":\"https:\\\/\\\/fisbein.com\\\/en\\\/#organization\",\"name\":\"Fisbein\",\"url\":\"https:\\\/\\\/fisbein.com\\\/en\\\/\",\"logo\":{\"@type\":\"ImageObject\",\"inLanguage\":\"en-US\",\"@id\":\"https:\\\/\\\/fisbein.com\\\/en\\\/#\\\/schema\\\/logo\\\/image\\\/\",\"url\":\"https:\\\/\\\/fisbein.com\\\/wp-content\\\/uploads\\\/2026\\\/02\\\/logo-fisbein-seo.svg\",\"contentUrl\":\"https:\\\/\\\/fisbein.com\\\/wp-content\\\/uploads\\\/2026\\\/02\\\/logo-fisbein-seo.svg\",\"width\":1,\"height\":1,\"caption\":\"Fisbein\"},\"image\":{\"@id\":\"https:\\\/\\\/fisbein.com\\\/en\\\/#\\\/schema\\\/logo\\\/image\\\/\"},\"sameAs\":[\"https:\\\/\\\/www.facebook.com\\\/andrea.fisbein.5\",\"https:\\\/\\\/www.instagram.com\\\/fisbein\\\/\"]}]}<\/script>\n<!-- \/ Yoast SEO plugin. -->","yoast_head_json":{"title":"Blue semi-transparent enamel leaf mosaic pendant - Fisbein","robots":{"index":"index","follow":"follow","max-snippet":"max-snippet:-1","max-image-preview":"max-image-preview:large","max-video-preview":"max-video-preview:-1"},"canonical":"https:\/\/fisbein.com\/en\/jewelry-piece\/blue-semi-transparent-enamel-leaf-mosaic-pendant\/","og_locale":"en_US","og_type":"article","og_title":"Blue semi-transparent enamel leaf mosaic pendant - Fisbein","og_description":"Pendant inspired by the mosaics of Park G\u00fcell in Barcelona made by Antoni Gaud\u00ed. Rhodium-plated silver ring in the shape of a leaf made with semi-transparent enamel in blue tones and zircons.","og_url":"https:\/\/fisbein.com\/en\/jewelry-piece\/blue-semi-transparent-enamel-leaf-mosaic-pendant\/","og_site_name":"Fisbein","article_publisher":"https:\/\/www.facebook.com\/andrea.fisbein.5","article_modified_time":"2026-03-19T18:11:23+00:00","og_image":[{"width":1080,"height":1080,"url":"https:\/\/i0.wp.com\/fisbein.com\/wp-content\/uploads\/2025\/12\/Cm-3532-mosaic-leaf-enamel-silver-pendant-Fisbein-Barcelona-2.jpg?fit=1080%2C1080&quality=89&ssl=1","type":"image\/jpeg"}],"twitter_card":"summary_large_image","schema":{"@context":"https:\/\/schema.org","@graph":[{"@type":"WebPage","@id":"https:\/\/fisbein.com\/en\/jewelry-piece\/blue-semi-transparent-enamel-leaf-mosaic-pendant\/","url":"https:\/\/fisbein.com\/en\/jewelry-piece\/blue-semi-transparent-enamel-leaf-mosaic-pendant\/","name":"Blue semi-transparent enamel leaf mosaic pendant - Fisbein","isPartOf":{"@id":"https:\/\/fisbein.com\/en\/#website"},"primaryImageOfPage":{"@id":"https:\/\/fisbein.com\/en\/jewelry-piece\/blue-semi-transparent-enamel-leaf-mosaic-pendant\/#primaryimage"},"image":{"@id":"https:\/\/fisbein.com\/en\/jewelry-piece\/blue-semi-transparent-enamel-leaf-mosaic-pendant\/#primaryimage"},"thumbnailUrl":"https:\/\/i0.wp.com\/fisbein.com\/wp-content\/uploads\/2025\/12\/Cm-3532-mosaic-leaf-enamel-silver-pendant-Fisbein-Barcelona-2.jpg?fit=1080%2C1080&quality=82&ssl=1","datePublished":"2026-02-17T23:37:33+00:00","dateModified":"2026-03-19T18:11:23+00:00","breadcrumb":{"@id":"https:\/\/fisbein.com\/en\/jewelry-piece\/blue-semi-transparent-enamel-leaf-mosaic-pendant\/#breadcrumb"},"inLanguage":"en-US","potentialAction":[{"@type":"ReadAction","target":["https:\/\/fisbein.com\/en\/jewelry-piece\/blue-semi-transparent-enamel-leaf-mosaic-pendant\/"]}]},{"@type":"ImageObject","inLanguage":"en-US","@id":"https:\/\/fisbein.com\/en\/jewelry-piece\/blue-semi-transparent-enamel-leaf-mosaic-pendant\/#primaryimage","url":"https:\/\/i0.wp.com\/fisbein.com\/wp-content\/uploads\/2025\/12\/Cm-3532-mosaic-leaf-enamel-silver-pendant-Fisbein-Barcelona-2.jpg?fit=1080%2C1080&quality=82&ssl=1","contentUrl":"https:\/\/i0.wp.com\/fisbein.com\/wp-content\/uploads\/2025\/12\/Cm-3532-mosaic-leaf-enamel-silver-pendant-Fisbein-Barcelona-2.jpg?fit=1080%2C1080&quality=82&ssl=1","width":1080,"height":1080},{"@type":"BreadcrumbList","@id":"https:\/\/fisbein.com\/en\/jewelry-piece\/blue-semi-transparent-enamel-leaf-mosaic-pendant\/#breadcrumb","itemListElement":[{"@type":"ListItem","position":1,"name":"Portada","item":"https:\/\/fisbein.com\/en\/"},{"@type":"ListItem","position":2,"name":"Shop","item":"https:\/\/fisbein.com\/en\/jewelry\/"},{"@type":"ListItem","position":3,"name":"Blue semi-transparent enamel leaf mosaic pendant"}]},{"@type":"WebSite","@id":"https:\/\/fisbein.com\/en\/#website","url":"https:\/\/fisbein.com\/en\/","name":"Fisbein","description":"","publisher":{"@id":"https:\/\/fisbein.com\/en\/#organization"},"potentialAction":[{"@type":"SearchAction","target":{"@type":"EntryPoint","urlTemplate":"https:\/\/fisbein.com\/en\/?s={search_term_string}"},"query-input":{"@type":"PropertyValueSpecification","valueRequired":true,"valueName":"search_term_string"}}],"inLanguage":"en-US"},{"@type":"Organization","@id":"https:\/\/fisbein.com\/en\/#organization","name":"Fisbein","url":"https:\/\/fisbein.com\/en\/","logo":{"@type":"ImageObject","inLanguage":"en-US","@id":"https:\/\/fisbein.com\/en\/#\/schema\/logo\/image\/","url":"https:\/\/fisbein.com\/wp-content\/uploads\/2026\/02\/logo-fisbein-seo.svg","contentUrl":"https:\/\/fisbein.com\/wp-content\/uploads\/2026\/02\/logo-fisbein-seo.svg","width":1,"height":1,"caption":"Fisbein"},"image":{"@id":"https:\/\/fisbein.com\/en\/#\/schema\/logo\/image\/"},"sameAs":["https:\/\/www.facebook.com\/andrea.fisbein.5","https:\/\/www.instagram.com\/fisbein\/"]}]}},"jetpack_sharing_enabled":true,"_links":{"self":[{"href":"https:\/\/fisbein.com\/en\/wp-json\/wp\/v2\/product\/1868","targetHints":{"allow":["GET"]}}],"collection":[{"href":"https:\/\/fisbein.com\/en\/wp-json\/wp\/v2\/product"}],"about":[{"href":"https:\/\/fisbein.com\/en\/wp-json\/wp\/v2\/types\/product"}],"replies":[{"embeddable":true,"href":"https:\/\/fisbein.com\/en\/wp-json\/wp\/v2\/comments?post=1868"}],"wp:featuredmedia":[{"embeddable":true,"href":"https:\/\/fisbein.com\/en\/wp-json\/wp\/v2\/media\/3103"}],"wp:attachment":[{"href":"https:\/\/fisbein.com\/en\/wp-json\/wp\/v2\/media?parent=1868"}],"wp:term":[{"taxonomy":"coleccion","embeddable":true,"href":"https:\/\/fisbein.com\/en\/wp-json\/wp\/v2\/coleccion?post=1868"},{"taxonomy":"product_brand","embeddable":true,"href":"https:\/\/fisbein.com\/en\/wp-json\/wp\/v2\/product_brand?post=1868"},{"taxonomy":"product_cat","embeddable":true,"href":"https:\/\/fisbein.com\/en\/wp-json\/wp\/v2\/product_cat?post=1868"},{"taxonomy":"product_tag","embeddable":true,"href":"https:\/\/fisbein.com\/en\/wp-json\/wp\/v2\/product_tag?post=1868"}],"curies":[{"name":"wp","href":"https:\/\/api.w.org\/{rel}","templated":true}]}}