{"id":3687,"date":"2026-04-10T11:09:43","date_gmt":"2026-04-10T11:09:43","guid":{"rendered":"https:\/\/fisbein.com\/joya-arte\/colgante-gaudi-esmalte-translucido-vitrales\/"},"modified":"2026-04-10T11:17:43","modified_gmt":"2026-04-10T11:17:43","slug":"penjoll-gaudi-esmalt-translucid-vitralls","status":"publish","type":"product","link":"https:\/\/fisbein.com\/ca\/joia-art\/penjoll-gaudi-esmalt-translucid-vitralls\/","title":{"rendered":"Penjoll Gaud\u00ed esmalt transl\u00facid vitralls"},"content":{"rendered":"<p>El penjoll Gaud\u00ed amb bany de plata i esmalt transl\u00facid captura la llum com un petit vitrall contemporani. Inspirat en els vitralls d\u2019Antoni Gaud\u00ed presents a la Casa Batll\u00f3 i el Park G\u00fcell de Barcelona, combina color i transpar\u00e8ncia per crear un efecte llumin\u00f3s i sofisticat.<\/p>\n<p>La seva silueta allargada i de l\u00ednies ondulades evoca el moviment org\u00e0nic caracter\u00edstic del Modernisme barcelon\u00ed. El disseny i la gamma crom\u00e0tica recorden els vidres originals, aportant profunditat i brillantor a la pe\u00e7a.<\/p>\n<p>Inclou cadena amb bany de plata de 45 cm, ideal per portar di\u00e0riament o en ocasions especials. Perfecte per lluir-lo sol o combinat amb les arracades i l\u2019anell del conjunt.<\/p>\n","protected":false},"excerpt":{"rendered":"<p>Penjoll Gaud\u00ed amb bany de plata i esmalt transl\u00facid, inspirat en Casa Batll\u00f3 i Park G\u00fcell. Inclou cadena de 45 cm.<\/p>\n","protected":false},"featured_media":3676,"comment_status":"open","ping_status":"closed","template":"","meta":{"_acf_changed":false},"coleccion":[180],"product_brand":[],"product_cat":[70],"product_tag":[],"class_list":{"0":"post-3687","1":"product","2":"type-product","3":"status-publish","4":"has-post-thumbnail","6":"coleccion-gaudi-barcelona","7":"product_cat-penjolls","8":"pa_acabados-banyat-plata","9":"pa_materiales-attr-materiales-esmalte-ca","10":"pa_materiales-attr-materiales-esmalte-translucido-ca","11":"pa_materiales-joies-llauto","13":"first","14":"instock","15":"taxable","16":"shipping-taxable","17":"purchasable","18":"product-type-simple"},"acf":[],"yoast_head":"<!-- This site is optimized with the Yoast SEO plugin v27.4 - https:\/\/yoast.com\/product\/yoast-seo-wordpress\/ -->\n<title>Penjoll Gaud\u00ed esmalt transl\u00facid vitralls - Fisbein<\/title>\n<meta name=\"description\" content=\"Penjoll inspirat en els vitralls de Gaud\u00ed a la Casa Batll\u00f3 i Park G\u00fcell de Barcelona, amb bany de plata i esmalt transl\u00facid . Inclou cadena de 45 cm.\" \/>\n<meta name=\"robots\" content=\"index, follow, max-snippet:-1, max-image-preview:large, max-video-preview:-1\" \/>\n<link rel=\"canonical\" href=\"https:\/\/fisbein.com\/ca\/joia-art\/penjoll-gaudi-esmalt-translucid-vitralls\/\" \/>\n<meta property=\"og:locale\" content=\"ca_ES\" \/>\n<meta property=\"og:type\" content=\"article\" \/>\n<meta property=\"og:title\" content=\"Penjoll Gaud\u00ed esmalt transl\u00facid vitralls - Fisbein\" \/>\n<meta property=\"og:description\" content=\"Penjoll inspirat en els vitralls de Gaud\u00ed a la Casa Batll\u00f3 i Park G\u00fcell de Barcelona, amb bany de plata i esmalt transl\u00facid . Inclou cadena de 45 cm.\" \/>\n<meta property=\"og:url\" content=\"https:\/\/fisbein.com\/ca\/joia-art\/penjoll-gaudi-esmalt-translucid-vitralls\/\" \/>\n<meta property=\"og:site_name\" content=\"Fisbein\" \/>\n<meta property=\"article:publisher\" content=\"https:\/\/www.facebook.com\/andrea.fisbein.5\" \/>\n<meta property=\"article:modified_time\" content=\"2026-04-10T11:17:43+00:00\" \/>\n<meta property=\"og:image\" content=\"https:\/\/i0.wp.com\/fisbein.com\/wp-content\/uploads\/2026\/04\/GP-001-gaudi-vidrieras-translucido-FISBEIN-7.jpg?fit=1080%2C1080&quality=82&ssl=1\" \/>\n\t<meta property=\"og:image:width\" content=\"1080\" \/>\n\t<meta property=\"og:image:height\" content=\"1080\" \/>\n\t<meta property=\"og:image:type\" content=\"image\/jpeg\" \/>\n<meta name=\"twitter:card\" content=\"summary_large_image\" \/>\n<meta name=\"twitter:label1\" content=\"Temps estimat de lectura\" \/>\n\t<meta name=\"twitter:data1\" content=\"1 minut\" \/>\n<script type=\"application\/ld+json\" class=\"yoast-schema-graph\">{\"@context\":\"https:\\\/\\\/schema.org\",\"@graph\":[{\"@type\":\"WebPage\",\"@id\":\"https:\\\/\\\/fisbein.com\\\/ca\\\/joia-art\\\/penjoll-gaudi-esmalt-translucid-vitralls\\\/\",\"url\":\"https:\\\/\\\/fisbein.com\\\/ca\\\/joia-art\\\/penjoll-gaudi-esmalt-translucid-vitralls\\\/\",\"name\":\"Penjoll Gaud\u00ed esmalt transl\u00facid vitralls - Fisbein\",\"isPartOf\":{\"@id\":\"https:\\\/\\\/fisbein.com\\\/ca\\\/#website\"},\"primaryImageOfPage\":{\"@id\":\"https:\\\/\\\/fisbein.com\\\/ca\\\/joia-art\\\/penjoll-gaudi-esmalt-translucid-vitralls\\\/#primaryimage\"},\"image\":{\"@id\":\"https:\\\/\\\/fisbein.com\\\/ca\\\/joia-art\\\/penjoll-gaudi-esmalt-translucid-vitralls\\\/#primaryimage\"},\"thumbnailUrl\":\"https:\\\/\\\/i0.wp.com\\\/fisbein.com\\\/wp-content\\\/uploads\\\/2026\\\/04\\\/GP-001-gaudi-vidrieras-translucido-FISBEIN-7.jpg?fit=1080%2C1080&quality=82&ssl=1\",\"datePublished\":\"2026-04-10T11:09:43+00:00\",\"dateModified\":\"2026-04-10T11:17:43+00:00\",\"description\":\"Penjoll inspirat en els vitralls de Gaud\u00ed a la Casa Batll\u00f3 i Park G\u00fcell de Barcelona, amb bany de plata i esmalt transl\u00facid . Inclou cadena de 45 cm.\",\"breadcrumb\":{\"@id\":\"https:\\\/\\\/fisbein.com\\\/ca\\\/joia-art\\\/penjoll-gaudi-esmalt-translucid-vitralls\\\/#breadcrumb\"},\"inLanguage\":\"ca\",\"potentialAction\":[{\"@type\":\"ReadAction\",\"target\":[\"https:\\\/\\\/fisbein.com\\\/ca\\\/joia-art\\\/penjoll-gaudi-esmalt-translucid-vitralls\\\/\"]}]},{\"@type\":\"ImageObject\",\"inLanguage\":\"ca\",\"@id\":\"https:\\\/\\\/fisbein.com\\\/ca\\\/joia-art\\\/penjoll-gaudi-esmalt-translucid-vitralls\\\/#primaryimage\",\"url\":\"https:\\\/\\\/i0.wp.com\\\/fisbein.com\\\/wp-content\\\/uploads\\\/2026\\\/04\\\/GP-001-gaudi-vidrieras-translucido-FISBEIN-7.jpg?fit=1080%2C1080&quality=82&ssl=1\",\"contentUrl\":\"https:\\\/\\\/i0.wp.com\\\/fisbein.com\\\/wp-content\\\/uploads\\\/2026\\\/04\\\/GP-001-gaudi-vidrieras-translucido-FISBEIN-7.jpg?fit=1080%2C1080&quality=82&ssl=1\",\"width\":1080,\"height\":1080},{\"@type\":\"BreadcrumbList\",\"@id\":\"https:\\\/\\\/fisbein.com\\\/ca\\\/joia-art\\\/penjoll-gaudi-esmalt-translucid-vitralls\\\/#breadcrumb\",\"itemListElement\":[{\"@type\":\"ListItem\",\"position\":1,\"name\":\"Portada\",\"item\":\"https:\\\/\\\/fisbein.com\\\/ca\\\/\"},{\"@type\":\"ListItem\",\"position\":2,\"name\":\"Botiga\",\"item\":\"https:\\\/\\\/fisbein.com\\\/ca\\\/joies\\\/\"},{\"@type\":\"ListItem\",\"position\":3,\"name\":\"Penjoll Gaud\u00ed esmalt transl\u00facid vitralls\"}]},{\"@type\":\"WebSite\",\"@id\":\"https:\\\/\\\/fisbein.com\\\/ca\\\/#website\",\"url\":\"https:\\\/\\\/fisbein.com\\\/ca\\\/\",\"name\":\"Fisbein\",\"description\":\"\",\"publisher\":{\"@id\":\"https:\\\/\\\/fisbein.com\\\/ca\\\/#organization\"},\"potentialAction\":[{\"@type\":\"SearchAction\",\"target\":{\"@type\":\"EntryPoint\",\"urlTemplate\":\"https:\\\/\\\/fisbein.com\\\/ca\\\/?s={search_term_string}\"},\"query-input\":{\"@type\":\"PropertyValueSpecification\",\"valueRequired\":true,\"valueName\":\"search_term_string\"}}],\"inLanguage\":\"ca\"},{\"@type\":\"Organization\",\"@id\":\"https:\\\/\\\/fisbein.com\\\/ca\\\/#organization\",\"name\":\"Fisbein\",\"url\":\"https:\\\/\\\/fisbein.com\\\/ca\\\/\",\"logo\":{\"@type\":\"ImageObject\",\"inLanguage\":\"ca\",\"@id\":\"https:\\\/\\\/fisbein.com\\\/ca\\\/#\\\/schema\\\/logo\\\/image\\\/\",\"url\":\"https:\\\/\\\/fisbein.com\\\/wp-content\\\/uploads\\\/2026\\\/02\\\/logo-fisbein-seo.svg\",\"contentUrl\":\"https:\\\/\\\/fisbein.com\\\/wp-content\\\/uploads\\\/2026\\\/02\\\/logo-fisbein-seo.svg\",\"width\":1,\"height\":1,\"caption\":\"Fisbein\"},\"image\":{\"@id\":\"https:\\\/\\\/fisbein.com\\\/ca\\\/#\\\/schema\\\/logo\\\/image\\\/\"},\"sameAs\":[\"https:\\\/\\\/www.facebook.com\\\/andrea.fisbein.5\",\"https:\\\/\\\/www.instagram.com\\\/fisbein\\\/\"]}]}<\/script>\n<!-- \/ Yoast SEO plugin. -->","yoast_head_json":{"title":"Penjoll Gaud\u00ed esmalt transl\u00facid vitralls - Fisbein","description":"Penjoll inspirat en els vitralls de Gaud\u00ed a la Casa Batll\u00f3 i Park G\u00fcell de Barcelona, amb bany de plata i esmalt transl\u00facid . Inclou cadena de 45 cm.","robots":{"index":"index","follow":"follow","max-snippet":"max-snippet:-1","max-image-preview":"max-image-preview:large","max-video-preview":"max-video-preview:-1"},"canonical":"https:\/\/fisbein.com\/ca\/joia-art\/penjoll-gaudi-esmalt-translucid-vitralls\/","og_locale":"ca_ES","og_type":"article","og_title":"Penjoll Gaud\u00ed esmalt transl\u00facid vitralls - Fisbein","og_description":"Penjoll inspirat en els vitralls de Gaud\u00ed a la Casa Batll\u00f3 i Park G\u00fcell de Barcelona, amb bany de plata i esmalt transl\u00facid . Inclou cadena de 45 cm.","og_url":"https:\/\/fisbein.com\/ca\/joia-art\/penjoll-gaudi-esmalt-translucid-vitralls\/","og_site_name":"Fisbein","article_publisher":"https:\/\/www.facebook.com\/andrea.fisbein.5","article_modified_time":"2026-04-10T11:17:43+00:00","og_image":[{"width":1080,"height":1080,"url":"https:\/\/i0.wp.com\/fisbein.com\/wp-content\/uploads\/2026\/04\/GP-001-gaudi-vidrieras-translucido-FISBEIN-7.jpg?fit=1080%2C1080&quality=82&ssl=1","type":"image\/jpeg"}],"twitter_card":"summary_large_image","twitter_misc":{"Temps estimat de lectura":"1 minut"},"schema":{"@context":"https:\/\/schema.org","@graph":[{"@type":"WebPage","@id":"https:\/\/fisbein.com\/ca\/joia-art\/penjoll-gaudi-esmalt-translucid-vitralls\/","url":"https:\/\/fisbein.com\/ca\/joia-art\/penjoll-gaudi-esmalt-translucid-vitralls\/","name":"Penjoll Gaud\u00ed esmalt transl\u00facid vitralls - Fisbein","isPartOf":{"@id":"https:\/\/fisbein.com\/ca\/#website"},"primaryImageOfPage":{"@id":"https:\/\/fisbein.com\/ca\/joia-art\/penjoll-gaudi-esmalt-translucid-vitralls\/#primaryimage"},"image":{"@id":"https:\/\/fisbein.com\/ca\/joia-art\/penjoll-gaudi-esmalt-translucid-vitralls\/#primaryimage"},"thumbnailUrl":"https:\/\/i0.wp.com\/fisbein.com\/wp-content\/uploads\/2026\/04\/GP-001-gaudi-vidrieras-translucido-FISBEIN-7.jpg?fit=1080%2C1080&quality=82&ssl=1","datePublished":"2026-04-10T11:09:43+00:00","dateModified":"2026-04-10T11:17:43+00:00","description":"Penjoll inspirat en els vitralls de Gaud\u00ed a la Casa Batll\u00f3 i Park G\u00fcell de Barcelona, amb bany de plata i esmalt transl\u00facid . Inclou cadena de 45 cm.","breadcrumb":{"@id":"https:\/\/fisbein.com\/ca\/joia-art\/penjoll-gaudi-esmalt-translucid-vitralls\/#breadcrumb"},"inLanguage":"ca","potentialAction":[{"@type":"ReadAction","target":["https:\/\/fisbein.com\/ca\/joia-art\/penjoll-gaudi-esmalt-translucid-vitralls\/"]}]},{"@type":"ImageObject","inLanguage":"ca","@id":"https:\/\/fisbein.com\/ca\/joia-art\/penjoll-gaudi-esmalt-translucid-vitralls\/#primaryimage","url":"https:\/\/i0.wp.com\/fisbein.com\/wp-content\/uploads\/2026\/04\/GP-001-gaudi-vidrieras-translucido-FISBEIN-7.jpg?fit=1080%2C1080&quality=82&ssl=1","contentUrl":"https:\/\/i0.wp.com\/fisbein.com\/wp-content\/uploads\/2026\/04\/GP-001-gaudi-vidrieras-translucido-FISBEIN-7.jpg?fit=1080%2C1080&quality=82&ssl=1","width":1080,"height":1080},{"@type":"BreadcrumbList","@id":"https:\/\/fisbein.com\/ca\/joia-art\/penjoll-gaudi-esmalt-translucid-vitralls\/#breadcrumb","itemListElement":[{"@type":"ListItem","position":1,"name":"Portada","item":"https:\/\/fisbein.com\/ca\/"},{"@type":"ListItem","position":2,"name":"Botiga","item":"https:\/\/fisbein.com\/ca\/joies\/"},{"@type":"ListItem","position":3,"name":"Penjoll Gaud\u00ed esmalt transl\u00facid vitralls"}]},{"@type":"WebSite","@id":"https:\/\/fisbein.com\/ca\/#website","url":"https:\/\/fisbein.com\/ca\/","name":"Fisbein","description":"","publisher":{"@id":"https:\/\/fisbein.com\/ca\/#organization"},"potentialAction":[{"@type":"SearchAction","target":{"@type":"EntryPoint","urlTemplate":"https:\/\/fisbein.com\/ca\/?s={search_term_string}"},"query-input":{"@type":"PropertyValueSpecification","valueRequired":true,"valueName":"search_term_string"}}],"inLanguage":"ca"},{"@type":"Organization","@id":"https:\/\/fisbein.com\/ca\/#organization","name":"Fisbein","url":"https:\/\/fisbein.com\/ca\/","logo":{"@type":"ImageObject","inLanguage":"ca","@id":"https:\/\/fisbein.com\/ca\/#\/schema\/logo\/image\/","url":"https:\/\/fisbein.com\/wp-content\/uploads\/2026\/02\/logo-fisbein-seo.svg","contentUrl":"https:\/\/fisbein.com\/wp-content\/uploads\/2026\/02\/logo-fisbein-seo.svg","width":1,"height":1,"caption":"Fisbein"},"image":{"@id":"https:\/\/fisbein.com\/ca\/#\/schema\/logo\/image\/"},"sameAs":["https:\/\/www.facebook.com\/andrea.fisbein.5","https:\/\/www.instagram.com\/fisbein\/"]}]}},"jetpack_sharing_enabled":true,"_links":{"self":[{"href":"https:\/\/fisbein.com\/ca\/wp-json\/wp\/v2\/product\/3687","targetHints":{"allow":["GET"]}}],"collection":[{"href":"https:\/\/fisbein.com\/ca\/wp-json\/wp\/v2\/product"}],"about":[{"href":"https:\/\/fisbein.com\/ca\/wp-json\/wp\/v2\/types\/product"}],"replies":[{"embeddable":true,"href":"https:\/\/fisbein.com\/ca\/wp-json\/wp\/v2\/comments?post=3687"}],"wp:featuredmedia":[{"embeddable":true,"href":"https:\/\/fisbein.com\/ca\/wp-json\/wp\/v2\/media\/3676"}],"wp:attachment":[{"href":"https:\/\/fisbein.com\/ca\/wp-json\/wp\/v2\/media?parent=3687"}],"wp:term":[{"taxonomy":"coleccion","embeddable":true,"href":"https:\/\/fisbein.com\/ca\/wp-json\/wp\/v2\/coleccion?post=3687"},{"taxonomy":"product_brand","embeddable":true,"href":"https:\/\/fisbein.com\/ca\/wp-json\/wp\/v2\/product_brand?post=3687"},{"taxonomy":"product_cat","embeddable":true,"href":"https:\/\/fisbein.com\/ca\/wp-json\/wp\/v2\/product_cat?post=3687"},{"taxonomy":"product_tag","embeddable":true,"href":"https:\/\/fisbein.com\/ca\/wp-json\/wp\/v2\/product_tag?post=3687"}],"curies":[{"name":"wp","href":"https:\/\/api.w.org\/{rel}","templated":true}]}}