{"id":3672,"date":"2026-04-10T09:19:51","date_gmt":"2026-04-10T07:19:51","guid":{"rendered":"https:\/\/fisbein.com\/?post_type=product&#038;p=3672"},"modified":"2026-04-10T09:49:26","modified_gmt":"2026-04-10T09:49:26","slug":"anell-vitralls-gaudi","status":"publish","type":"product","link":"https:\/\/fisbein.com\/ca\/joia-art\/anell-vitralls-gaudi\/","title":{"rendered":"Anell Vitralls Gaud\u00ed"},"content":{"rendered":"","protected":false},"excerpt":{"rendered":"<p>Anell Gaud\u00ed amb bany de plata i esmalt transl\u00facid, inspirat en els vitralls de la Casa Batll\u00f3 i el Park G\u00fcell a Barcelona<\/p>\n","protected":false},"featured_media":3665,"comment_status":"open","ping_status":"closed","template":"","meta":{"_acf_changed":false},"coleccion":[180],"product_brand":[],"product_cat":[65],"product_tag":[],"class_list":{"0":"post-3672","1":"product","2":"type-product","3":"status-publish","4":"has-post-thumbnail","6":"coleccion-gaudi-barcelona","7":"product_cat-anells","8":"pa_acabados-banyat-plata","9":"pa_acabados-attr-acabados-plata-brillante-ca","10":"pa_materiales-attr-materiales-esmalte-ca","11":"pa_materiales-attr-materiales-esmalte-translucido-ca","12":"pa_materiales-joies-llauto","13":"pa_tallas-attr-tallas-12","14":"pa_tallas-attr-tallas-14","15":"pa_tallas-attr-tallas-16","16":"pa_tallas-attr-tallas-18","18":"first","19":"instock","20":"shipping-taxable","21":"purchasable","22":"product-type-variable"},"acf":[],"yoast_head":"<!-- This site is optimized with the Yoast SEO plugin v27.4 - https:\/\/yoast.com\/product\/yoast-seo-wordpress\/ -->\n<title>Anell Vitralls Gaud\u00ed - Fisbein<\/title>\n<meta name=\"description\" content=\"Anell Gaud\u00ed amb bany de plata i esmalt transl\u00facid, inspirat en els vitralls de la Casa Batll\u00f3 i el Park G\u00fcell a Barcelona\" \/>\n<meta name=\"robots\" content=\"index, follow, max-snippet:-1, max-image-preview:large, max-video-preview:-1\" \/>\n<link rel=\"canonical\" href=\"https:\/\/fisbein.com\/ca\/joia-art\/anell-vitralls-gaudi\/\" \/>\n<meta property=\"og:locale\" content=\"ca_ES\" \/>\n<meta property=\"og:type\" content=\"article\" \/>\n<meta property=\"og:title\" content=\"Anell Vitralls Gaud\u00ed - Fisbein\" \/>\n<meta property=\"og:description\" content=\"Anell Gaud\u00ed amb bany de plata i esmalt transl\u00facid, inspirat en els vitralls de la Casa Batll\u00f3 i el Park G\u00fcell a Barcelona\" \/>\n<meta property=\"og:url\" content=\"https:\/\/fisbein.com\/ca\/joia-art\/anell-vitralls-gaudi\/\" \/>\n<meta property=\"og:site_name\" content=\"Fisbein\" \/>\n<meta property=\"article:publisher\" content=\"https:\/\/www.facebook.com\/andrea.fisbein.5\" \/>\n<meta property=\"article:modified_time\" content=\"2026-04-10T09:49:26+00:00\" \/>\n<meta property=\"og:image\" content=\"https:\/\/i0.wp.com\/fisbein.com\/wp-content\/uploads\/2026\/04\/GA-001-gaudi-vidrieras-translucido-FISBEIN-1.jpg?fit=1080%2C1080&quality=82&ssl=1\" \/>\n\t<meta property=\"og:image:width\" content=\"1080\" \/>\n\t<meta property=\"og:image:height\" content=\"1080\" \/>\n\t<meta property=\"og:image:type\" content=\"image\/jpeg\" \/>\n<meta name=\"twitter:card\" content=\"summary_large_image\" \/>\n<script type=\"application\/ld+json\" class=\"yoast-schema-graph\">{\"@context\":\"https:\\\/\\\/schema.org\",\"@graph\":[{\"@type\":\"WebPage\",\"@id\":\"https:\\\/\\\/fisbein.com\\\/ca\\\/joia-art\\\/anell-vitralls-gaudi\\\/\",\"url\":\"https:\\\/\\\/fisbein.com\\\/ca\\\/joia-art\\\/anell-vitralls-gaudi\\\/\",\"name\":\"Anell Vitralls Gaud\u00ed - Fisbein\",\"isPartOf\":{\"@id\":\"https:\\\/\\\/fisbein.com\\\/ca\\\/#website\"},\"primaryImageOfPage\":{\"@id\":\"https:\\\/\\\/fisbein.com\\\/ca\\\/joia-art\\\/anell-vitralls-gaudi\\\/#primaryimage\"},\"image\":{\"@id\":\"https:\\\/\\\/fisbein.com\\\/ca\\\/joia-art\\\/anell-vitralls-gaudi\\\/#primaryimage\"},\"thumbnailUrl\":\"https:\\\/\\\/i0.wp.com\\\/fisbein.com\\\/wp-content\\\/uploads\\\/2026\\\/04\\\/GA-001-gaudi-vidrieras-translucido-FISBEIN-1.jpg?fit=1080%2C1080&quality=82&ssl=1\",\"datePublished\":\"2026-04-10T07:19:51+00:00\",\"dateModified\":\"2026-04-10T09:49:26+00:00\",\"description\":\"Anell Gaud\u00ed amb bany de plata i esmalt transl\u00facid, inspirat en els vitralls de la Casa Batll\u00f3 i el Park G\u00fcell a Barcelona\",\"breadcrumb\":{\"@id\":\"https:\\\/\\\/fisbein.com\\\/ca\\\/joia-art\\\/anell-vitralls-gaudi\\\/#breadcrumb\"},\"inLanguage\":\"ca\",\"potentialAction\":[{\"@type\":\"ReadAction\",\"target\":[\"https:\\\/\\\/fisbein.com\\\/ca\\\/joia-art\\\/anell-vitralls-gaudi\\\/\"]}]},{\"@type\":\"ImageObject\",\"inLanguage\":\"ca\",\"@id\":\"https:\\\/\\\/fisbein.com\\\/ca\\\/joia-art\\\/anell-vitralls-gaudi\\\/#primaryimage\",\"url\":\"https:\\\/\\\/i0.wp.com\\\/fisbein.com\\\/wp-content\\\/uploads\\\/2026\\\/04\\\/GA-001-gaudi-vidrieras-translucido-FISBEIN-1.jpg?fit=1080%2C1080&quality=82&ssl=1\",\"contentUrl\":\"https:\\\/\\\/i0.wp.com\\\/fisbein.com\\\/wp-content\\\/uploads\\\/2026\\\/04\\\/GA-001-gaudi-vidrieras-translucido-FISBEIN-1.jpg?fit=1080%2C1080&quality=82&ssl=1\",\"width\":1080,\"height\":1080},{\"@type\":\"BreadcrumbList\",\"@id\":\"https:\\\/\\\/fisbein.com\\\/ca\\\/joia-art\\\/anell-vitralls-gaudi\\\/#breadcrumb\",\"itemListElement\":[{\"@type\":\"ListItem\",\"position\":1,\"name\":\"Portada\",\"item\":\"https:\\\/\\\/fisbein.com\\\/ca\\\/\"},{\"@type\":\"ListItem\",\"position\":2,\"name\":\"Botiga\",\"item\":\"https:\\\/\\\/fisbein.com\\\/ca\\\/joies\\\/\"},{\"@type\":\"ListItem\",\"position\":3,\"name\":\"Anell Vitralls Gaud\u00ed\"}]},{\"@type\":\"WebSite\",\"@id\":\"https:\\\/\\\/fisbein.com\\\/ca\\\/#website\",\"url\":\"https:\\\/\\\/fisbein.com\\\/ca\\\/\",\"name\":\"Fisbein\",\"description\":\"\",\"publisher\":{\"@id\":\"https:\\\/\\\/fisbein.com\\\/ca\\\/#organization\"},\"potentialAction\":[{\"@type\":\"SearchAction\",\"target\":{\"@type\":\"EntryPoint\",\"urlTemplate\":\"https:\\\/\\\/fisbein.com\\\/ca\\\/?s={search_term_string}\"},\"query-input\":{\"@type\":\"PropertyValueSpecification\",\"valueRequired\":true,\"valueName\":\"search_term_string\"}}],\"inLanguage\":\"ca\"},{\"@type\":\"Organization\",\"@id\":\"https:\\\/\\\/fisbein.com\\\/ca\\\/#organization\",\"name\":\"Fisbein\",\"url\":\"https:\\\/\\\/fisbein.com\\\/ca\\\/\",\"logo\":{\"@type\":\"ImageObject\",\"inLanguage\":\"ca\",\"@id\":\"https:\\\/\\\/fisbein.com\\\/ca\\\/#\\\/schema\\\/logo\\\/image\\\/\",\"url\":\"https:\\\/\\\/fisbein.com\\\/wp-content\\\/uploads\\\/2026\\\/02\\\/logo-fisbein-seo.svg\",\"contentUrl\":\"https:\\\/\\\/fisbein.com\\\/wp-content\\\/uploads\\\/2026\\\/02\\\/logo-fisbein-seo.svg\",\"width\":1,\"height\":1,\"caption\":\"Fisbein\"},\"image\":{\"@id\":\"https:\\\/\\\/fisbein.com\\\/ca\\\/#\\\/schema\\\/logo\\\/image\\\/\"},\"sameAs\":[\"https:\\\/\\\/www.facebook.com\\\/andrea.fisbein.5\",\"https:\\\/\\\/www.instagram.com\\\/fisbein\\\/\"]}]}<\/script>\n<!-- \/ Yoast SEO plugin. -->","yoast_head_json":{"title":"Anell Vitralls Gaud\u00ed - Fisbein","description":"Anell Gaud\u00ed amb bany de plata i esmalt transl\u00facid, inspirat en els vitralls de la Casa Batll\u00f3 i el Park G\u00fcell a Barcelona","robots":{"index":"index","follow":"follow","max-snippet":"max-snippet:-1","max-image-preview":"max-image-preview:large","max-video-preview":"max-video-preview:-1"},"canonical":"https:\/\/fisbein.com\/ca\/joia-art\/anell-vitralls-gaudi\/","og_locale":"ca_ES","og_type":"article","og_title":"Anell Vitralls Gaud\u00ed - Fisbein","og_description":"Anell Gaud\u00ed amb bany de plata i esmalt transl\u00facid, inspirat en els vitralls de la Casa Batll\u00f3 i el Park G\u00fcell a Barcelona","og_url":"https:\/\/fisbein.com\/ca\/joia-art\/anell-vitralls-gaudi\/","og_site_name":"Fisbein","article_publisher":"https:\/\/www.facebook.com\/andrea.fisbein.5","article_modified_time":"2026-04-10T09:49:26+00:00","og_image":[{"width":1080,"height":1080,"url":"https:\/\/i0.wp.com\/fisbein.com\/wp-content\/uploads\/2026\/04\/GA-001-gaudi-vidrieras-translucido-FISBEIN-1.jpg?fit=1080%2C1080&quality=82&ssl=1","type":"image\/jpeg"}],"twitter_card":"summary_large_image","schema":{"@context":"https:\/\/schema.org","@graph":[{"@type":"WebPage","@id":"https:\/\/fisbein.com\/ca\/joia-art\/anell-vitralls-gaudi\/","url":"https:\/\/fisbein.com\/ca\/joia-art\/anell-vitralls-gaudi\/","name":"Anell Vitralls Gaud\u00ed - Fisbein","isPartOf":{"@id":"https:\/\/fisbein.com\/ca\/#website"},"primaryImageOfPage":{"@id":"https:\/\/fisbein.com\/ca\/joia-art\/anell-vitralls-gaudi\/#primaryimage"},"image":{"@id":"https:\/\/fisbein.com\/ca\/joia-art\/anell-vitralls-gaudi\/#primaryimage"},"thumbnailUrl":"https:\/\/i0.wp.com\/fisbein.com\/wp-content\/uploads\/2026\/04\/GA-001-gaudi-vidrieras-translucido-FISBEIN-1.jpg?fit=1080%2C1080&quality=82&ssl=1","datePublished":"2026-04-10T07:19:51+00:00","dateModified":"2026-04-10T09:49:26+00:00","description":"Anell Gaud\u00ed amb bany de plata i esmalt transl\u00facid, inspirat en els vitralls de la Casa Batll\u00f3 i el Park G\u00fcell a Barcelona","breadcrumb":{"@id":"https:\/\/fisbein.com\/ca\/joia-art\/anell-vitralls-gaudi\/#breadcrumb"},"inLanguage":"ca","potentialAction":[{"@type":"ReadAction","target":["https:\/\/fisbein.com\/ca\/joia-art\/anell-vitralls-gaudi\/"]}]},{"@type":"ImageObject","inLanguage":"ca","@id":"https:\/\/fisbein.com\/ca\/joia-art\/anell-vitralls-gaudi\/#primaryimage","url":"https:\/\/i0.wp.com\/fisbein.com\/wp-content\/uploads\/2026\/04\/GA-001-gaudi-vidrieras-translucido-FISBEIN-1.jpg?fit=1080%2C1080&quality=82&ssl=1","contentUrl":"https:\/\/i0.wp.com\/fisbein.com\/wp-content\/uploads\/2026\/04\/GA-001-gaudi-vidrieras-translucido-FISBEIN-1.jpg?fit=1080%2C1080&quality=82&ssl=1","width":1080,"height":1080},{"@type":"BreadcrumbList","@id":"https:\/\/fisbein.com\/ca\/joia-art\/anell-vitralls-gaudi\/#breadcrumb","itemListElement":[{"@type":"ListItem","position":1,"name":"Portada","item":"https:\/\/fisbein.com\/ca\/"},{"@type":"ListItem","position":2,"name":"Botiga","item":"https:\/\/fisbein.com\/ca\/joies\/"},{"@type":"ListItem","position":3,"name":"Anell Vitralls Gaud\u00ed"}]},{"@type":"WebSite","@id":"https:\/\/fisbein.com\/ca\/#website","url":"https:\/\/fisbein.com\/ca\/","name":"Fisbein","description":"","publisher":{"@id":"https:\/\/fisbein.com\/ca\/#organization"},"potentialAction":[{"@type":"SearchAction","target":{"@type":"EntryPoint","urlTemplate":"https:\/\/fisbein.com\/ca\/?s={search_term_string}"},"query-input":{"@type":"PropertyValueSpecification","valueRequired":true,"valueName":"search_term_string"}}],"inLanguage":"ca"},{"@type":"Organization","@id":"https:\/\/fisbein.com\/ca\/#organization","name":"Fisbein","url":"https:\/\/fisbein.com\/ca\/","logo":{"@type":"ImageObject","inLanguage":"ca","@id":"https:\/\/fisbein.com\/ca\/#\/schema\/logo\/image\/","url":"https:\/\/fisbein.com\/wp-content\/uploads\/2026\/02\/logo-fisbein-seo.svg","contentUrl":"https:\/\/fisbein.com\/wp-content\/uploads\/2026\/02\/logo-fisbein-seo.svg","width":1,"height":1,"caption":"Fisbein"},"image":{"@id":"https:\/\/fisbein.com\/ca\/#\/schema\/logo\/image\/"},"sameAs":["https:\/\/www.facebook.com\/andrea.fisbein.5","https:\/\/www.instagram.com\/fisbein\/"]}]}},"jetpack_sharing_enabled":true,"_links":{"self":[{"href":"https:\/\/fisbein.com\/ca\/wp-json\/wp\/v2\/product\/3672","targetHints":{"allow":["GET"]}}],"collection":[{"href":"https:\/\/fisbein.com\/ca\/wp-json\/wp\/v2\/product"}],"about":[{"href":"https:\/\/fisbein.com\/ca\/wp-json\/wp\/v2\/types\/product"}],"replies":[{"embeddable":true,"href":"https:\/\/fisbein.com\/ca\/wp-json\/wp\/v2\/comments?post=3672"}],"wp:featuredmedia":[{"embeddable":true,"href":"https:\/\/fisbein.com\/ca\/wp-json\/wp\/v2\/media\/3665"}],"wp:attachment":[{"href":"https:\/\/fisbein.com\/ca\/wp-json\/wp\/v2\/media?parent=3672"}],"wp:term":[{"taxonomy":"coleccion","embeddable":true,"href":"https:\/\/fisbein.com\/ca\/wp-json\/wp\/v2\/coleccion?post=3672"},{"taxonomy":"product_brand","embeddable":true,"href":"https:\/\/fisbein.com\/ca\/wp-json\/wp\/v2\/product_brand?post=3672"},{"taxonomy":"product_cat","embeddable":true,"href":"https:\/\/fisbein.com\/ca\/wp-json\/wp\/v2\/product_cat?post=3672"},{"taxonomy":"product_tag","embeddable":true,"href":"https:\/\/fisbein.com\/ca\/wp-json\/wp\/v2\/product_tag?post=3672"}],"curies":[{"name":"wp","href":"https:\/\/api.w.org\/{rel}","templated":true}]}}