{"id":1822,"date":"2026-02-17T23:40:19","date_gmt":"2026-02-17T23:40:19","guid":{"rendered":"https:\/\/fisbein.com\/?post_type=product&#038;p=1822"},"modified":"2026-02-23T12:46:24","modified_gmt":"2026-02-23T12:46:24","slug":"anell-cubista-esmalt-creuat-3-ratlles-de-colors","status":"publish","type":"product","link":"https:\/\/fisbein.com\/ca\/joia-art\/anell-cubista-esmalt-creuat-3-ratlles-de-colors\/","title":{"rendered":"Anell cubista esmalt creuat 3 ratlles de colors"},"content":{"rendered":"<p>DETALLS<br \/>\nCodi: CPR 005 \/ Anell cubista esmalt creuat 3 ratlles de colors<br \/>\nCol\u00b7lecci\u00f3: Cubisme<br \/>\nMaterials: Plata de llei amb bany de rodi i esmalt al foc<br \/>\nAcabats: Plata brillant<br \/>\nMesures: 13 mm d\u2019amplada \u00b7 2,5 mm de gruix<br \/>\nPes: 6,2 g<br \/>\nDESCRIPCI\u00d3<br \/>\nAnell d\u2019estil cubista en plata de llei amb bany de rodi i esmalt al foc. Dissenyat amb tres franges fines que alternen l\u00ednies bicolors, amb una d\u2019elles creuada per la part superior. La combinaci\u00f3 crom\u00e0tica s\u2019inspira en un recurs pict\u00f2ric present en l\u2019obra de Pablo Picasso: la repetici\u00f3 de l\u00ednies rectes en combinaci\u00f3 bicolor en zones dels seus quadres. La part inferior \u00e9s m\u00e9s prima per a m\u00e9s comoditat di\u00e0ria. Ideal per a qui cerca una joia de disseny amb est\u00e8tica art\u00edstica i un acabat d\u2019alta qualitat.<\/p>\n","protected":false},"excerpt":{"rendered":"<p>Anell cubista CPR 005 en plata de llei amb rodi i esmalt al foc. Tres ratlles bicolors amb creuat superior. Amplada 13 mm. Inspirat en Picasso.<\/p>\n","protected":false},"featured_media":2106,"comment_status":"open","ping_status":"closed","template":"","meta":{"_acf_changed":false},"coleccion":[173],"product_brand":[],"product_cat":[65],"product_tag":[],"class_list":{"0":"post-1822","1":"product","2":"type-product","3":"status-publish","4":"has-post-thumbnail","6":"coleccion-cubisme","7":"product_cat-anells","8":"pa_acabados-attr-acabados-plata-brillante-ca","9":"pa_materiales-attr-materiales-rodio-ca","10":"pa_materiales-attr-materiales-esmalte-ca","11":"pa_materiales-plata-de-llei","12":"pa_tallas-attr-tallas-12","13":"pa_tallas-attr-tallas-14","14":"pa_tallas-attr-tallas-16","15":"pa_tallas-attr-tallas-18","17":"first","18":"instock","19":"shipping-taxable","20":"purchasable","21":"product-type-variable"},"acf":[],"yoast_head":"<!-- This site is optimized with the Yoast SEO plugin v27.4 - https:\/\/yoast.com\/product\/yoast-seo-wordpress\/ -->\n<title>Anell cubista esmalt creuat 3 ratlles de colors - Fisbein<\/title>\n<meta name=\"description\" content=\"Anell cubista CPR 005 en plata de llei amb rodi i esmalt al foc. Tres ratlles bicolors amb creuat superior. Amplada 13 mm. Inspirat en Picasso.\" \/>\n<meta name=\"robots\" content=\"index, follow, max-snippet:-1, max-image-preview:large, max-video-preview:-1\" \/>\n<link rel=\"canonical\" href=\"https:\/\/fisbein.com\/ca\/joia-art\/anell-cubista-esmalt-creuat-3-ratlles-de-colors\/\" \/>\n<meta property=\"og:locale\" content=\"ca_ES\" \/>\n<meta property=\"og:type\" content=\"article\" \/>\n<meta property=\"og:title\" content=\"Anell cubista esmalt creuat 3 ratlles de colors - Fisbein\" \/>\n<meta property=\"og:description\" content=\"Anell cubista CPR 005 en plata de llei amb rodi i esmalt al foc. Tres ratlles bicolors amb creuat superior. Amplada 13 mm. Inspirat en Picasso.\" \/>\n<meta property=\"og:url\" content=\"https:\/\/fisbein.com\/ca\/joia-art\/anell-cubista-esmalt-creuat-3-ratlles-de-colors\/\" \/>\n<meta property=\"og:site_name\" content=\"Fisbein\" \/>\n<meta property=\"article:publisher\" content=\"https:\/\/www.facebook.com\/andrea.fisbein.5\" \/>\n<meta property=\"article:modified_time\" content=\"2026-02-23T12:46:24+00:00\" \/>\n<meta property=\"og:image\" content=\"https:\/\/i0.wp.com\/fisbein.com\/wp-content\/uploads\/2025\/12\/CPR-005-2.jpg?fit=1080%2C1080&quality=89&ssl=1\" \/>\n\t<meta property=\"og:image:width\" content=\"1080\" \/>\n\t<meta property=\"og:image:height\" content=\"1080\" \/>\n\t<meta property=\"og:image:type\" content=\"image\/jpeg\" \/>\n<meta name=\"twitter:card\" content=\"summary_large_image\" \/>\n<meta name=\"twitter:label1\" content=\"Temps estimat de lectura\" \/>\n\t<meta name=\"twitter:data1\" content=\"1 minut\" \/>\n<script type=\"application\/ld+json\" class=\"yoast-schema-graph\">{\"@context\":\"https:\\\/\\\/schema.org\",\"@graph\":[{\"@type\":\"WebPage\",\"@id\":\"https:\\\/\\\/fisbein.com\\\/ca\\\/joia-art\\\/anell-cubista-esmalt-creuat-3-ratlles-de-colors\\\/\",\"url\":\"https:\\\/\\\/fisbein.com\\\/ca\\\/joia-art\\\/anell-cubista-esmalt-creuat-3-ratlles-de-colors\\\/\",\"name\":\"Anell cubista esmalt creuat 3 ratlles de colors - Fisbein\",\"isPartOf\":{\"@id\":\"https:\\\/\\\/fisbein.com\\\/ca\\\/#website\"},\"primaryImageOfPage\":{\"@id\":\"https:\\\/\\\/fisbein.com\\\/ca\\\/joia-art\\\/anell-cubista-esmalt-creuat-3-ratlles-de-colors\\\/#primaryimage\"},\"image\":{\"@id\":\"https:\\\/\\\/fisbein.com\\\/ca\\\/joia-art\\\/anell-cubista-esmalt-creuat-3-ratlles-de-colors\\\/#primaryimage\"},\"thumbnailUrl\":\"https:\\\/\\\/i0.wp.com\\\/fisbein.com\\\/wp-content\\\/uploads\\\/2025\\\/12\\\/CPR-005-2.jpg?fit=1080%2C1080&quality=82&ssl=1\",\"datePublished\":\"2026-02-17T23:40:19+00:00\",\"dateModified\":\"2026-02-23T12:46:24+00:00\",\"description\":\"Anell cubista CPR 005 en plata de llei amb rodi i esmalt al foc. Tres ratlles bicolors amb creuat superior. Amplada 13 mm. Inspirat en Picasso.\",\"breadcrumb\":{\"@id\":\"https:\\\/\\\/fisbein.com\\\/ca\\\/joia-art\\\/anell-cubista-esmalt-creuat-3-ratlles-de-colors\\\/#breadcrumb\"},\"inLanguage\":\"ca\",\"potentialAction\":[{\"@type\":\"ReadAction\",\"target\":[\"https:\\\/\\\/fisbein.com\\\/ca\\\/joia-art\\\/anell-cubista-esmalt-creuat-3-ratlles-de-colors\\\/\"]}]},{\"@type\":\"ImageObject\",\"inLanguage\":\"ca\",\"@id\":\"https:\\\/\\\/fisbein.com\\\/ca\\\/joia-art\\\/anell-cubista-esmalt-creuat-3-ratlles-de-colors\\\/#primaryimage\",\"url\":\"https:\\\/\\\/i0.wp.com\\\/fisbein.com\\\/wp-content\\\/uploads\\\/2025\\\/12\\\/CPR-005-2.jpg?fit=1080%2C1080&quality=82&ssl=1\",\"contentUrl\":\"https:\\\/\\\/i0.wp.com\\\/fisbein.com\\\/wp-content\\\/uploads\\\/2025\\\/12\\\/CPR-005-2.jpg?fit=1080%2C1080&quality=82&ssl=1\",\"width\":1080,\"height\":1080},{\"@type\":\"BreadcrumbList\",\"@id\":\"https:\\\/\\\/fisbein.com\\\/ca\\\/joia-art\\\/anell-cubista-esmalt-creuat-3-ratlles-de-colors\\\/#breadcrumb\",\"itemListElement\":[{\"@type\":\"ListItem\",\"position\":1,\"name\":\"Portada\",\"item\":\"https:\\\/\\\/fisbein.com\\\/ca\\\/\"},{\"@type\":\"ListItem\",\"position\":2,\"name\":\"Botiga\",\"item\":\"https:\\\/\\\/fisbein.com\\\/ca\\\/joies\\\/\"},{\"@type\":\"ListItem\",\"position\":3,\"name\":\"Anell cubista esmalt creuat 3 ratlles de colors\"}]},{\"@type\":\"WebSite\",\"@id\":\"https:\\\/\\\/fisbein.com\\\/ca\\\/#website\",\"url\":\"https:\\\/\\\/fisbein.com\\\/ca\\\/\",\"name\":\"Fisbein\",\"description\":\"\",\"publisher\":{\"@id\":\"https:\\\/\\\/fisbein.com\\\/ca\\\/#organization\"},\"potentialAction\":[{\"@type\":\"SearchAction\",\"target\":{\"@type\":\"EntryPoint\",\"urlTemplate\":\"https:\\\/\\\/fisbein.com\\\/ca\\\/?s={search_term_string}\"},\"query-input\":{\"@type\":\"PropertyValueSpecification\",\"valueRequired\":true,\"valueName\":\"search_term_string\"}}],\"inLanguage\":\"ca\"},{\"@type\":\"Organization\",\"@id\":\"https:\\\/\\\/fisbein.com\\\/ca\\\/#organization\",\"name\":\"Fisbein\",\"url\":\"https:\\\/\\\/fisbein.com\\\/ca\\\/\",\"logo\":{\"@type\":\"ImageObject\",\"inLanguage\":\"ca\",\"@id\":\"https:\\\/\\\/fisbein.com\\\/ca\\\/#\\\/schema\\\/logo\\\/image\\\/\",\"url\":\"https:\\\/\\\/fisbein.com\\\/wp-content\\\/uploads\\\/2026\\\/02\\\/logo-fisbein-seo.svg\",\"contentUrl\":\"https:\\\/\\\/fisbein.com\\\/wp-content\\\/uploads\\\/2026\\\/02\\\/logo-fisbein-seo.svg\",\"width\":1,\"height\":1,\"caption\":\"Fisbein\"},\"image\":{\"@id\":\"https:\\\/\\\/fisbein.com\\\/ca\\\/#\\\/schema\\\/logo\\\/image\\\/\"},\"sameAs\":[\"https:\\\/\\\/www.facebook.com\\\/andrea.fisbein.5\",\"https:\\\/\\\/www.instagram.com\\\/fisbein\\\/\"]}]}<\/script>\n<!-- \/ Yoast SEO plugin. -->","yoast_head_json":{"title":"Anell cubista esmalt creuat 3 ratlles de colors - Fisbein","description":"Anell cubista CPR 005 en plata de llei amb rodi i esmalt al foc. Tres ratlles bicolors amb creuat superior. Amplada 13 mm. Inspirat en Picasso.","robots":{"index":"index","follow":"follow","max-snippet":"max-snippet:-1","max-image-preview":"max-image-preview:large","max-video-preview":"max-video-preview:-1"},"canonical":"https:\/\/fisbein.com\/ca\/joia-art\/anell-cubista-esmalt-creuat-3-ratlles-de-colors\/","og_locale":"ca_ES","og_type":"article","og_title":"Anell cubista esmalt creuat 3 ratlles de colors - Fisbein","og_description":"Anell cubista CPR 005 en plata de llei amb rodi i esmalt al foc. Tres ratlles bicolors amb creuat superior. Amplada 13 mm. Inspirat en Picasso.","og_url":"https:\/\/fisbein.com\/ca\/joia-art\/anell-cubista-esmalt-creuat-3-ratlles-de-colors\/","og_site_name":"Fisbein","article_publisher":"https:\/\/www.facebook.com\/andrea.fisbein.5","article_modified_time":"2026-02-23T12:46:24+00:00","og_image":[{"width":1080,"height":1080,"url":"https:\/\/i0.wp.com\/fisbein.com\/wp-content\/uploads\/2025\/12\/CPR-005-2.jpg?fit=1080%2C1080&quality=89&ssl=1","type":"image\/jpeg"}],"twitter_card":"summary_large_image","twitter_misc":{"Temps estimat de lectura":"1 minut"},"schema":{"@context":"https:\/\/schema.org","@graph":[{"@type":"WebPage","@id":"https:\/\/fisbein.com\/ca\/joia-art\/anell-cubista-esmalt-creuat-3-ratlles-de-colors\/","url":"https:\/\/fisbein.com\/ca\/joia-art\/anell-cubista-esmalt-creuat-3-ratlles-de-colors\/","name":"Anell cubista esmalt creuat 3 ratlles de colors - Fisbein","isPartOf":{"@id":"https:\/\/fisbein.com\/ca\/#website"},"primaryImageOfPage":{"@id":"https:\/\/fisbein.com\/ca\/joia-art\/anell-cubista-esmalt-creuat-3-ratlles-de-colors\/#primaryimage"},"image":{"@id":"https:\/\/fisbein.com\/ca\/joia-art\/anell-cubista-esmalt-creuat-3-ratlles-de-colors\/#primaryimage"},"thumbnailUrl":"https:\/\/i0.wp.com\/fisbein.com\/wp-content\/uploads\/2025\/12\/CPR-005-2.jpg?fit=1080%2C1080&quality=82&ssl=1","datePublished":"2026-02-17T23:40:19+00:00","dateModified":"2026-02-23T12:46:24+00:00","description":"Anell cubista CPR 005 en plata de llei amb rodi i esmalt al foc. Tres ratlles bicolors amb creuat superior. Amplada 13 mm. Inspirat en Picasso.","breadcrumb":{"@id":"https:\/\/fisbein.com\/ca\/joia-art\/anell-cubista-esmalt-creuat-3-ratlles-de-colors\/#breadcrumb"},"inLanguage":"ca","potentialAction":[{"@type":"ReadAction","target":["https:\/\/fisbein.com\/ca\/joia-art\/anell-cubista-esmalt-creuat-3-ratlles-de-colors\/"]}]},{"@type":"ImageObject","inLanguage":"ca","@id":"https:\/\/fisbein.com\/ca\/joia-art\/anell-cubista-esmalt-creuat-3-ratlles-de-colors\/#primaryimage","url":"https:\/\/i0.wp.com\/fisbein.com\/wp-content\/uploads\/2025\/12\/CPR-005-2.jpg?fit=1080%2C1080&quality=82&ssl=1","contentUrl":"https:\/\/i0.wp.com\/fisbein.com\/wp-content\/uploads\/2025\/12\/CPR-005-2.jpg?fit=1080%2C1080&quality=82&ssl=1","width":1080,"height":1080},{"@type":"BreadcrumbList","@id":"https:\/\/fisbein.com\/ca\/joia-art\/anell-cubista-esmalt-creuat-3-ratlles-de-colors\/#breadcrumb","itemListElement":[{"@type":"ListItem","position":1,"name":"Portada","item":"https:\/\/fisbein.com\/ca\/"},{"@type":"ListItem","position":2,"name":"Botiga","item":"https:\/\/fisbein.com\/ca\/joies\/"},{"@type":"ListItem","position":3,"name":"Anell cubista esmalt creuat 3 ratlles de colors"}]},{"@type":"WebSite","@id":"https:\/\/fisbein.com\/ca\/#website","url":"https:\/\/fisbein.com\/ca\/","name":"Fisbein","description":"","publisher":{"@id":"https:\/\/fisbein.com\/ca\/#organization"},"potentialAction":[{"@type":"SearchAction","target":{"@type":"EntryPoint","urlTemplate":"https:\/\/fisbein.com\/ca\/?s={search_term_string}"},"query-input":{"@type":"PropertyValueSpecification","valueRequired":true,"valueName":"search_term_string"}}],"inLanguage":"ca"},{"@type":"Organization","@id":"https:\/\/fisbein.com\/ca\/#organization","name":"Fisbein","url":"https:\/\/fisbein.com\/ca\/","logo":{"@type":"ImageObject","inLanguage":"ca","@id":"https:\/\/fisbein.com\/ca\/#\/schema\/logo\/image\/","url":"https:\/\/fisbein.com\/wp-content\/uploads\/2026\/02\/logo-fisbein-seo.svg","contentUrl":"https:\/\/fisbein.com\/wp-content\/uploads\/2026\/02\/logo-fisbein-seo.svg","width":1,"height":1,"caption":"Fisbein"},"image":{"@id":"https:\/\/fisbein.com\/ca\/#\/schema\/logo\/image\/"},"sameAs":["https:\/\/www.facebook.com\/andrea.fisbein.5","https:\/\/www.instagram.com\/fisbein\/"]}]}},"jetpack_sharing_enabled":true,"_links":{"self":[{"href":"https:\/\/fisbein.com\/ca\/wp-json\/wp\/v2\/product\/1822","targetHints":{"allow":["GET"]}}],"collection":[{"href":"https:\/\/fisbein.com\/ca\/wp-json\/wp\/v2\/product"}],"about":[{"href":"https:\/\/fisbein.com\/ca\/wp-json\/wp\/v2\/types\/product"}],"replies":[{"embeddable":true,"href":"https:\/\/fisbein.com\/ca\/wp-json\/wp\/v2\/comments?post=1822"}],"wp:featuredmedia":[{"embeddable":true,"href":"https:\/\/fisbein.com\/ca\/wp-json\/wp\/v2\/media\/2106"}],"wp:attachment":[{"href":"https:\/\/fisbein.com\/ca\/wp-json\/wp\/v2\/media?parent=1822"}],"wp:term":[{"taxonomy":"coleccion","embeddable":true,"href":"https:\/\/fisbein.com\/ca\/wp-json\/wp\/v2\/coleccion?post=1822"},{"taxonomy":"product_brand","embeddable":true,"href":"https:\/\/fisbein.com\/ca\/wp-json\/wp\/v2\/product_brand?post=1822"},{"taxonomy":"product_cat","embeddable":true,"href":"https:\/\/fisbein.com\/ca\/wp-json\/wp\/v2\/product_cat?post=1822"},{"taxonomy":"product_tag","embeddable":true,"href":"https:\/\/fisbein.com\/ca\/wp-json\/wp\/v2\/product_tag?post=1822"}],"curies":[{"name":"wp","href":"https:\/\/api.w.org\/{rel}","templated":true}]}}