{"id":1814,"date":"2026-02-17T23:40:17","date_gmt":"2026-02-17T23:40:17","guid":{"rendered":"https:\/\/fisbein.com\/?post_type=product&#038;p=1814"},"modified":"2026-03-17T15:59:12","modified_gmt":"2026-03-17T15:59:12","slug":"anell-de-plata-amb-esmalt-inspiracio-miro","status":"publish","type":"product","link":"https:\/\/fisbein.com\/ca\/joia-art\/anell-de-plata-amb-esmalt-inspiracio-miro\/","title":{"rendered":"Anell de plata amb esmalt, inspiraci\u00f3 Mir\u00f3"},"content":{"rendered":"<p>Anell de plata de llei amb esmalt al foc inspirat en la paleta viva i les formes lliures de Joan Mir\u00f3. El seu perfil estilitzat \u2014m\u00e9s prim a la part inferior i sense volums\u2014 el fa molt lleuger i c\u00f2mode, ideal per al dia a dia o per aportar un toc art\u00edstic en ocasions especials.<br \/>\nEl motiu interior reinterpreta els tra\u00e7os gestuals caracter\u00edstics, mentre que els colors intensos \u2014vermell, groc, verd, blau i negre\u2014 donen energia i personalitat a la pe\u00e7a.<br \/>\nEl bany de rodi protegeix el metall, potencia la lluentor i millora la resist\u00e8ncia al desgast, mantenint l\u2019anell com nou durant m\u00e9s temps.<\/p>\n","protected":false},"excerpt":{"rendered":"<p>Anell de plata de llei amb esmalt al foc inspirat en els colors i tra\u00e7os de Mir\u00f3. Lleuger i c\u00f2mode, banyat en rodi per m\u00e9s durabilitat de 11 mm d&#8217;ample.<\/p>\n","protected":false},"featured_media":2355,"comment_status":"open","ping_status":"closed","template":"","meta":{"_acf_changed":false},"coleccion":[],"product_brand":[],"product_cat":[65],"product_tag":[],"class_list":{"0":"post-1814","1":"product","2":"type-product","3":"status-publish","4":"has-post-thumbnail","6":"product_cat-anells","7":"pa_acabados-attr-acabados-plata-brillante-ca","8":"pa_materiales-attr-materiales-rodio-ca","9":"pa_materiales-attr-materiales-esmalte-ca","10":"pa_materiales-plata-de-llei","11":"pa_tallas-attr-tallas-12","12":"pa_tallas-attr-tallas-14","13":"pa_tallas-attr-tallas-16","14":"pa_tallas-attr-tallas-18","16":"first","17":"instock","18":"shipping-taxable","19":"purchasable","20":"product-type-variable"},"acf":[],"yoast_head":"<!-- This site is optimized with the Yoast SEO plugin v27.4 - https:\/\/yoast.com\/product\/yoast-seo-wordpress\/ -->\n<title>Anell de plata amb esmalt, inspiraci\u00f3 Mir\u00f3 - Fisbein<\/title>\n<meta name=\"description\" content=\"Anell de plata de llei amb esmalt al foc inspirat en els colors i tra\u00e7os de Mir\u00f3. Lleuger i c\u00f2mode, banyat en rodi per m\u00e9s durabilitat de 11 mm d&#039;ample.\" \/>\n<meta name=\"robots\" content=\"index, follow, max-snippet:-1, max-image-preview:large, max-video-preview:-1\" \/>\n<link rel=\"canonical\" href=\"https:\/\/fisbein.com\/ca\/joia-art\/anell-de-plata-amb-esmalt-inspiracio-miro\/\" \/>\n<meta property=\"og:locale\" content=\"ca_ES\" \/>\n<meta property=\"og:type\" content=\"article\" \/>\n<meta property=\"og:title\" content=\"Anell de plata amb esmalt, inspiraci\u00f3 Mir\u00f3 - Fisbein\" \/>\n<meta property=\"og:description\" content=\"Anell de plata de llei amb esmalt al foc inspirat en els colors i tra\u00e7os de Mir\u00f3. Lleuger i c\u00f2mode, banyat en rodi per m\u00e9s durabilitat de 11 mm d&#039;ample.\" \/>\n<meta property=\"og:url\" content=\"https:\/\/fisbein.com\/ca\/joia-art\/anell-de-plata-amb-esmalt-inspiracio-miro\/\" \/>\n<meta property=\"og:site_name\" content=\"Fisbein\" \/>\n<meta property=\"article:publisher\" content=\"https:\/\/www.facebook.com\/andrea.fisbein.5\" \/>\n<meta property=\"article:modified_time\" content=\"2026-03-17T15:59:12+00:00\" \/>\n<meta property=\"og:image\" content=\"https:\/\/i0.wp.com\/fisbein.com\/wp-content\/uploads\/2025\/12\/APR-030-Miro-FISBEIN-3.jpg?fit=1080%2C1080&quality=89&ssl=1\" \/>\n\t<meta property=\"og:image:width\" content=\"1080\" \/>\n\t<meta property=\"og:image:height\" content=\"1080\" \/>\n\t<meta property=\"og:image:type\" content=\"image\/jpeg\" \/>\n<meta name=\"twitter:card\" content=\"summary_large_image\" \/>\n<script type=\"application\/ld+json\" class=\"yoast-schema-graph\">{\"@context\":\"https:\\\/\\\/schema.org\",\"@graph\":[{\"@type\":\"WebPage\",\"@id\":\"https:\\\/\\\/fisbein.com\\\/ca\\\/joia-art\\\/anell-de-plata-amb-esmalt-inspiracio-miro\\\/\",\"url\":\"https:\\\/\\\/fisbein.com\\\/ca\\\/joia-art\\\/anell-de-plata-amb-esmalt-inspiracio-miro\\\/\",\"name\":\"Anell de plata amb esmalt, inspiraci\u00f3 Mir\u00f3 - Fisbein\",\"isPartOf\":{\"@id\":\"https:\\\/\\\/fisbein.com\\\/ca\\\/#website\"},\"primaryImageOfPage\":{\"@id\":\"https:\\\/\\\/fisbein.com\\\/ca\\\/joia-art\\\/anell-de-plata-amb-esmalt-inspiracio-miro\\\/#primaryimage\"},\"image\":{\"@id\":\"https:\\\/\\\/fisbein.com\\\/ca\\\/joia-art\\\/anell-de-plata-amb-esmalt-inspiracio-miro\\\/#primaryimage\"},\"thumbnailUrl\":\"https:\\\/\\\/i0.wp.com\\\/fisbein.com\\\/wp-content\\\/uploads\\\/2025\\\/12\\\/APR-030-Miro-FISBEIN-3.jpg?fit=1080%2C1080&quality=82&ssl=1\",\"datePublished\":\"2026-02-17T23:40:17+00:00\",\"dateModified\":\"2026-03-17T15:59:12+00:00\",\"description\":\"Anell de plata de llei amb esmalt al foc inspirat en els colors i tra\u00e7os de Mir\u00f3. Lleuger i c\u00f2mode, banyat en rodi per m\u00e9s durabilitat de 11 mm d'ample.\",\"breadcrumb\":{\"@id\":\"https:\\\/\\\/fisbein.com\\\/ca\\\/joia-art\\\/anell-de-plata-amb-esmalt-inspiracio-miro\\\/#breadcrumb\"},\"inLanguage\":\"ca\",\"potentialAction\":[{\"@type\":\"ReadAction\",\"target\":[\"https:\\\/\\\/fisbein.com\\\/ca\\\/joia-art\\\/anell-de-plata-amb-esmalt-inspiracio-miro\\\/\"]}]},{\"@type\":\"ImageObject\",\"inLanguage\":\"ca\",\"@id\":\"https:\\\/\\\/fisbein.com\\\/ca\\\/joia-art\\\/anell-de-plata-amb-esmalt-inspiracio-miro\\\/#primaryimage\",\"url\":\"https:\\\/\\\/i0.wp.com\\\/fisbein.com\\\/wp-content\\\/uploads\\\/2025\\\/12\\\/APR-030-Miro-FISBEIN-3.jpg?fit=1080%2C1080&quality=82&ssl=1\",\"contentUrl\":\"https:\\\/\\\/i0.wp.com\\\/fisbein.com\\\/wp-content\\\/uploads\\\/2025\\\/12\\\/APR-030-Miro-FISBEIN-3.jpg?fit=1080%2C1080&quality=82&ssl=1\",\"width\":1080,\"height\":1080},{\"@type\":\"BreadcrumbList\",\"@id\":\"https:\\\/\\\/fisbein.com\\\/ca\\\/joia-art\\\/anell-de-plata-amb-esmalt-inspiracio-miro\\\/#breadcrumb\",\"itemListElement\":[{\"@type\":\"ListItem\",\"position\":1,\"name\":\"Portada\",\"item\":\"https:\\\/\\\/fisbein.com\\\/ca\\\/\"},{\"@type\":\"ListItem\",\"position\":2,\"name\":\"Botiga\",\"item\":\"https:\\\/\\\/fisbein.com\\\/ca\\\/joies\\\/\"},{\"@type\":\"ListItem\",\"position\":3,\"name\":\"Anell de plata amb esmalt, inspiraci\u00f3 Mir\u00f3\"}]},{\"@type\":\"WebSite\",\"@id\":\"https:\\\/\\\/fisbein.com\\\/ca\\\/#website\",\"url\":\"https:\\\/\\\/fisbein.com\\\/ca\\\/\",\"name\":\"Fisbein\",\"description\":\"\",\"publisher\":{\"@id\":\"https:\\\/\\\/fisbein.com\\\/ca\\\/#organization\"},\"potentialAction\":[{\"@type\":\"SearchAction\",\"target\":{\"@type\":\"EntryPoint\",\"urlTemplate\":\"https:\\\/\\\/fisbein.com\\\/ca\\\/?s={search_term_string}\"},\"query-input\":{\"@type\":\"PropertyValueSpecification\",\"valueRequired\":true,\"valueName\":\"search_term_string\"}}],\"inLanguage\":\"ca\"},{\"@type\":\"Organization\",\"@id\":\"https:\\\/\\\/fisbein.com\\\/ca\\\/#organization\",\"name\":\"Fisbein\",\"url\":\"https:\\\/\\\/fisbein.com\\\/ca\\\/\",\"logo\":{\"@type\":\"ImageObject\",\"inLanguage\":\"ca\",\"@id\":\"https:\\\/\\\/fisbein.com\\\/ca\\\/#\\\/schema\\\/logo\\\/image\\\/\",\"url\":\"https:\\\/\\\/fisbein.com\\\/wp-content\\\/uploads\\\/2026\\\/02\\\/logo-fisbein-seo.svg\",\"contentUrl\":\"https:\\\/\\\/fisbein.com\\\/wp-content\\\/uploads\\\/2026\\\/02\\\/logo-fisbein-seo.svg\",\"width\":1,\"height\":1,\"caption\":\"Fisbein\"},\"image\":{\"@id\":\"https:\\\/\\\/fisbein.com\\\/ca\\\/#\\\/schema\\\/logo\\\/image\\\/\"},\"sameAs\":[\"https:\\\/\\\/www.facebook.com\\\/andrea.fisbein.5\",\"https:\\\/\\\/www.instagram.com\\\/fisbein\\\/\"]}]}<\/script>\n<!-- \/ Yoast SEO plugin. -->","yoast_head_json":{"title":"Anell de plata amb esmalt, inspiraci\u00f3 Mir\u00f3 - Fisbein","description":"Anell de plata de llei amb esmalt al foc inspirat en els colors i tra\u00e7os de Mir\u00f3. Lleuger i c\u00f2mode, banyat en rodi per m\u00e9s durabilitat de 11 mm d'ample.","robots":{"index":"index","follow":"follow","max-snippet":"max-snippet:-1","max-image-preview":"max-image-preview:large","max-video-preview":"max-video-preview:-1"},"canonical":"https:\/\/fisbein.com\/ca\/joia-art\/anell-de-plata-amb-esmalt-inspiracio-miro\/","og_locale":"ca_ES","og_type":"article","og_title":"Anell de plata amb esmalt, inspiraci\u00f3 Mir\u00f3 - Fisbein","og_description":"Anell de plata de llei amb esmalt al foc inspirat en els colors i tra\u00e7os de Mir\u00f3. Lleuger i c\u00f2mode, banyat en rodi per m\u00e9s durabilitat de 11 mm d'ample.","og_url":"https:\/\/fisbein.com\/ca\/joia-art\/anell-de-plata-amb-esmalt-inspiracio-miro\/","og_site_name":"Fisbein","article_publisher":"https:\/\/www.facebook.com\/andrea.fisbein.5","article_modified_time":"2026-03-17T15:59:12+00:00","og_image":[{"width":1080,"height":1080,"url":"https:\/\/i0.wp.com\/fisbein.com\/wp-content\/uploads\/2025\/12\/APR-030-Miro-FISBEIN-3.jpg?fit=1080%2C1080&quality=89&ssl=1","type":"image\/jpeg"}],"twitter_card":"summary_large_image","schema":{"@context":"https:\/\/schema.org","@graph":[{"@type":"WebPage","@id":"https:\/\/fisbein.com\/ca\/joia-art\/anell-de-plata-amb-esmalt-inspiracio-miro\/","url":"https:\/\/fisbein.com\/ca\/joia-art\/anell-de-plata-amb-esmalt-inspiracio-miro\/","name":"Anell de plata amb esmalt, inspiraci\u00f3 Mir\u00f3 - Fisbein","isPartOf":{"@id":"https:\/\/fisbein.com\/ca\/#website"},"primaryImageOfPage":{"@id":"https:\/\/fisbein.com\/ca\/joia-art\/anell-de-plata-amb-esmalt-inspiracio-miro\/#primaryimage"},"image":{"@id":"https:\/\/fisbein.com\/ca\/joia-art\/anell-de-plata-amb-esmalt-inspiracio-miro\/#primaryimage"},"thumbnailUrl":"https:\/\/i0.wp.com\/fisbein.com\/wp-content\/uploads\/2025\/12\/APR-030-Miro-FISBEIN-3.jpg?fit=1080%2C1080&quality=82&ssl=1","datePublished":"2026-02-17T23:40:17+00:00","dateModified":"2026-03-17T15:59:12+00:00","description":"Anell de plata de llei amb esmalt al foc inspirat en els colors i tra\u00e7os de Mir\u00f3. Lleuger i c\u00f2mode, banyat en rodi per m\u00e9s durabilitat de 11 mm d'ample.","breadcrumb":{"@id":"https:\/\/fisbein.com\/ca\/joia-art\/anell-de-plata-amb-esmalt-inspiracio-miro\/#breadcrumb"},"inLanguage":"ca","potentialAction":[{"@type":"ReadAction","target":["https:\/\/fisbein.com\/ca\/joia-art\/anell-de-plata-amb-esmalt-inspiracio-miro\/"]}]},{"@type":"ImageObject","inLanguage":"ca","@id":"https:\/\/fisbein.com\/ca\/joia-art\/anell-de-plata-amb-esmalt-inspiracio-miro\/#primaryimage","url":"https:\/\/i0.wp.com\/fisbein.com\/wp-content\/uploads\/2025\/12\/APR-030-Miro-FISBEIN-3.jpg?fit=1080%2C1080&quality=82&ssl=1","contentUrl":"https:\/\/i0.wp.com\/fisbein.com\/wp-content\/uploads\/2025\/12\/APR-030-Miro-FISBEIN-3.jpg?fit=1080%2C1080&quality=82&ssl=1","width":1080,"height":1080},{"@type":"BreadcrumbList","@id":"https:\/\/fisbein.com\/ca\/joia-art\/anell-de-plata-amb-esmalt-inspiracio-miro\/#breadcrumb","itemListElement":[{"@type":"ListItem","position":1,"name":"Portada","item":"https:\/\/fisbein.com\/ca\/"},{"@type":"ListItem","position":2,"name":"Botiga","item":"https:\/\/fisbein.com\/ca\/joies\/"},{"@type":"ListItem","position":3,"name":"Anell de plata amb esmalt, inspiraci\u00f3 Mir\u00f3"}]},{"@type":"WebSite","@id":"https:\/\/fisbein.com\/ca\/#website","url":"https:\/\/fisbein.com\/ca\/","name":"Fisbein","description":"","publisher":{"@id":"https:\/\/fisbein.com\/ca\/#organization"},"potentialAction":[{"@type":"SearchAction","target":{"@type":"EntryPoint","urlTemplate":"https:\/\/fisbein.com\/ca\/?s={search_term_string}"},"query-input":{"@type":"PropertyValueSpecification","valueRequired":true,"valueName":"search_term_string"}}],"inLanguage":"ca"},{"@type":"Organization","@id":"https:\/\/fisbein.com\/ca\/#organization","name":"Fisbein","url":"https:\/\/fisbein.com\/ca\/","logo":{"@type":"ImageObject","inLanguage":"ca","@id":"https:\/\/fisbein.com\/ca\/#\/schema\/logo\/image\/","url":"https:\/\/fisbein.com\/wp-content\/uploads\/2026\/02\/logo-fisbein-seo.svg","contentUrl":"https:\/\/fisbein.com\/wp-content\/uploads\/2026\/02\/logo-fisbein-seo.svg","width":1,"height":1,"caption":"Fisbein"},"image":{"@id":"https:\/\/fisbein.com\/ca\/#\/schema\/logo\/image\/"},"sameAs":["https:\/\/www.facebook.com\/andrea.fisbein.5","https:\/\/www.instagram.com\/fisbein\/"]}]}},"jetpack_sharing_enabled":true,"_links":{"self":[{"href":"https:\/\/fisbein.com\/ca\/wp-json\/wp\/v2\/product\/1814","targetHints":{"allow":["GET"]}}],"collection":[{"href":"https:\/\/fisbein.com\/ca\/wp-json\/wp\/v2\/product"}],"about":[{"href":"https:\/\/fisbein.com\/ca\/wp-json\/wp\/v2\/types\/product"}],"replies":[{"embeddable":true,"href":"https:\/\/fisbein.com\/ca\/wp-json\/wp\/v2\/comments?post=1814"}],"wp:featuredmedia":[{"embeddable":true,"href":"https:\/\/fisbein.com\/ca\/wp-json\/wp\/v2\/media\/2355"}],"wp:attachment":[{"href":"https:\/\/fisbein.com\/ca\/wp-json\/wp\/v2\/media?parent=1814"}],"wp:term":[{"taxonomy":"coleccion","embeddable":true,"href":"https:\/\/fisbein.com\/ca\/wp-json\/wp\/v2\/coleccion?post=1814"},{"taxonomy":"product_brand","embeddable":true,"href":"https:\/\/fisbein.com\/ca\/wp-json\/wp\/v2\/product_brand?post=1814"},{"taxonomy":"product_cat","embeddable":true,"href":"https:\/\/fisbein.com\/ca\/wp-json\/wp\/v2\/product_cat?post=1814"},{"taxonomy":"product_tag","embeddable":true,"href":"https:\/\/fisbein.com\/ca\/wp-json\/wp\/v2\/product_tag?post=1814"}],"curies":[{"name":"wp","href":"https:\/\/api.w.org\/{rel}","templated":true}]}}