{"id":1807,"date":"2026-02-17T23:40:15","date_gmt":"2026-02-17T23:40:15","guid":{"rendered":"https:\/\/fisbein.com\/?post_type=product&#038;p=1807"},"modified":"2026-03-17T16:05:12","modified_gmt":"2026-03-17T16:05:12","slug":"arracades-plata-esmalt-estil-kandinsky","status":"publish","type":"product","link":"https:\/\/fisbein.com\/ca\/joia-art\/arracades-plata-esmalt-estil-kandinsky\/","title":{"rendered":"Arracades plata esmalt estil Kandinsky"},"content":{"rendered":"<p>Arracades de plata i esmalt inspirat en les obres del fam\u00f3s pintor Vassily Kandinsky. Aquesta joia no est\u00e0 inspirada en una pintura concreta, sin\u00f3 que \u00e9s una representaci\u00f3 de les caracter\u00edstiques pict\u00f2riques m\u00e9s representatives de l&#8217;autor.<br \/>\nLes arracades tenen un fons blanc per ressaltar tots els colors i formes que componen el dibuix interior, on trobem els colors i figures m\u00e9s usades en les pintures del Kandinsky.<br \/>\nEl dibuix interior de les arracades \u00e9s alegre i elegant alhora. Tenen forma romboide i una petita part superior articulada on va el tancament del pendent que \u00e9s a pressi\u00f3 amb una papallona. Les arracades gr\u00e0cies a l&#8217;articulaci\u00f3 tenen un subtil moviment que d\u00f3na dinamisme a la pe\u00e7a<br \/>\nEls arracades estan realitzades en plata de llei amb esmalt al foc i un bany de rodi per a la seva conservaci\u00f3 \u00f2ptima.<\/p>\n","protected":false},"excerpt":{"rendered":"<p>Arracades de plata i esmalt inspirat en les obres del fam\u00f3s pintor Vassily Kandinsky. Aquesta joia no est\u00e0 inspirada en una pintura concreta, sin\u00f3 que \u00e9s una representaci\u00f3 de les caracter\u00edstiques pict\u00f2riques m\u00e9s representatives de l&#8217;autor.<br \/>\nLes arracades tenen un fons blanc per ressaltar tots els colors i formes que componen el dibuix interior.<\/p>\n","protected":false},"featured_media":2525,"comment_status":"open","ping_status":"closed","template":"","meta":{"_acf_changed":false},"coleccion":[187],"product_brand":[],"product_cat":[74,219],"product_tag":[],"class_list":{"0":"post-1807","1":"product","2":"type-product","3":"status-publish","4":"has-post-thumbnail","6":"coleccion-pintors-abstractes","7":"product_cat-arracades","8":"product_cat-outlet","9":"pa_acabados-attr-acabados-plata-brillante-ca","10":"pa_acabados-attr-acabados-cierre-presion-ca","11":"pa_materiales-attr-materiales-rodio-ca","12":"pa_materiales-attr-materiales-esmalte-ca","13":"pa_materiales-plata-de-llei","15":"first","16":"instock","17":"sale","18":"shipping-taxable","19":"purchasable","20":"product-type-simple"},"acf":[],"yoast_head":"<!-- This site is optimized with the Yoast SEO plugin v27.4 - https:\/\/yoast.com\/product\/yoast-seo-wordpress\/ -->\n<title>Arracades plata esmalt estil Kandinsky - Fisbein<\/title>\n<meta name=\"description\" content=\"Arracades de plata i esmalt inspirat en les obres de Vassily Kandinsky. \u00c9s una representaci\u00f3 de les caracter\u00edstiques pict\u00f2riques m\u00e9s representatives\" \/>\n<meta name=\"robots\" content=\"index, follow, max-snippet:-1, max-image-preview:large, max-video-preview:-1\" \/>\n<link rel=\"canonical\" href=\"https:\/\/fisbein.com\/ca\/joia-art\/arracades-plata-esmalt-estil-kandinsky\/\" \/>\n<meta property=\"og:locale\" content=\"ca_ES\" \/>\n<meta property=\"og:type\" content=\"article\" \/>\n<meta property=\"og:title\" content=\"Arracades plata esmalt estil Kandinsky - Fisbein\" \/>\n<meta property=\"og:description\" content=\"Arracades de plata i esmalt inspirat en les obres de Vassily Kandinsky. \u00c9s una representaci\u00f3 de les caracter\u00edstiques pict\u00f2riques m\u00e9s representatives\" \/>\n<meta property=\"og:url\" content=\"https:\/\/fisbein.com\/ca\/joia-art\/arracades-plata-esmalt-estil-kandinsky\/\" \/>\n<meta property=\"og:site_name\" content=\"Fisbein\" \/>\n<meta property=\"article:publisher\" content=\"https:\/\/www.facebook.com\/andrea.fisbein.5\" \/>\n<meta property=\"article:modified_time\" content=\"2026-03-17T16:05:12+00:00\" \/>\n<meta property=\"og:image\" content=\"https:\/\/i0.wp.com\/fisbein.com\/wp-content\/uploads\/2025\/12\/Kandinsky-style-by-FISBEIN-4.jpg?fit=1080%2C1080&quality=89&ssl=1\" \/>\n\t<meta property=\"og:image:width\" content=\"1080\" \/>\n\t<meta property=\"og:image:height\" content=\"1080\" \/>\n\t<meta property=\"og:image:type\" content=\"image\/jpeg\" \/>\n<meta name=\"twitter:card\" content=\"summary_large_image\" \/>\n<meta name=\"twitter:label1\" content=\"Temps estimat de lectura\" \/>\n\t<meta name=\"twitter:data1\" content=\"1 minut\" \/>\n<script type=\"application\/ld+json\" class=\"yoast-schema-graph\">{\"@context\":\"https:\\\/\\\/schema.org\",\"@graph\":[{\"@type\":\"WebPage\",\"@id\":\"https:\\\/\\\/fisbein.com\\\/ca\\\/joia-art\\\/arracades-plata-esmalt-estil-kandinsky\\\/\",\"url\":\"https:\\\/\\\/fisbein.com\\\/ca\\\/joia-art\\\/arracades-plata-esmalt-estil-kandinsky\\\/\",\"name\":\"Arracades plata esmalt estil Kandinsky - Fisbein\",\"isPartOf\":{\"@id\":\"https:\\\/\\\/fisbein.com\\\/ca\\\/#website\"},\"primaryImageOfPage\":{\"@id\":\"https:\\\/\\\/fisbein.com\\\/ca\\\/joia-art\\\/arracades-plata-esmalt-estil-kandinsky\\\/#primaryimage\"},\"image\":{\"@id\":\"https:\\\/\\\/fisbein.com\\\/ca\\\/joia-art\\\/arracades-plata-esmalt-estil-kandinsky\\\/#primaryimage\"},\"thumbnailUrl\":\"https:\\\/\\\/i0.wp.com\\\/fisbein.com\\\/wp-content\\\/uploads\\\/2025\\\/12\\\/Kandinsky-style-by-FISBEIN-4.jpg?fit=1080%2C1080&quality=82&ssl=1\",\"datePublished\":\"2026-02-17T23:40:15+00:00\",\"dateModified\":\"2026-03-17T16:05:12+00:00\",\"description\":\"Arracades de plata i esmalt inspirat en les obres de Vassily Kandinsky. \u00c9s una representaci\u00f3 de les caracter\u00edstiques pict\u00f2riques m\u00e9s representatives\",\"breadcrumb\":{\"@id\":\"https:\\\/\\\/fisbein.com\\\/ca\\\/joia-art\\\/arracades-plata-esmalt-estil-kandinsky\\\/#breadcrumb\"},\"inLanguage\":\"ca\",\"potentialAction\":[{\"@type\":\"ReadAction\",\"target\":[\"https:\\\/\\\/fisbein.com\\\/ca\\\/joia-art\\\/arracades-plata-esmalt-estil-kandinsky\\\/\"]}]},{\"@type\":\"ImageObject\",\"inLanguage\":\"ca\",\"@id\":\"https:\\\/\\\/fisbein.com\\\/ca\\\/joia-art\\\/arracades-plata-esmalt-estil-kandinsky\\\/#primaryimage\",\"url\":\"https:\\\/\\\/i0.wp.com\\\/fisbein.com\\\/wp-content\\\/uploads\\\/2025\\\/12\\\/Kandinsky-style-by-FISBEIN-4.jpg?fit=1080%2C1080&quality=82&ssl=1\",\"contentUrl\":\"https:\\\/\\\/i0.wp.com\\\/fisbein.com\\\/wp-content\\\/uploads\\\/2025\\\/12\\\/Kandinsky-style-by-FISBEIN-4.jpg?fit=1080%2C1080&quality=82&ssl=1\",\"width\":1080,\"height\":1080},{\"@type\":\"BreadcrumbList\",\"@id\":\"https:\\\/\\\/fisbein.com\\\/ca\\\/joia-art\\\/arracades-plata-esmalt-estil-kandinsky\\\/#breadcrumb\",\"itemListElement\":[{\"@type\":\"ListItem\",\"position\":1,\"name\":\"Portada\",\"item\":\"https:\\\/\\\/fisbein.com\\\/ca\\\/\"},{\"@type\":\"ListItem\",\"position\":2,\"name\":\"Botiga\",\"item\":\"https:\\\/\\\/fisbein.com\\\/ca\\\/joies\\\/\"},{\"@type\":\"ListItem\",\"position\":3,\"name\":\"Arracades plata esmalt estil Kandinsky\"}]},{\"@type\":\"WebSite\",\"@id\":\"https:\\\/\\\/fisbein.com\\\/ca\\\/#website\",\"url\":\"https:\\\/\\\/fisbein.com\\\/ca\\\/\",\"name\":\"Fisbein\",\"description\":\"\",\"publisher\":{\"@id\":\"https:\\\/\\\/fisbein.com\\\/ca\\\/#organization\"},\"potentialAction\":[{\"@type\":\"SearchAction\",\"target\":{\"@type\":\"EntryPoint\",\"urlTemplate\":\"https:\\\/\\\/fisbein.com\\\/ca\\\/?s={search_term_string}\"},\"query-input\":{\"@type\":\"PropertyValueSpecification\",\"valueRequired\":true,\"valueName\":\"search_term_string\"}}],\"inLanguage\":\"ca\"},{\"@type\":\"Organization\",\"@id\":\"https:\\\/\\\/fisbein.com\\\/ca\\\/#organization\",\"name\":\"Fisbein\",\"url\":\"https:\\\/\\\/fisbein.com\\\/ca\\\/\",\"logo\":{\"@type\":\"ImageObject\",\"inLanguage\":\"ca\",\"@id\":\"https:\\\/\\\/fisbein.com\\\/ca\\\/#\\\/schema\\\/logo\\\/image\\\/\",\"url\":\"https:\\\/\\\/fisbein.com\\\/wp-content\\\/uploads\\\/2026\\\/02\\\/logo-fisbein-seo.svg\",\"contentUrl\":\"https:\\\/\\\/fisbein.com\\\/wp-content\\\/uploads\\\/2026\\\/02\\\/logo-fisbein-seo.svg\",\"width\":1,\"height\":1,\"caption\":\"Fisbein\"},\"image\":{\"@id\":\"https:\\\/\\\/fisbein.com\\\/ca\\\/#\\\/schema\\\/logo\\\/image\\\/\"},\"sameAs\":[\"https:\\\/\\\/www.facebook.com\\\/andrea.fisbein.5\",\"https:\\\/\\\/www.instagram.com\\\/fisbein\\\/\"]}]}<\/script>\n<!-- \/ Yoast SEO plugin. -->","yoast_head_json":{"title":"Arracades plata esmalt estil Kandinsky - Fisbein","description":"Arracades de plata i esmalt inspirat en les obres de Vassily Kandinsky. \u00c9s una representaci\u00f3 de les caracter\u00edstiques pict\u00f2riques m\u00e9s representatives","robots":{"index":"index","follow":"follow","max-snippet":"max-snippet:-1","max-image-preview":"max-image-preview:large","max-video-preview":"max-video-preview:-1"},"canonical":"https:\/\/fisbein.com\/ca\/joia-art\/arracades-plata-esmalt-estil-kandinsky\/","og_locale":"ca_ES","og_type":"article","og_title":"Arracades plata esmalt estil Kandinsky - Fisbein","og_description":"Arracades de plata i esmalt inspirat en les obres de Vassily Kandinsky. \u00c9s una representaci\u00f3 de les caracter\u00edstiques pict\u00f2riques m\u00e9s representatives","og_url":"https:\/\/fisbein.com\/ca\/joia-art\/arracades-plata-esmalt-estil-kandinsky\/","og_site_name":"Fisbein","article_publisher":"https:\/\/www.facebook.com\/andrea.fisbein.5","article_modified_time":"2026-03-17T16:05:12+00:00","og_image":[{"width":1080,"height":1080,"url":"https:\/\/i0.wp.com\/fisbein.com\/wp-content\/uploads\/2025\/12\/Kandinsky-style-by-FISBEIN-4.jpg?fit=1080%2C1080&quality=89&ssl=1","type":"image\/jpeg"}],"twitter_card":"summary_large_image","twitter_misc":{"Temps estimat de lectura":"1 minut"},"schema":{"@context":"https:\/\/schema.org","@graph":[{"@type":"WebPage","@id":"https:\/\/fisbein.com\/ca\/joia-art\/arracades-plata-esmalt-estil-kandinsky\/","url":"https:\/\/fisbein.com\/ca\/joia-art\/arracades-plata-esmalt-estil-kandinsky\/","name":"Arracades plata esmalt estil Kandinsky - Fisbein","isPartOf":{"@id":"https:\/\/fisbein.com\/ca\/#website"},"primaryImageOfPage":{"@id":"https:\/\/fisbein.com\/ca\/joia-art\/arracades-plata-esmalt-estil-kandinsky\/#primaryimage"},"image":{"@id":"https:\/\/fisbein.com\/ca\/joia-art\/arracades-plata-esmalt-estil-kandinsky\/#primaryimage"},"thumbnailUrl":"https:\/\/i0.wp.com\/fisbein.com\/wp-content\/uploads\/2025\/12\/Kandinsky-style-by-FISBEIN-4.jpg?fit=1080%2C1080&quality=82&ssl=1","datePublished":"2026-02-17T23:40:15+00:00","dateModified":"2026-03-17T16:05:12+00:00","description":"Arracades de plata i esmalt inspirat en les obres de Vassily Kandinsky. \u00c9s una representaci\u00f3 de les caracter\u00edstiques pict\u00f2riques m\u00e9s representatives","breadcrumb":{"@id":"https:\/\/fisbein.com\/ca\/joia-art\/arracades-plata-esmalt-estil-kandinsky\/#breadcrumb"},"inLanguage":"ca","potentialAction":[{"@type":"ReadAction","target":["https:\/\/fisbein.com\/ca\/joia-art\/arracades-plata-esmalt-estil-kandinsky\/"]}]},{"@type":"ImageObject","inLanguage":"ca","@id":"https:\/\/fisbein.com\/ca\/joia-art\/arracades-plata-esmalt-estil-kandinsky\/#primaryimage","url":"https:\/\/i0.wp.com\/fisbein.com\/wp-content\/uploads\/2025\/12\/Kandinsky-style-by-FISBEIN-4.jpg?fit=1080%2C1080&quality=82&ssl=1","contentUrl":"https:\/\/i0.wp.com\/fisbein.com\/wp-content\/uploads\/2025\/12\/Kandinsky-style-by-FISBEIN-4.jpg?fit=1080%2C1080&quality=82&ssl=1","width":1080,"height":1080},{"@type":"BreadcrumbList","@id":"https:\/\/fisbein.com\/ca\/joia-art\/arracades-plata-esmalt-estil-kandinsky\/#breadcrumb","itemListElement":[{"@type":"ListItem","position":1,"name":"Portada","item":"https:\/\/fisbein.com\/ca\/"},{"@type":"ListItem","position":2,"name":"Botiga","item":"https:\/\/fisbein.com\/ca\/joies\/"},{"@type":"ListItem","position":3,"name":"Arracades plata esmalt estil Kandinsky"}]},{"@type":"WebSite","@id":"https:\/\/fisbein.com\/ca\/#website","url":"https:\/\/fisbein.com\/ca\/","name":"Fisbein","description":"","publisher":{"@id":"https:\/\/fisbein.com\/ca\/#organization"},"potentialAction":[{"@type":"SearchAction","target":{"@type":"EntryPoint","urlTemplate":"https:\/\/fisbein.com\/ca\/?s={search_term_string}"},"query-input":{"@type":"PropertyValueSpecification","valueRequired":true,"valueName":"search_term_string"}}],"inLanguage":"ca"},{"@type":"Organization","@id":"https:\/\/fisbein.com\/ca\/#organization","name":"Fisbein","url":"https:\/\/fisbein.com\/ca\/","logo":{"@type":"ImageObject","inLanguage":"ca","@id":"https:\/\/fisbein.com\/ca\/#\/schema\/logo\/image\/","url":"https:\/\/fisbein.com\/wp-content\/uploads\/2026\/02\/logo-fisbein-seo.svg","contentUrl":"https:\/\/fisbein.com\/wp-content\/uploads\/2026\/02\/logo-fisbein-seo.svg","width":1,"height":1,"caption":"Fisbein"},"image":{"@id":"https:\/\/fisbein.com\/ca\/#\/schema\/logo\/image\/"},"sameAs":["https:\/\/www.facebook.com\/andrea.fisbein.5","https:\/\/www.instagram.com\/fisbein\/"]}]}},"jetpack_sharing_enabled":true,"_links":{"self":[{"href":"https:\/\/fisbein.com\/ca\/wp-json\/wp\/v2\/product\/1807","targetHints":{"allow":["GET"]}}],"collection":[{"href":"https:\/\/fisbein.com\/ca\/wp-json\/wp\/v2\/product"}],"about":[{"href":"https:\/\/fisbein.com\/ca\/wp-json\/wp\/v2\/types\/product"}],"replies":[{"embeddable":true,"href":"https:\/\/fisbein.com\/ca\/wp-json\/wp\/v2\/comments?post=1807"}],"wp:featuredmedia":[{"embeddable":true,"href":"https:\/\/fisbein.com\/ca\/wp-json\/wp\/v2\/media\/2525"}],"wp:attachment":[{"href":"https:\/\/fisbein.com\/ca\/wp-json\/wp\/v2\/media?parent=1807"}],"wp:term":[{"taxonomy":"coleccion","embeddable":true,"href":"https:\/\/fisbein.com\/ca\/wp-json\/wp\/v2\/coleccion?post=1807"},{"taxonomy":"product_brand","embeddable":true,"href":"https:\/\/fisbein.com\/ca\/wp-json\/wp\/v2\/product_brand?post=1807"},{"taxonomy":"product_cat","embeddable":true,"href":"https:\/\/fisbein.com\/ca\/wp-json\/wp\/v2\/product_cat?post=1807"},{"taxonomy":"product_tag","embeddable":true,"href":"https:\/\/fisbein.com\/ca\/wp-json\/wp\/v2\/product_tag?post=1807"}],"curies":[{"name":"wp","href":"https:\/\/api.w.org\/{rel}","templated":true}]}}