{"id":1800,"date":"2026-02-17T23:39:52","date_gmt":"2026-02-17T23:39:52","guid":{"rendered":"https:\/\/fisbein.com\/?post_type=product&#038;p=1800"},"modified":"2026-02-17T23:57:26","modified_gmt":"2026-02-17T23:57:26","slug":"penjoll-plata-esmalt-delaunay-ritme-sense-fi","status":"publish","type":"product","link":"https:\/\/fisbein.com\/ca\/joia-art\/penjoll-plata-esmalt-delaunay-ritme-sense-fi\/","title":{"rendered":"Penjoll plata esmalt Delaunay ritme sense fi"},"content":{"rendered":"<p>DETALLS<br \/>\nCodi: APP 002 Penjoll plata esmalt Delaunay ritme sense fi<br \/>\nCol\u00b7lecci\u00f3: Pintors Abstractes.<br \/>\nMaterials: Esmalt al foc i plata de llei banyada amb rodi. Cadena plata de llei<br \/>\nAcabats: Plata brillant.<br \/>\nMides: Penjoll 30 mm de llarg, 8 mm d&#8217;amplada i 1,2 mm de gruix. Cadena 45 cm llarg (18\u201d) i 1 mm de gruix.<br \/>\nPes: 4,7 gr.<\/p>\n<p>DESCRIPCI\u00d3<br \/>\nPenjoll de plata i esmalt inspirat en la pintura Ritme sense fi de l&#8217;any 1934 de l&#8217;autor Robert Delaunay.<br \/>\nEl delicat dibuix interior del penjoll \u00e9s una r\u00e8plica del quadre de Delaunay, compost per diversos cercles de diferents mides i alegres tonalitats donant a la pe\u00e7a una personalitat \u00fanica, que juntament amb la seva petita mida donen eleg\u00e0ncia a la joia i la fan perfecta per a qualsevol ocasi\u00f3.<br \/>\nEl penjoll inclou cadena model cua de ratol\u00ed de 45 cm llarg (18\u201d) i 1 mm de gruix. A causa de la seva mida redu\u00efda el penjoll \u00e9s molt c\u00f2mode i pr\u00e0ctic.<br \/>\n El penjoll est\u00e0 realitzat en plata de llei amb esmalt al foc i un bany de rodi per a la seva conservaci\u00f3 \u00f2ptima. I la cadena de plata de llei.<\/p>\n","protected":false},"excerpt":{"rendered":"<p>Penjoll allargat i esmalt inspirats en l&#8217;obra Ritme sense fi de l&#8217;any 1934 de l&#8217;autor Robert Delaunay.<br \/>\nEl delicat dibuix interior de l&#8217;anell \u00e9s una r\u00e8plica del quadre de Delaunay, compost per diversos cercles de diferents mides i alegres tonalitats. Inclou cadena de 45 cm de llargada<\/p>\n","protected":false},"featured_media":2537,"comment_status":"open","ping_status":"closed","template":"","meta":{"_acf_changed":false},"coleccion":[187],"product_brand":[],"product_cat":[70],"product_tag":[],"class_list":{"0":"post-1800","1":"product","2":"type-product","3":"status-publish","4":"has-post-thumbnail","6":"coleccion-pintors-abstractes","7":"product_cat-penjolls","8":"pa_acabados-attr-acabados-plata-brillante-ca","9":"pa_materiales-attr-materiales-rodio-ca","10":"pa_materiales-attr-materiales-esmalte-ca","11":"pa_materiales-plata-de-llei","13":"first","14":"instock","15":"shipping-taxable","16":"purchasable","17":"product-type-simple"},"acf":[],"yoast_head":"<!-- This site is optimized with the Yoast SEO plugin v27.4 - https:\/\/yoast.com\/product\/yoast-seo-wordpress\/ -->\n<title>Penjoll plata esmalt Delaunay ritme sense fi - Fisbein<\/title>\n<meta name=\"description\" content=\"Penjoll de plata i esmalt r\u00e8plica de l&#039;obra Ritme sense fi de l&#039;any 1934 de Robert Delaunay. El dibuix de l&#039;anell est\u00e0 compost de cercles i tonalitats.\" \/>\n<meta name=\"robots\" content=\"index, follow, max-snippet:-1, max-image-preview:large, max-video-preview:-1\" \/>\n<link rel=\"canonical\" href=\"https:\/\/fisbein.com\/ca\/joia-art\/penjoll-plata-esmalt-delaunay-ritme-sense-fi\/\" \/>\n<meta property=\"og:locale\" content=\"ca_ES\" \/>\n<meta property=\"og:type\" content=\"article\" \/>\n<meta property=\"og:title\" content=\"Penjoll plata esmalt Delaunay ritme sense fi - Fisbein\" \/>\n<meta property=\"og:description\" content=\"Penjoll de plata i esmalt r\u00e8plica de l&#039;obra Ritme sense fi de l&#039;any 1934 de Robert Delaunay. El dibuix de l&#039;anell est\u00e0 compost de cercles i tonalitats.\" \/>\n<meta property=\"og:url\" content=\"https:\/\/fisbein.com\/ca\/joia-art\/penjoll-plata-esmalt-delaunay-ritme-sense-fi\/\" \/>\n<meta property=\"og:site_name\" content=\"Fisbein\" \/>\n<meta property=\"article:publisher\" content=\"https:\/\/www.facebook.com\/andrea.fisbein.5\" \/>\n<meta property=\"article:modified_time\" content=\"2026-02-17T23:57:26+00:00\" \/>\n<meta property=\"og:image\" content=\"https:\/\/i0.wp.com\/fisbein.com\/wp-content\/uploads\/2025\/12\/Delaunay-Endless-Rythm-1934-by-FISBEIN-5.jpg?fit=1080%2C1080&quality=89&ssl=1\" \/>\n\t<meta property=\"og:image:width\" content=\"1080\" \/>\n\t<meta property=\"og:image:height\" content=\"1080\" \/>\n\t<meta property=\"og:image:type\" content=\"image\/jpeg\" \/>\n<meta name=\"twitter:card\" content=\"summary_large_image\" \/>\n<meta name=\"twitter:label1\" content=\"Temps estimat de lectura\" \/>\n\t<meta name=\"twitter:data1\" content=\"1 minut\" \/>\n<script type=\"application\/ld+json\" class=\"yoast-schema-graph\">{\"@context\":\"https:\\\/\\\/schema.org\",\"@graph\":[{\"@type\":\"WebPage\",\"@id\":\"https:\\\/\\\/fisbein.com\\\/ca\\\/joia-art\\\/penjoll-plata-esmalt-delaunay-ritme-sense-fi\\\/\",\"url\":\"https:\\\/\\\/fisbein.com\\\/ca\\\/joia-art\\\/penjoll-plata-esmalt-delaunay-ritme-sense-fi\\\/\",\"name\":\"Penjoll plata esmalt Delaunay ritme sense fi - Fisbein\",\"isPartOf\":{\"@id\":\"https:\\\/\\\/fisbein.com\\\/ca\\\/#website\"},\"primaryImageOfPage\":{\"@id\":\"https:\\\/\\\/fisbein.com\\\/ca\\\/joia-art\\\/penjoll-plata-esmalt-delaunay-ritme-sense-fi\\\/#primaryimage\"},\"image\":{\"@id\":\"https:\\\/\\\/fisbein.com\\\/ca\\\/joia-art\\\/penjoll-plata-esmalt-delaunay-ritme-sense-fi\\\/#primaryimage\"},\"thumbnailUrl\":\"https:\\\/\\\/i0.wp.com\\\/fisbein.com\\\/wp-content\\\/uploads\\\/2025\\\/12\\\/Delaunay-Endless-Rythm-1934-by-FISBEIN-5.jpg?fit=1080%2C1080&quality=82&ssl=1\",\"datePublished\":\"2026-02-17T23:39:52+00:00\",\"dateModified\":\"2026-02-17T23:57:26+00:00\",\"description\":\"Penjoll de plata i esmalt r\u00e8plica de l'obra Ritme sense fi de l'any 1934 de Robert Delaunay. El dibuix de l'anell est\u00e0 compost de cercles i tonalitats.\",\"breadcrumb\":{\"@id\":\"https:\\\/\\\/fisbein.com\\\/ca\\\/joia-art\\\/penjoll-plata-esmalt-delaunay-ritme-sense-fi\\\/#breadcrumb\"},\"inLanguage\":\"ca\",\"potentialAction\":[{\"@type\":\"ReadAction\",\"target\":[\"https:\\\/\\\/fisbein.com\\\/ca\\\/joia-art\\\/penjoll-plata-esmalt-delaunay-ritme-sense-fi\\\/\"]}]},{\"@type\":\"ImageObject\",\"inLanguage\":\"ca\",\"@id\":\"https:\\\/\\\/fisbein.com\\\/ca\\\/joia-art\\\/penjoll-plata-esmalt-delaunay-ritme-sense-fi\\\/#primaryimage\",\"url\":\"https:\\\/\\\/i0.wp.com\\\/fisbein.com\\\/wp-content\\\/uploads\\\/2025\\\/12\\\/Delaunay-Endless-Rythm-1934-by-FISBEIN-5.jpg?fit=1080%2C1080&quality=82&ssl=1\",\"contentUrl\":\"https:\\\/\\\/i0.wp.com\\\/fisbein.com\\\/wp-content\\\/uploads\\\/2025\\\/12\\\/Delaunay-Endless-Rythm-1934-by-FISBEIN-5.jpg?fit=1080%2C1080&quality=82&ssl=1\",\"width\":1080,\"height\":1080},{\"@type\":\"BreadcrumbList\",\"@id\":\"https:\\\/\\\/fisbein.com\\\/ca\\\/joia-art\\\/penjoll-plata-esmalt-delaunay-ritme-sense-fi\\\/#breadcrumb\",\"itemListElement\":[{\"@type\":\"ListItem\",\"position\":1,\"name\":\"Portada\",\"item\":\"https:\\\/\\\/fisbein.com\\\/ca\\\/\"},{\"@type\":\"ListItem\",\"position\":2,\"name\":\"Botiga\",\"item\":\"https:\\\/\\\/fisbein.com\\\/ca\\\/joies\\\/\"},{\"@type\":\"ListItem\",\"position\":3,\"name\":\"Penjoll plata esmalt Delaunay ritme sense fi\"}]},{\"@type\":\"WebSite\",\"@id\":\"https:\\\/\\\/fisbein.com\\\/ca\\\/#website\",\"url\":\"https:\\\/\\\/fisbein.com\\\/ca\\\/\",\"name\":\"Fisbein\",\"description\":\"\",\"publisher\":{\"@id\":\"https:\\\/\\\/fisbein.com\\\/ca\\\/#organization\"},\"potentialAction\":[{\"@type\":\"SearchAction\",\"target\":{\"@type\":\"EntryPoint\",\"urlTemplate\":\"https:\\\/\\\/fisbein.com\\\/ca\\\/?s={search_term_string}\"},\"query-input\":{\"@type\":\"PropertyValueSpecification\",\"valueRequired\":true,\"valueName\":\"search_term_string\"}}],\"inLanguage\":\"ca\"},{\"@type\":\"Organization\",\"@id\":\"https:\\\/\\\/fisbein.com\\\/ca\\\/#organization\",\"name\":\"Fisbein\",\"url\":\"https:\\\/\\\/fisbein.com\\\/ca\\\/\",\"logo\":{\"@type\":\"ImageObject\",\"inLanguage\":\"ca\",\"@id\":\"https:\\\/\\\/fisbein.com\\\/ca\\\/#\\\/schema\\\/logo\\\/image\\\/\",\"url\":\"https:\\\/\\\/fisbein.com\\\/wp-content\\\/uploads\\\/2026\\\/02\\\/logo-fisbein-seo.svg\",\"contentUrl\":\"https:\\\/\\\/fisbein.com\\\/wp-content\\\/uploads\\\/2026\\\/02\\\/logo-fisbein-seo.svg\",\"width\":1,\"height\":1,\"caption\":\"Fisbein\"},\"image\":{\"@id\":\"https:\\\/\\\/fisbein.com\\\/ca\\\/#\\\/schema\\\/logo\\\/image\\\/\"},\"sameAs\":[\"https:\\\/\\\/www.facebook.com\\\/andrea.fisbein.5\",\"https:\\\/\\\/www.instagram.com\\\/fisbein\\\/\"]}]}<\/script>\n<!-- \/ Yoast SEO plugin. -->","yoast_head_json":{"title":"Penjoll plata esmalt Delaunay ritme sense fi - Fisbein","description":"Penjoll de plata i esmalt r\u00e8plica de l'obra Ritme sense fi de l'any 1934 de Robert Delaunay. El dibuix de l'anell est\u00e0 compost de cercles i tonalitats.","robots":{"index":"index","follow":"follow","max-snippet":"max-snippet:-1","max-image-preview":"max-image-preview:large","max-video-preview":"max-video-preview:-1"},"canonical":"https:\/\/fisbein.com\/ca\/joia-art\/penjoll-plata-esmalt-delaunay-ritme-sense-fi\/","og_locale":"ca_ES","og_type":"article","og_title":"Penjoll plata esmalt Delaunay ritme sense fi - Fisbein","og_description":"Penjoll de plata i esmalt r\u00e8plica de l'obra Ritme sense fi de l'any 1934 de Robert Delaunay. El dibuix de l'anell est\u00e0 compost de cercles i tonalitats.","og_url":"https:\/\/fisbein.com\/ca\/joia-art\/penjoll-plata-esmalt-delaunay-ritme-sense-fi\/","og_site_name":"Fisbein","article_publisher":"https:\/\/www.facebook.com\/andrea.fisbein.5","article_modified_time":"2026-02-17T23:57:26+00:00","og_image":[{"width":1080,"height":1080,"url":"https:\/\/i0.wp.com\/fisbein.com\/wp-content\/uploads\/2025\/12\/Delaunay-Endless-Rythm-1934-by-FISBEIN-5.jpg?fit=1080%2C1080&quality=89&ssl=1","type":"image\/jpeg"}],"twitter_card":"summary_large_image","twitter_misc":{"Temps estimat de lectura":"1 minut"},"schema":{"@context":"https:\/\/schema.org","@graph":[{"@type":"WebPage","@id":"https:\/\/fisbein.com\/ca\/joia-art\/penjoll-plata-esmalt-delaunay-ritme-sense-fi\/","url":"https:\/\/fisbein.com\/ca\/joia-art\/penjoll-plata-esmalt-delaunay-ritme-sense-fi\/","name":"Penjoll plata esmalt Delaunay ritme sense fi - Fisbein","isPartOf":{"@id":"https:\/\/fisbein.com\/ca\/#website"},"primaryImageOfPage":{"@id":"https:\/\/fisbein.com\/ca\/joia-art\/penjoll-plata-esmalt-delaunay-ritme-sense-fi\/#primaryimage"},"image":{"@id":"https:\/\/fisbein.com\/ca\/joia-art\/penjoll-plata-esmalt-delaunay-ritme-sense-fi\/#primaryimage"},"thumbnailUrl":"https:\/\/i0.wp.com\/fisbein.com\/wp-content\/uploads\/2025\/12\/Delaunay-Endless-Rythm-1934-by-FISBEIN-5.jpg?fit=1080%2C1080&quality=82&ssl=1","datePublished":"2026-02-17T23:39:52+00:00","dateModified":"2026-02-17T23:57:26+00:00","description":"Penjoll de plata i esmalt r\u00e8plica de l'obra Ritme sense fi de l'any 1934 de Robert Delaunay. El dibuix de l'anell est\u00e0 compost de cercles i tonalitats.","breadcrumb":{"@id":"https:\/\/fisbein.com\/ca\/joia-art\/penjoll-plata-esmalt-delaunay-ritme-sense-fi\/#breadcrumb"},"inLanguage":"ca","potentialAction":[{"@type":"ReadAction","target":["https:\/\/fisbein.com\/ca\/joia-art\/penjoll-plata-esmalt-delaunay-ritme-sense-fi\/"]}]},{"@type":"ImageObject","inLanguage":"ca","@id":"https:\/\/fisbein.com\/ca\/joia-art\/penjoll-plata-esmalt-delaunay-ritme-sense-fi\/#primaryimage","url":"https:\/\/i0.wp.com\/fisbein.com\/wp-content\/uploads\/2025\/12\/Delaunay-Endless-Rythm-1934-by-FISBEIN-5.jpg?fit=1080%2C1080&quality=82&ssl=1","contentUrl":"https:\/\/i0.wp.com\/fisbein.com\/wp-content\/uploads\/2025\/12\/Delaunay-Endless-Rythm-1934-by-FISBEIN-5.jpg?fit=1080%2C1080&quality=82&ssl=1","width":1080,"height":1080},{"@type":"BreadcrumbList","@id":"https:\/\/fisbein.com\/ca\/joia-art\/penjoll-plata-esmalt-delaunay-ritme-sense-fi\/#breadcrumb","itemListElement":[{"@type":"ListItem","position":1,"name":"Portada","item":"https:\/\/fisbein.com\/ca\/"},{"@type":"ListItem","position":2,"name":"Botiga","item":"https:\/\/fisbein.com\/ca\/joies\/"},{"@type":"ListItem","position":3,"name":"Penjoll plata esmalt Delaunay ritme sense fi"}]},{"@type":"WebSite","@id":"https:\/\/fisbein.com\/ca\/#website","url":"https:\/\/fisbein.com\/ca\/","name":"Fisbein","description":"","publisher":{"@id":"https:\/\/fisbein.com\/ca\/#organization"},"potentialAction":[{"@type":"SearchAction","target":{"@type":"EntryPoint","urlTemplate":"https:\/\/fisbein.com\/ca\/?s={search_term_string}"},"query-input":{"@type":"PropertyValueSpecification","valueRequired":true,"valueName":"search_term_string"}}],"inLanguage":"ca"},{"@type":"Organization","@id":"https:\/\/fisbein.com\/ca\/#organization","name":"Fisbein","url":"https:\/\/fisbein.com\/ca\/","logo":{"@type":"ImageObject","inLanguage":"ca","@id":"https:\/\/fisbein.com\/ca\/#\/schema\/logo\/image\/","url":"https:\/\/fisbein.com\/wp-content\/uploads\/2026\/02\/logo-fisbein-seo.svg","contentUrl":"https:\/\/fisbein.com\/wp-content\/uploads\/2026\/02\/logo-fisbein-seo.svg","width":1,"height":1,"caption":"Fisbein"},"image":{"@id":"https:\/\/fisbein.com\/ca\/#\/schema\/logo\/image\/"},"sameAs":["https:\/\/www.facebook.com\/andrea.fisbein.5","https:\/\/www.instagram.com\/fisbein\/"]}]}},"jetpack_sharing_enabled":true,"_links":{"self":[{"href":"https:\/\/fisbein.com\/ca\/wp-json\/wp\/v2\/product\/1800","targetHints":{"allow":["GET"]}}],"collection":[{"href":"https:\/\/fisbein.com\/ca\/wp-json\/wp\/v2\/product"}],"about":[{"href":"https:\/\/fisbein.com\/ca\/wp-json\/wp\/v2\/types\/product"}],"replies":[{"embeddable":true,"href":"https:\/\/fisbein.com\/ca\/wp-json\/wp\/v2\/comments?post=1800"}],"wp:featuredmedia":[{"embeddable":true,"href":"https:\/\/fisbein.com\/ca\/wp-json\/wp\/v2\/media\/2537"}],"wp:attachment":[{"href":"https:\/\/fisbein.com\/ca\/wp-json\/wp\/v2\/media?parent=1800"}],"wp:term":[{"taxonomy":"coleccion","embeddable":true,"href":"https:\/\/fisbein.com\/ca\/wp-json\/wp\/v2\/coleccion?post=1800"},{"taxonomy":"product_brand","embeddable":true,"href":"https:\/\/fisbein.com\/ca\/wp-json\/wp\/v2\/product_brand?post=1800"},{"taxonomy":"product_cat","embeddable":true,"href":"https:\/\/fisbein.com\/ca\/wp-json\/wp\/v2\/product_cat?post=1800"},{"taxonomy":"product_tag","embeddable":true,"href":"https:\/\/fisbein.com\/ca\/wp-json\/wp\/v2\/product_tag?post=1800"}],"curies":[{"name":"wp","href":"https:\/\/api.w.org\/{rel}","templated":true}]}}