{"id":1775,"date":"2026-02-17T23:39:46","date_gmt":"2026-02-17T23:39:46","guid":{"rendered":"https:\/\/fisbein.com\/?post_type=product&#038;p=1775"},"modified":"2026-03-19T16:10:08","modified_gmt":"2026-03-19T16:10:08","slug":"anell-plata-esmalt-kandinsky-diversos-cercles","status":"publish","type":"product","link":"https:\/\/fisbein.com\/ca\/joia-art\/anell-plata-esmalt-kandinsky-diversos-cercles\/","title":{"rendered":"Anell plata esmalt Kandinsky diversos cercles"},"content":{"rendered":"<p>Anell de plata i esmalt inspirat en l&#8217;obra Diversos cercles de l&#8217;any 1926 de l&#8217;autor Vassily Kandinsky   que forma part de la col\u00b7lecci\u00f3 museu Guggenheim de Nova York.<br \/>\nL&#8217;anell est\u00e0 compost per una part superior realitzada en esmalt amb una forma irregular degut a la col\u00b7locaci\u00f3 dels cercles (r\u00e8plica del quadre), ia la part inferior est\u00e0 calat en petits cercles i en alguns amb esmalt de diferents tonalitats. La forma en degrad\u00e9 de l&#8217;anell aporten comoditat a la pe\u00e7a.<br \/>\nEl dibuix interior de l&#8217;anell \u00e9s una r\u00e8plica del quadre de Kandinsky, compost per diversos cercles de diferents mides i alegres tonalitats donant a la pe\u00e7a una alegria i personalitat \u00fanica.<br \/>\nL&#8217;anell est\u00e0 realitzat en plata de llei amb esmalt al foc i un bany de rodi per a la seva conservaci\u00f3 \u00f2ptima.<\/p>\n","protected":false},"excerpt":{"rendered":"<p>Anell de plata i esmalt inspirat en l&#8217;obra Diversos cercles de l&#8217;any 1926 de l&#8217;autor Vassily Kandinsky.<br \/>\nEl dibuix interior de l&#8217;anell \u00e9s una r\u00e8plica del quadre de Kandinsky, compost per diversos cercles de diferents mides i alegres tonalitats<\/p>\n","protected":false},"featured_media":2616,"comment_status":"open","ping_status":"closed","template":"","meta":{"_acf_changed":false},"coleccion":[187],"product_brand":[],"product_cat":[65],"product_tag":[],"class_list":{"0":"post-1775","1":"product","2":"type-product","3":"status-publish","4":"has-post-thumbnail","6":"coleccion-pintors-abstractes","7":"product_cat-anells","8":"pa_acabados-attr-acabados-plata-brillante-ca","9":"pa_materiales-attr-materiales-rodio-ca","10":"pa_materiales-attr-materiales-esmalte-ca","11":"pa_materiales-plata-de-llei","12":"pa_tallas-attr-tallas-12","13":"pa_tallas-attr-tallas-14","14":"pa_tallas-attr-tallas-16","15":"pa_tallas-attr-tallas-18","17":"first","18":"instock","19":"shipping-taxable","20":"purchasable","21":"product-type-variable"},"acf":[],"yoast_head":"<!-- This site is optimized with the Yoast SEO plugin v27.4 - https:\/\/yoast.com\/product\/yoast-seo-wordpress\/ -->\n<title>Anell plata esmalt Kandinsky diversos cercles - Fisbein<\/title>\n<meta name=\"description\" content=\"Anell de plata i esmalt replica de l&#039;obra Diversos cercles de l&#039;any 1926 de l&#039;autor Vassily Kandinsky. Compost per diversos cercles de diferents mides\" \/>\n<meta name=\"robots\" content=\"index, follow, max-snippet:-1, max-image-preview:large, max-video-preview:-1\" \/>\n<link rel=\"canonical\" href=\"https:\/\/fisbein.com\/ca\/joia-art\/anell-plata-esmalt-kandinsky-diversos-cercles\/\" \/>\n<meta property=\"og:locale\" content=\"ca_ES\" \/>\n<meta property=\"og:type\" content=\"article\" \/>\n<meta property=\"og:title\" content=\"Anell plata esmalt Kandinsky diversos cercles - Fisbein\" \/>\n<meta property=\"og:description\" content=\"Anell de plata i esmalt replica de l&#039;obra Diversos cercles de l&#039;any 1926 de l&#039;autor Vassily Kandinsky. Compost per diversos cercles de diferents mides\" \/>\n<meta property=\"og:url\" content=\"https:\/\/fisbein.com\/ca\/joia-art\/anell-plata-esmalt-kandinsky-diversos-cercles\/\" \/>\n<meta property=\"og:site_name\" content=\"Fisbein\" \/>\n<meta property=\"article:publisher\" content=\"https:\/\/www.facebook.com\/andrea.fisbein.5\" \/>\n<meta property=\"article:modified_time\" content=\"2026-03-19T16:10:08+00:00\" \/>\n<meta property=\"og:image\" content=\"https:\/\/i0.wp.com\/fisbein.com\/wp-content\/uploads\/2025\/12\/Kandisnky-Several-circles-1926-by-FISBEIN-9.jpg?fit=1080%2C1080&quality=89&ssl=1\" \/>\n\t<meta property=\"og:image:width\" content=\"1080\" \/>\n\t<meta property=\"og:image:height\" content=\"1080\" \/>\n\t<meta property=\"og:image:type\" content=\"image\/jpeg\" \/>\n<meta name=\"twitter:card\" content=\"summary_large_image\" \/>\n<meta name=\"twitter:label1\" content=\"Temps estimat de lectura\" \/>\n\t<meta name=\"twitter:data1\" content=\"1 minut\" \/>\n<script type=\"application\/ld+json\" class=\"yoast-schema-graph\">{\"@context\":\"https:\\\/\\\/schema.org\",\"@graph\":[{\"@type\":\"WebPage\",\"@id\":\"https:\\\/\\\/fisbein.com\\\/ca\\\/joia-art\\\/anell-plata-esmalt-kandinsky-diversos-cercles\\\/\",\"url\":\"https:\\\/\\\/fisbein.com\\\/ca\\\/joia-art\\\/anell-plata-esmalt-kandinsky-diversos-cercles\\\/\",\"name\":\"Anell plata esmalt Kandinsky diversos cercles - Fisbein\",\"isPartOf\":{\"@id\":\"https:\\\/\\\/fisbein.com\\\/ca\\\/#website\"},\"primaryImageOfPage\":{\"@id\":\"https:\\\/\\\/fisbein.com\\\/ca\\\/joia-art\\\/anell-plata-esmalt-kandinsky-diversos-cercles\\\/#primaryimage\"},\"image\":{\"@id\":\"https:\\\/\\\/fisbein.com\\\/ca\\\/joia-art\\\/anell-plata-esmalt-kandinsky-diversos-cercles\\\/#primaryimage\"},\"thumbnailUrl\":\"https:\\\/\\\/i0.wp.com\\\/fisbein.com\\\/wp-content\\\/uploads\\\/2025\\\/12\\\/Kandisnky-Several-circles-1926-by-FISBEIN-9.jpg?fit=1080%2C1080&quality=82&ssl=1\",\"datePublished\":\"2026-02-17T23:39:46+00:00\",\"dateModified\":\"2026-03-19T16:10:08+00:00\",\"description\":\"Anell de plata i esmalt replica de l'obra Diversos cercles de l'any 1926 de l'autor Vassily Kandinsky. Compost per diversos cercles de diferents mides\",\"breadcrumb\":{\"@id\":\"https:\\\/\\\/fisbein.com\\\/ca\\\/joia-art\\\/anell-plata-esmalt-kandinsky-diversos-cercles\\\/#breadcrumb\"},\"inLanguage\":\"ca\",\"potentialAction\":[{\"@type\":\"ReadAction\",\"target\":[\"https:\\\/\\\/fisbein.com\\\/ca\\\/joia-art\\\/anell-plata-esmalt-kandinsky-diversos-cercles\\\/\"]}]},{\"@type\":\"ImageObject\",\"inLanguage\":\"ca\",\"@id\":\"https:\\\/\\\/fisbein.com\\\/ca\\\/joia-art\\\/anell-plata-esmalt-kandinsky-diversos-cercles\\\/#primaryimage\",\"url\":\"https:\\\/\\\/i0.wp.com\\\/fisbein.com\\\/wp-content\\\/uploads\\\/2025\\\/12\\\/Kandisnky-Several-circles-1926-by-FISBEIN-9.jpg?fit=1080%2C1080&quality=82&ssl=1\",\"contentUrl\":\"https:\\\/\\\/i0.wp.com\\\/fisbein.com\\\/wp-content\\\/uploads\\\/2025\\\/12\\\/Kandisnky-Several-circles-1926-by-FISBEIN-9.jpg?fit=1080%2C1080&quality=82&ssl=1\",\"width\":1080,\"height\":1080},{\"@type\":\"BreadcrumbList\",\"@id\":\"https:\\\/\\\/fisbein.com\\\/ca\\\/joia-art\\\/anell-plata-esmalt-kandinsky-diversos-cercles\\\/#breadcrumb\",\"itemListElement\":[{\"@type\":\"ListItem\",\"position\":1,\"name\":\"Portada\",\"item\":\"https:\\\/\\\/fisbein.com\\\/ca\\\/\"},{\"@type\":\"ListItem\",\"position\":2,\"name\":\"Botiga\",\"item\":\"https:\\\/\\\/fisbein.com\\\/ca\\\/joies\\\/\"},{\"@type\":\"ListItem\",\"position\":3,\"name\":\"Anell plata esmalt Kandinsky diversos cercles\"}]},{\"@type\":\"WebSite\",\"@id\":\"https:\\\/\\\/fisbein.com\\\/ca\\\/#website\",\"url\":\"https:\\\/\\\/fisbein.com\\\/ca\\\/\",\"name\":\"Fisbein\",\"description\":\"\",\"publisher\":{\"@id\":\"https:\\\/\\\/fisbein.com\\\/ca\\\/#organization\"},\"potentialAction\":[{\"@type\":\"SearchAction\",\"target\":{\"@type\":\"EntryPoint\",\"urlTemplate\":\"https:\\\/\\\/fisbein.com\\\/ca\\\/?s={search_term_string}\"},\"query-input\":{\"@type\":\"PropertyValueSpecification\",\"valueRequired\":true,\"valueName\":\"search_term_string\"}}],\"inLanguage\":\"ca\"},{\"@type\":\"Organization\",\"@id\":\"https:\\\/\\\/fisbein.com\\\/ca\\\/#organization\",\"name\":\"Fisbein\",\"url\":\"https:\\\/\\\/fisbein.com\\\/ca\\\/\",\"logo\":{\"@type\":\"ImageObject\",\"inLanguage\":\"ca\",\"@id\":\"https:\\\/\\\/fisbein.com\\\/ca\\\/#\\\/schema\\\/logo\\\/image\\\/\",\"url\":\"https:\\\/\\\/fisbein.com\\\/wp-content\\\/uploads\\\/2026\\\/02\\\/logo-fisbein-seo.svg\",\"contentUrl\":\"https:\\\/\\\/fisbein.com\\\/wp-content\\\/uploads\\\/2026\\\/02\\\/logo-fisbein-seo.svg\",\"width\":1,\"height\":1,\"caption\":\"Fisbein\"},\"image\":{\"@id\":\"https:\\\/\\\/fisbein.com\\\/ca\\\/#\\\/schema\\\/logo\\\/image\\\/\"},\"sameAs\":[\"https:\\\/\\\/www.facebook.com\\\/andrea.fisbein.5\",\"https:\\\/\\\/www.instagram.com\\\/fisbein\\\/\"]}]}<\/script>\n<!-- \/ Yoast SEO plugin. -->","yoast_head_json":{"title":"Anell plata esmalt Kandinsky diversos cercles - Fisbein","description":"Anell de plata i esmalt replica de l'obra Diversos cercles de l'any 1926 de l'autor Vassily Kandinsky. Compost per diversos cercles de diferents mides","robots":{"index":"index","follow":"follow","max-snippet":"max-snippet:-1","max-image-preview":"max-image-preview:large","max-video-preview":"max-video-preview:-1"},"canonical":"https:\/\/fisbein.com\/ca\/joia-art\/anell-plata-esmalt-kandinsky-diversos-cercles\/","og_locale":"ca_ES","og_type":"article","og_title":"Anell plata esmalt Kandinsky diversos cercles - Fisbein","og_description":"Anell de plata i esmalt replica de l'obra Diversos cercles de l'any 1926 de l'autor Vassily Kandinsky. Compost per diversos cercles de diferents mides","og_url":"https:\/\/fisbein.com\/ca\/joia-art\/anell-plata-esmalt-kandinsky-diversos-cercles\/","og_site_name":"Fisbein","article_publisher":"https:\/\/www.facebook.com\/andrea.fisbein.5","article_modified_time":"2026-03-19T16:10:08+00:00","og_image":[{"width":1080,"height":1080,"url":"https:\/\/i0.wp.com\/fisbein.com\/wp-content\/uploads\/2025\/12\/Kandisnky-Several-circles-1926-by-FISBEIN-9.jpg?fit=1080%2C1080&quality=89&ssl=1","type":"image\/jpeg"}],"twitter_card":"summary_large_image","twitter_misc":{"Temps estimat de lectura":"1 minut"},"schema":{"@context":"https:\/\/schema.org","@graph":[{"@type":"WebPage","@id":"https:\/\/fisbein.com\/ca\/joia-art\/anell-plata-esmalt-kandinsky-diversos-cercles\/","url":"https:\/\/fisbein.com\/ca\/joia-art\/anell-plata-esmalt-kandinsky-diversos-cercles\/","name":"Anell plata esmalt Kandinsky diversos cercles - Fisbein","isPartOf":{"@id":"https:\/\/fisbein.com\/ca\/#website"},"primaryImageOfPage":{"@id":"https:\/\/fisbein.com\/ca\/joia-art\/anell-plata-esmalt-kandinsky-diversos-cercles\/#primaryimage"},"image":{"@id":"https:\/\/fisbein.com\/ca\/joia-art\/anell-plata-esmalt-kandinsky-diversos-cercles\/#primaryimage"},"thumbnailUrl":"https:\/\/i0.wp.com\/fisbein.com\/wp-content\/uploads\/2025\/12\/Kandisnky-Several-circles-1926-by-FISBEIN-9.jpg?fit=1080%2C1080&quality=82&ssl=1","datePublished":"2026-02-17T23:39:46+00:00","dateModified":"2026-03-19T16:10:08+00:00","description":"Anell de plata i esmalt replica de l'obra Diversos cercles de l'any 1926 de l'autor Vassily Kandinsky. Compost per diversos cercles de diferents mides","breadcrumb":{"@id":"https:\/\/fisbein.com\/ca\/joia-art\/anell-plata-esmalt-kandinsky-diversos-cercles\/#breadcrumb"},"inLanguage":"ca","potentialAction":[{"@type":"ReadAction","target":["https:\/\/fisbein.com\/ca\/joia-art\/anell-plata-esmalt-kandinsky-diversos-cercles\/"]}]},{"@type":"ImageObject","inLanguage":"ca","@id":"https:\/\/fisbein.com\/ca\/joia-art\/anell-plata-esmalt-kandinsky-diversos-cercles\/#primaryimage","url":"https:\/\/i0.wp.com\/fisbein.com\/wp-content\/uploads\/2025\/12\/Kandisnky-Several-circles-1926-by-FISBEIN-9.jpg?fit=1080%2C1080&quality=82&ssl=1","contentUrl":"https:\/\/i0.wp.com\/fisbein.com\/wp-content\/uploads\/2025\/12\/Kandisnky-Several-circles-1926-by-FISBEIN-9.jpg?fit=1080%2C1080&quality=82&ssl=1","width":1080,"height":1080},{"@type":"BreadcrumbList","@id":"https:\/\/fisbein.com\/ca\/joia-art\/anell-plata-esmalt-kandinsky-diversos-cercles\/#breadcrumb","itemListElement":[{"@type":"ListItem","position":1,"name":"Portada","item":"https:\/\/fisbein.com\/ca\/"},{"@type":"ListItem","position":2,"name":"Botiga","item":"https:\/\/fisbein.com\/ca\/joies\/"},{"@type":"ListItem","position":3,"name":"Anell plata esmalt Kandinsky diversos cercles"}]},{"@type":"WebSite","@id":"https:\/\/fisbein.com\/ca\/#website","url":"https:\/\/fisbein.com\/ca\/","name":"Fisbein","description":"","publisher":{"@id":"https:\/\/fisbein.com\/ca\/#organization"},"potentialAction":[{"@type":"SearchAction","target":{"@type":"EntryPoint","urlTemplate":"https:\/\/fisbein.com\/ca\/?s={search_term_string}"},"query-input":{"@type":"PropertyValueSpecification","valueRequired":true,"valueName":"search_term_string"}}],"inLanguage":"ca"},{"@type":"Organization","@id":"https:\/\/fisbein.com\/ca\/#organization","name":"Fisbein","url":"https:\/\/fisbein.com\/ca\/","logo":{"@type":"ImageObject","inLanguage":"ca","@id":"https:\/\/fisbein.com\/ca\/#\/schema\/logo\/image\/","url":"https:\/\/fisbein.com\/wp-content\/uploads\/2026\/02\/logo-fisbein-seo.svg","contentUrl":"https:\/\/fisbein.com\/wp-content\/uploads\/2026\/02\/logo-fisbein-seo.svg","width":1,"height":1,"caption":"Fisbein"},"image":{"@id":"https:\/\/fisbein.com\/ca\/#\/schema\/logo\/image\/"},"sameAs":["https:\/\/www.facebook.com\/andrea.fisbein.5","https:\/\/www.instagram.com\/fisbein\/"]}]}},"jetpack_sharing_enabled":true,"_links":{"self":[{"href":"https:\/\/fisbein.com\/ca\/wp-json\/wp\/v2\/product\/1775","targetHints":{"allow":["GET"]}}],"collection":[{"href":"https:\/\/fisbein.com\/ca\/wp-json\/wp\/v2\/product"}],"about":[{"href":"https:\/\/fisbein.com\/ca\/wp-json\/wp\/v2\/types\/product"}],"replies":[{"embeddable":true,"href":"https:\/\/fisbein.com\/ca\/wp-json\/wp\/v2\/comments?post=1775"}],"wp:featuredmedia":[{"embeddable":true,"href":"https:\/\/fisbein.com\/ca\/wp-json\/wp\/v2\/media\/2616"}],"wp:attachment":[{"href":"https:\/\/fisbein.com\/ca\/wp-json\/wp\/v2\/media?parent=1775"}],"wp:term":[{"taxonomy":"coleccion","embeddable":true,"href":"https:\/\/fisbein.com\/ca\/wp-json\/wp\/v2\/coleccion?post=1775"},{"taxonomy":"product_brand","embeddable":true,"href":"https:\/\/fisbein.com\/ca\/wp-json\/wp\/v2\/product_brand?post=1775"},{"taxonomy":"product_cat","embeddable":true,"href":"https:\/\/fisbein.com\/ca\/wp-json\/wp\/v2\/product_cat?post=1775"},{"taxonomy":"product_tag","embeddable":true,"href":"https:\/\/fisbein.com\/ca\/wp-json\/wp\/v2\/product_tag?post=1775"}],"curies":[{"name":"wp","href":"https:\/\/api.w.org\/{rel}","templated":true}]}}