{"id":1758,"date":"2026-02-17T23:39:25","date_gmt":"2026-02-17T23:39:25","guid":{"rendered":"https:\/\/fisbein.com\/?post_type=product&#038;p=1758"},"modified":"2026-03-19T16:23:26","modified_gmt":"2026-03-19T16:23:26","slug":"pk-3079-arracada-plata-gran-triangle-modernista","status":"publish","type":"product","link":"https:\/\/fisbein.com\/ca\/joia-art\/pk-3079-arracada-plata-gran-triangle-modernista\/","title":{"rendered":"PK 3079 Arracada plata gran triangle modernista."},"content":{"rendered":"<p>Elegants arracades llargues i lleugeres amb una original forma triangular en degradat.<br \/>\nLes arracades es caracteritzen per un dibuix interior en calat combinat amb delicades flors. El disseny de la pe\u00e7a est\u00e0 inspirat en els enreixats modernistes presents a molts dels edificis m\u00e9s emblem\u00e0tics d&#8217;aquest estil a la ciutat de Barcelona, com ara el Palau De la M\u00fasica o el Park G\u00fcell, entre d&#8217;altres.<br \/>\nLa pe\u00e7a inferior t\u00e9 moviment gr\u00e0cies a una articulaci\u00f3, cosa que d\u00f3na dinamisme a la joia. Que juntament amb el seu lleuger pes i la seva gran mida fan aquests pendents perfectes per a tot tipus d&#8217;ocasions.<br \/>\nLes arracades estan fetes en plata de llei banyada en rodi per a la seva \u00f2ptima conservaci\u00f3; amb tanca catalana per donar seguretat a la pe\u00e7a.<\/p>\n","protected":false},"excerpt":{"rendered":"<p>Elegants arracades llargues i lleugeres amb una original forma triangular en degradat amb un dibuix interior en calat combinat amb delicades flors. El disseny de la pe\u00e7a est\u00e0 inspirat en els enreixats modernistes de Barcelona.<\/p>\n","protected":false},"featured_media":2678,"comment_status":"open","ping_status":"closed","template":"","meta":{"_acf_changed":false},"coleccion":[178],"product_brand":[],"product_cat":[74],"product_tag":[],"class_list":{"0":"post-1758","1":"product","2":"type-product","3":"status-publish","4":"has-post-thumbnail","6":"coleccion-calat-modernista","7":"product_cat-arracades","8":"pa_acabados-attr-acabados-plata-brillante-ca","9":"pa_acabados-attr-acabados-cierre-catalan-ca","10":"pa_materiales-attr-materiales-rodio-ca","12":"first","13":"outofstock","14":"taxable","15":"shipping-taxable","16":"purchasable","17":"product-type-simple"},"acf":[],"yoast_head":"<!-- This site is optimized with the Yoast SEO plugin v27.4 - https:\/\/yoast.com\/product\/yoast-seo-wordpress\/ -->\n<title>PK 3079 Arracada plata gran triangle modernista. - Fisbein<\/title>\n<meta name=\"description\" content=\"PK 3079 Arracada plata gran triangle modernista.\" \/>\n<meta name=\"robots\" content=\"index, follow, max-snippet:-1, max-image-preview:large, max-video-preview:-1\" \/>\n<link rel=\"canonical\" href=\"https:\/\/fisbein.com\/ca\/joia-art\/pk-3079-arracada-plata-gran-triangle-modernista\/\" \/>\n<meta property=\"og:locale\" content=\"ca_ES\" \/>\n<meta property=\"og:type\" content=\"article\" \/>\n<meta property=\"og:title\" content=\"PK 3079 Arracada plata gran triangle modernista. - Fisbein\" \/>\n<meta property=\"og:description\" content=\"PK 3079 Arracada plata gran triangle modernista.\" \/>\n<meta property=\"og:url\" content=\"https:\/\/fisbein.com\/ca\/joia-art\/pk-3079-arracada-plata-gran-triangle-modernista\/\" \/>\n<meta property=\"og:site_name\" content=\"Fisbein\" \/>\n<meta property=\"article:publisher\" content=\"https:\/\/www.facebook.com\/andrea.fisbein.5\" \/>\n<meta property=\"article:modified_time\" content=\"2026-03-19T16:23:26+00:00\" \/>\n<meta property=\"og:image\" content=\"https:\/\/i0.wp.com\/fisbein.com\/wp-content\/uploads\/2025\/12\/PK-3079-FISBEIN-Big-Modernist-silver-triangle-earring-1.jpg?fit=900%2C900&quality=89&ssl=1\" \/>\n\t<meta property=\"og:image:width\" content=\"900\" \/>\n\t<meta property=\"og:image:height\" content=\"900\" \/>\n\t<meta property=\"og:image:type\" content=\"image\/jpeg\" \/>\n<meta name=\"twitter:card\" content=\"summary_large_image\" \/>\n<meta name=\"twitter:label1\" content=\"Temps estimat de lectura\" \/>\n\t<meta name=\"twitter:data1\" content=\"1 minut\" \/>\n<script type=\"application\/ld+json\" class=\"yoast-schema-graph\">{\"@context\":\"https:\\\/\\\/schema.org\",\"@graph\":[{\"@type\":\"WebPage\",\"@id\":\"https:\\\/\\\/fisbein.com\\\/ca\\\/joia-art\\\/pk-3079-arracada-plata-gran-triangle-modernista\\\/\",\"url\":\"https:\\\/\\\/fisbein.com\\\/ca\\\/joia-art\\\/pk-3079-arracada-plata-gran-triangle-modernista\\\/\",\"name\":\"PK 3079 Arracada plata gran triangle modernista. - Fisbein\",\"isPartOf\":{\"@id\":\"https:\\\/\\\/fisbein.com\\\/ca\\\/#website\"},\"primaryImageOfPage\":{\"@id\":\"https:\\\/\\\/fisbein.com\\\/ca\\\/joia-art\\\/pk-3079-arracada-plata-gran-triangle-modernista\\\/#primaryimage\"},\"image\":{\"@id\":\"https:\\\/\\\/fisbein.com\\\/ca\\\/joia-art\\\/pk-3079-arracada-plata-gran-triangle-modernista\\\/#primaryimage\"},\"thumbnailUrl\":\"https:\\\/\\\/i0.wp.com\\\/fisbein.com\\\/wp-content\\\/uploads\\\/2025\\\/12\\\/PK-3079-FISBEIN-Big-Modernist-silver-triangle-earring-1.jpg?fit=900%2C900&quality=82&ssl=1\",\"datePublished\":\"2026-02-17T23:39:25+00:00\",\"dateModified\":\"2026-03-19T16:23:26+00:00\",\"description\":\"PK 3079 Arracada plata gran triangle modernista.\",\"breadcrumb\":{\"@id\":\"https:\\\/\\\/fisbein.com\\\/ca\\\/joia-art\\\/pk-3079-arracada-plata-gran-triangle-modernista\\\/#breadcrumb\"},\"inLanguage\":\"ca\",\"potentialAction\":[{\"@type\":\"ReadAction\",\"target\":[\"https:\\\/\\\/fisbein.com\\\/ca\\\/joia-art\\\/pk-3079-arracada-plata-gran-triangle-modernista\\\/\"]}]},{\"@type\":\"ImageObject\",\"inLanguage\":\"ca\",\"@id\":\"https:\\\/\\\/fisbein.com\\\/ca\\\/joia-art\\\/pk-3079-arracada-plata-gran-triangle-modernista\\\/#primaryimage\",\"url\":\"https:\\\/\\\/i0.wp.com\\\/fisbein.com\\\/wp-content\\\/uploads\\\/2025\\\/12\\\/PK-3079-FISBEIN-Big-Modernist-silver-triangle-earring-1.jpg?fit=900%2C900&quality=82&ssl=1\",\"contentUrl\":\"https:\\\/\\\/i0.wp.com\\\/fisbein.com\\\/wp-content\\\/uploads\\\/2025\\\/12\\\/PK-3079-FISBEIN-Big-Modernist-silver-triangle-earring-1.jpg?fit=900%2C900&quality=82&ssl=1\",\"width\":900,\"height\":900},{\"@type\":\"BreadcrumbList\",\"@id\":\"https:\\\/\\\/fisbein.com\\\/ca\\\/joia-art\\\/pk-3079-arracada-plata-gran-triangle-modernista\\\/#breadcrumb\",\"itemListElement\":[{\"@type\":\"ListItem\",\"position\":1,\"name\":\"Portada\",\"item\":\"https:\\\/\\\/fisbein.com\\\/ca\\\/\"},{\"@type\":\"ListItem\",\"position\":2,\"name\":\"Botiga\",\"item\":\"https:\\\/\\\/fisbein.com\\\/ca\\\/joies\\\/\"},{\"@type\":\"ListItem\",\"position\":3,\"name\":\"PK 3079 Arracada plata gran triangle modernista.\"}]},{\"@type\":\"WebSite\",\"@id\":\"https:\\\/\\\/fisbein.com\\\/ca\\\/#website\",\"url\":\"https:\\\/\\\/fisbein.com\\\/ca\\\/\",\"name\":\"Fisbein\",\"description\":\"\",\"publisher\":{\"@id\":\"https:\\\/\\\/fisbein.com\\\/ca\\\/#organization\"},\"potentialAction\":[{\"@type\":\"SearchAction\",\"target\":{\"@type\":\"EntryPoint\",\"urlTemplate\":\"https:\\\/\\\/fisbein.com\\\/ca\\\/?s={search_term_string}\"},\"query-input\":{\"@type\":\"PropertyValueSpecification\",\"valueRequired\":true,\"valueName\":\"search_term_string\"}}],\"inLanguage\":\"ca\"},{\"@type\":\"Organization\",\"@id\":\"https:\\\/\\\/fisbein.com\\\/ca\\\/#organization\",\"name\":\"Fisbein\",\"url\":\"https:\\\/\\\/fisbein.com\\\/ca\\\/\",\"logo\":{\"@type\":\"ImageObject\",\"inLanguage\":\"ca\",\"@id\":\"https:\\\/\\\/fisbein.com\\\/ca\\\/#\\\/schema\\\/logo\\\/image\\\/\",\"url\":\"https:\\\/\\\/fisbein.com\\\/wp-content\\\/uploads\\\/2026\\\/02\\\/logo-fisbein-seo.svg\",\"contentUrl\":\"https:\\\/\\\/fisbein.com\\\/wp-content\\\/uploads\\\/2026\\\/02\\\/logo-fisbein-seo.svg\",\"width\":1,\"height\":1,\"caption\":\"Fisbein\"},\"image\":{\"@id\":\"https:\\\/\\\/fisbein.com\\\/ca\\\/#\\\/schema\\\/logo\\\/image\\\/\"},\"sameAs\":[\"https:\\\/\\\/www.facebook.com\\\/andrea.fisbein.5\",\"https:\\\/\\\/www.instagram.com\\\/fisbein\\\/\"]}]}<\/script>\n<!-- \/ Yoast SEO plugin. -->","yoast_head_json":{"title":"PK 3079 Arracada plata gran triangle modernista. - Fisbein","description":"PK 3079 Arracada plata gran triangle modernista.","robots":{"index":"index","follow":"follow","max-snippet":"max-snippet:-1","max-image-preview":"max-image-preview:large","max-video-preview":"max-video-preview:-1"},"canonical":"https:\/\/fisbein.com\/ca\/joia-art\/pk-3079-arracada-plata-gran-triangle-modernista\/","og_locale":"ca_ES","og_type":"article","og_title":"PK 3079 Arracada plata gran triangle modernista. - Fisbein","og_description":"PK 3079 Arracada plata gran triangle modernista.","og_url":"https:\/\/fisbein.com\/ca\/joia-art\/pk-3079-arracada-plata-gran-triangle-modernista\/","og_site_name":"Fisbein","article_publisher":"https:\/\/www.facebook.com\/andrea.fisbein.5","article_modified_time":"2026-03-19T16:23:26+00:00","og_image":[{"width":900,"height":900,"url":"https:\/\/i0.wp.com\/fisbein.com\/wp-content\/uploads\/2025\/12\/PK-3079-FISBEIN-Big-Modernist-silver-triangle-earring-1.jpg?fit=900%2C900&quality=89&ssl=1","type":"image\/jpeg"}],"twitter_card":"summary_large_image","twitter_misc":{"Temps estimat de lectura":"1 minut"},"schema":{"@context":"https:\/\/schema.org","@graph":[{"@type":"WebPage","@id":"https:\/\/fisbein.com\/ca\/joia-art\/pk-3079-arracada-plata-gran-triangle-modernista\/","url":"https:\/\/fisbein.com\/ca\/joia-art\/pk-3079-arracada-plata-gran-triangle-modernista\/","name":"PK 3079 Arracada plata gran triangle modernista. - Fisbein","isPartOf":{"@id":"https:\/\/fisbein.com\/ca\/#website"},"primaryImageOfPage":{"@id":"https:\/\/fisbein.com\/ca\/joia-art\/pk-3079-arracada-plata-gran-triangle-modernista\/#primaryimage"},"image":{"@id":"https:\/\/fisbein.com\/ca\/joia-art\/pk-3079-arracada-plata-gran-triangle-modernista\/#primaryimage"},"thumbnailUrl":"https:\/\/i0.wp.com\/fisbein.com\/wp-content\/uploads\/2025\/12\/PK-3079-FISBEIN-Big-Modernist-silver-triangle-earring-1.jpg?fit=900%2C900&quality=82&ssl=1","datePublished":"2026-02-17T23:39:25+00:00","dateModified":"2026-03-19T16:23:26+00:00","description":"PK 3079 Arracada plata gran triangle modernista.","breadcrumb":{"@id":"https:\/\/fisbein.com\/ca\/joia-art\/pk-3079-arracada-plata-gran-triangle-modernista\/#breadcrumb"},"inLanguage":"ca","potentialAction":[{"@type":"ReadAction","target":["https:\/\/fisbein.com\/ca\/joia-art\/pk-3079-arracada-plata-gran-triangle-modernista\/"]}]},{"@type":"ImageObject","inLanguage":"ca","@id":"https:\/\/fisbein.com\/ca\/joia-art\/pk-3079-arracada-plata-gran-triangle-modernista\/#primaryimage","url":"https:\/\/i0.wp.com\/fisbein.com\/wp-content\/uploads\/2025\/12\/PK-3079-FISBEIN-Big-Modernist-silver-triangle-earring-1.jpg?fit=900%2C900&quality=82&ssl=1","contentUrl":"https:\/\/i0.wp.com\/fisbein.com\/wp-content\/uploads\/2025\/12\/PK-3079-FISBEIN-Big-Modernist-silver-triangle-earring-1.jpg?fit=900%2C900&quality=82&ssl=1","width":900,"height":900},{"@type":"BreadcrumbList","@id":"https:\/\/fisbein.com\/ca\/joia-art\/pk-3079-arracada-plata-gran-triangle-modernista\/#breadcrumb","itemListElement":[{"@type":"ListItem","position":1,"name":"Portada","item":"https:\/\/fisbein.com\/ca\/"},{"@type":"ListItem","position":2,"name":"Botiga","item":"https:\/\/fisbein.com\/ca\/joies\/"},{"@type":"ListItem","position":3,"name":"PK 3079 Arracada plata gran triangle modernista."}]},{"@type":"WebSite","@id":"https:\/\/fisbein.com\/ca\/#website","url":"https:\/\/fisbein.com\/ca\/","name":"Fisbein","description":"","publisher":{"@id":"https:\/\/fisbein.com\/ca\/#organization"},"potentialAction":[{"@type":"SearchAction","target":{"@type":"EntryPoint","urlTemplate":"https:\/\/fisbein.com\/ca\/?s={search_term_string}"},"query-input":{"@type":"PropertyValueSpecification","valueRequired":true,"valueName":"search_term_string"}}],"inLanguage":"ca"},{"@type":"Organization","@id":"https:\/\/fisbein.com\/ca\/#organization","name":"Fisbein","url":"https:\/\/fisbein.com\/ca\/","logo":{"@type":"ImageObject","inLanguage":"ca","@id":"https:\/\/fisbein.com\/ca\/#\/schema\/logo\/image\/","url":"https:\/\/fisbein.com\/wp-content\/uploads\/2026\/02\/logo-fisbein-seo.svg","contentUrl":"https:\/\/fisbein.com\/wp-content\/uploads\/2026\/02\/logo-fisbein-seo.svg","width":1,"height":1,"caption":"Fisbein"},"image":{"@id":"https:\/\/fisbein.com\/ca\/#\/schema\/logo\/image\/"},"sameAs":["https:\/\/www.facebook.com\/andrea.fisbein.5","https:\/\/www.instagram.com\/fisbein\/"]}]}},"jetpack_sharing_enabled":true,"_links":{"self":[{"href":"https:\/\/fisbein.com\/ca\/wp-json\/wp\/v2\/product\/1758","targetHints":{"allow":["GET"]}}],"collection":[{"href":"https:\/\/fisbein.com\/ca\/wp-json\/wp\/v2\/product"}],"about":[{"href":"https:\/\/fisbein.com\/ca\/wp-json\/wp\/v2\/types\/product"}],"replies":[{"embeddable":true,"href":"https:\/\/fisbein.com\/ca\/wp-json\/wp\/v2\/comments?post=1758"}],"wp:featuredmedia":[{"embeddable":true,"href":"https:\/\/fisbein.com\/ca\/wp-json\/wp\/v2\/media\/2678"}],"wp:attachment":[{"href":"https:\/\/fisbein.com\/ca\/wp-json\/wp\/v2\/media?parent=1758"}],"wp:term":[{"taxonomy":"coleccion","embeddable":true,"href":"https:\/\/fisbein.com\/ca\/wp-json\/wp\/v2\/coleccion?post=1758"},{"taxonomy":"product_brand","embeddable":true,"href":"https:\/\/fisbein.com\/ca\/wp-json\/wp\/v2\/product_brand?post=1758"},{"taxonomy":"product_cat","embeddable":true,"href":"https:\/\/fisbein.com\/ca\/wp-json\/wp\/v2\/product_cat?post=1758"},{"taxonomy":"product_tag","embeddable":true,"href":"https:\/\/fisbein.com\/ca\/wp-json\/wp\/v2\/product_tag?post=1758"}],"curies":[{"name":"wp","href":"https:\/\/api.w.org\/{rel}","templated":true}]}}