{"id":1734,"date":"2026-02-17T23:39:03","date_gmt":"2026-02-17T23:39:03","guid":{"rendered":"https:\/\/fisbein.com\/?post_type=product&#038;p=1734"},"modified":"2026-03-19T16:32:23","modified_gmt":"2026-03-19T16:32:23","slug":"anell-plata-esmalt-rodo-alhambra-estrella-8-puntes","status":"publish","type":"product","link":"https:\/\/fisbein.com\/ca\/joia-art\/anell-plata-esmalt-rodo-alhambra-estrella-8-puntes\/","title":{"rendered":"Anell plata esmalt rod\u00f3\u00a0Alhambra estrella 8 puntes"},"content":{"rendered":"<p>Anell rod\u00f3 a la part superior i ample a la base, tot de plata i esmalt amb un elaborat i delicat dibuix interior inspirat en un dels m\u00e9s famosos enrajolats geom\u00e8trics i colorits presents a la meravellosa construcci\u00f3 d&#8217;Alhambra de Granada (Espanya). El dibuix interior \u00e9s un estel de 8 puntes, que juntament amb les de 16 puntes, s\u00f3n molt usades en l&#8217;art isl\u00e0mic espanyol.<\/p>\n<p>L&#8217;anell est\u00e0 realitzat amb esmalt a foc, material que dona vida i color a la joia, sobre una base en plata de llei banyada en rodi, per a una millor conservaci\u00f3. El color base utilitzat \u00e9s el blanc sobre el qual destaquen agradablement les formes i colors de l&#8217;enrajolat geom\u00e8tric representat.<\/p>\n","protected":false},"excerpt":{"rendered":"<p>Anell rod\u00f3 a la part superior i ample a la base, tot de plata i esmalt amb un elaborat i delicat dibuix interior inspirat en un dels m\u00e9s famosos enrajolats geom\u00e8trics i colorits de l&#8217;Alhambra amb una estrella de 8 puntes representada.<\/p>\n","protected":false},"featured_media":2744,"comment_status":"open","ping_status":"closed","template":"","meta":{"_acf_changed":false},"coleccion":[175],"product_brand":[],"product_cat":[65],"product_tag":[],"class_list":{"0":"post-1734","1":"product","2":"type-product","3":"status-publish","4":"has-post-thumbnail","6":"coleccion-alhambra","7":"product_cat-anells","8":"pa_acabados-attr-acabados-plata-brillante-ca","9":"pa_materiales-attr-materiales-rodio-ca","10":"pa_materiales-attr-materiales-esmalte-ca","11":"pa_tallas-attr-tallas-12","12":"pa_tallas-attr-tallas-14","13":"pa_tallas-attr-tallas-16","14":"pa_tallas-attr-tallas-18","16":"first","17":"instock","18":"shipping-taxable","19":"purchasable","20":"product-type-variable"},"acf":[],"yoast_head":"<!-- This site is optimized with the Yoast SEO plugin v27.4 - https:\/\/yoast.com\/product\/yoast-seo-wordpress\/ -->\n<title>Anell plata esmalt rod\u00f3\u00a0Alhambra estrella 8 puntes - Fisbein<\/title>\n<meta name=\"description\" content=\"Anell plata de llei i esmalt, part superior rodona. Dibuix inspirat en els enrajolats de l&#039;Alhambra, amb dibuix estrella 8 puntes\" \/>\n<meta name=\"robots\" content=\"index, follow, max-snippet:-1, max-image-preview:large, max-video-preview:-1\" \/>\n<link rel=\"canonical\" href=\"https:\/\/fisbein.com\/ca\/joia-art\/anell-plata-esmalt-rodo-alhambra-estrella-8-puntes\/\" \/>\n<meta property=\"og:locale\" content=\"ca_ES\" \/>\n<meta property=\"og:type\" content=\"article\" \/>\n<meta property=\"og:title\" content=\"Anell plata esmalt rod\u00f3\u00a0Alhambra estrella 8 puntes - Fisbein\" \/>\n<meta property=\"og:description\" content=\"Anell plata de llei i esmalt, part superior rodona. Dibuix inspirat en els enrajolats de l&#039;Alhambra, amb dibuix estrella 8 puntes\" \/>\n<meta property=\"og:url\" content=\"https:\/\/fisbein.com\/ca\/joia-art\/anell-plata-esmalt-rodo-alhambra-estrella-8-puntes\/\" \/>\n<meta property=\"og:site_name\" content=\"Fisbein\" \/>\n<meta property=\"article:publisher\" content=\"https:\/\/www.facebook.com\/andrea.fisbein.5\" \/>\n<meta property=\"article:modified_time\" content=\"2026-03-19T16:32:23+00:00\" \/>\n<meta property=\"og:image\" content=\"https:\/\/i0.wp.com\/fisbein.com\/wp-content\/uploads\/2025\/12\/AAG-006-Alhambra-enamel-silverring-star-Fisbein-Barcelona-2.jpg?fit=1080%2C1080&quality=89&ssl=1\" \/>\n\t<meta property=\"og:image:width\" content=\"1080\" \/>\n\t<meta property=\"og:image:height\" content=\"1080\" \/>\n\t<meta property=\"og:image:type\" content=\"image\/jpeg\" \/>\n<meta name=\"twitter:card\" content=\"summary_large_image\" \/>\n<meta name=\"twitter:label1\" content=\"Temps estimat de lectura\" \/>\n\t<meta name=\"twitter:data1\" content=\"1 minut\" \/>\n<script type=\"application\/ld+json\" class=\"yoast-schema-graph\">{\"@context\":\"https:\\\/\\\/schema.org\",\"@graph\":[{\"@type\":\"WebPage\",\"@id\":\"https:\\\/\\\/fisbein.com\\\/ca\\\/joia-art\\\/anell-plata-esmalt-rodo-alhambra-estrella-8-puntes\\\/\",\"url\":\"https:\\\/\\\/fisbein.com\\\/ca\\\/joia-art\\\/anell-plata-esmalt-rodo-alhambra-estrella-8-puntes\\\/\",\"name\":\"Anell plata esmalt rod\u00f3\u00a0Alhambra estrella 8 puntes - Fisbein\",\"isPartOf\":{\"@id\":\"https:\\\/\\\/fisbein.com\\\/ca\\\/#website\"},\"primaryImageOfPage\":{\"@id\":\"https:\\\/\\\/fisbein.com\\\/ca\\\/joia-art\\\/anell-plata-esmalt-rodo-alhambra-estrella-8-puntes\\\/#primaryimage\"},\"image\":{\"@id\":\"https:\\\/\\\/fisbein.com\\\/ca\\\/joia-art\\\/anell-plata-esmalt-rodo-alhambra-estrella-8-puntes\\\/#primaryimage\"},\"thumbnailUrl\":\"https:\\\/\\\/i0.wp.com\\\/fisbein.com\\\/wp-content\\\/uploads\\\/2025\\\/12\\\/AAG-006-Alhambra-enamel-silverring-star-Fisbein-Barcelona-2.jpg?fit=1080%2C1080&quality=82&ssl=1\",\"datePublished\":\"2026-02-17T23:39:03+00:00\",\"dateModified\":\"2026-03-19T16:32:23+00:00\",\"description\":\"Anell plata de llei i esmalt, part superior rodona. Dibuix inspirat en els enrajolats de l'Alhambra, amb dibuix estrella 8 puntes\",\"breadcrumb\":{\"@id\":\"https:\\\/\\\/fisbein.com\\\/ca\\\/joia-art\\\/anell-plata-esmalt-rodo-alhambra-estrella-8-puntes\\\/#breadcrumb\"},\"inLanguage\":\"ca\",\"potentialAction\":[{\"@type\":\"ReadAction\",\"target\":[\"https:\\\/\\\/fisbein.com\\\/ca\\\/joia-art\\\/anell-plata-esmalt-rodo-alhambra-estrella-8-puntes\\\/\"]}]},{\"@type\":\"ImageObject\",\"inLanguage\":\"ca\",\"@id\":\"https:\\\/\\\/fisbein.com\\\/ca\\\/joia-art\\\/anell-plata-esmalt-rodo-alhambra-estrella-8-puntes\\\/#primaryimage\",\"url\":\"https:\\\/\\\/i0.wp.com\\\/fisbein.com\\\/wp-content\\\/uploads\\\/2025\\\/12\\\/AAG-006-Alhambra-enamel-silverring-star-Fisbein-Barcelona-2.jpg?fit=1080%2C1080&quality=82&ssl=1\",\"contentUrl\":\"https:\\\/\\\/i0.wp.com\\\/fisbein.com\\\/wp-content\\\/uploads\\\/2025\\\/12\\\/AAG-006-Alhambra-enamel-silverring-star-Fisbein-Barcelona-2.jpg?fit=1080%2C1080&quality=82&ssl=1\",\"width\":1080,\"height\":1080},{\"@type\":\"BreadcrumbList\",\"@id\":\"https:\\\/\\\/fisbein.com\\\/ca\\\/joia-art\\\/anell-plata-esmalt-rodo-alhambra-estrella-8-puntes\\\/#breadcrumb\",\"itemListElement\":[{\"@type\":\"ListItem\",\"position\":1,\"name\":\"Portada\",\"item\":\"https:\\\/\\\/fisbein.com\\\/ca\\\/\"},{\"@type\":\"ListItem\",\"position\":2,\"name\":\"Botiga\",\"item\":\"https:\\\/\\\/fisbein.com\\\/ca\\\/joies\\\/\"},{\"@type\":\"ListItem\",\"position\":3,\"name\":\"Anell plata esmalt rod\u00f3\u00a0Alhambra estrella 8 puntes\"}]},{\"@type\":\"WebSite\",\"@id\":\"https:\\\/\\\/fisbein.com\\\/ca\\\/#website\",\"url\":\"https:\\\/\\\/fisbein.com\\\/ca\\\/\",\"name\":\"Fisbein\",\"description\":\"\",\"publisher\":{\"@id\":\"https:\\\/\\\/fisbein.com\\\/ca\\\/#organization\"},\"potentialAction\":[{\"@type\":\"SearchAction\",\"target\":{\"@type\":\"EntryPoint\",\"urlTemplate\":\"https:\\\/\\\/fisbein.com\\\/ca\\\/?s={search_term_string}\"},\"query-input\":{\"@type\":\"PropertyValueSpecification\",\"valueRequired\":true,\"valueName\":\"search_term_string\"}}],\"inLanguage\":\"ca\"},{\"@type\":\"Organization\",\"@id\":\"https:\\\/\\\/fisbein.com\\\/ca\\\/#organization\",\"name\":\"Fisbein\",\"url\":\"https:\\\/\\\/fisbein.com\\\/ca\\\/\",\"logo\":{\"@type\":\"ImageObject\",\"inLanguage\":\"ca\",\"@id\":\"https:\\\/\\\/fisbein.com\\\/ca\\\/#\\\/schema\\\/logo\\\/image\\\/\",\"url\":\"https:\\\/\\\/fisbein.com\\\/wp-content\\\/uploads\\\/2026\\\/02\\\/logo-fisbein-seo.svg\",\"contentUrl\":\"https:\\\/\\\/fisbein.com\\\/wp-content\\\/uploads\\\/2026\\\/02\\\/logo-fisbein-seo.svg\",\"width\":1,\"height\":1,\"caption\":\"Fisbein\"},\"image\":{\"@id\":\"https:\\\/\\\/fisbein.com\\\/ca\\\/#\\\/schema\\\/logo\\\/image\\\/\"},\"sameAs\":[\"https:\\\/\\\/www.facebook.com\\\/andrea.fisbein.5\",\"https:\\\/\\\/www.instagram.com\\\/fisbein\\\/\"]}]}<\/script>\n<!-- \/ Yoast SEO plugin. -->","yoast_head_json":{"title":"Anell plata esmalt rod\u00f3\u00a0Alhambra estrella 8 puntes - Fisbein","description":"Anell plata de llei i esmalt, part superior rodona. Dibuix inspirat en els enrajolats de l'Alhambra, amb dibuix estrella 8 puntes","robots":{"index":"index","follow":"follow","max-snippet":"max-snippet:-1","max-image-preview":"max-image-preview:large","max-video-preview":"max-video-preview:-1"},"canonical":"https:\/\/fisbein.com\/ca\/joia-art\/anell-plata-esmalt-rodo-alhambra-estrella-8-puntes\/","og_locale":"ca_ES","og_type":"article","og_title":"Anell plata esmalt rod\u00f3\u00a0Alhambra estrella 8 puntes - Fisbein","og_description":"Anell plata de llei i esmalt, part superior rodona. Dibuix inspirat en els enrajolats de l'Alhambra, amb dibuix estrella 8 puntes","og_url":"https:\/\/fisbein.com\/ca\/joia-art\/anell-plata-esmalt-rodo-alhambra-estrella-8-puntes\/","og_site_name":"Fisbein","article_publisher":"https:\/\/www.facebook.com\/andrea.fisbein.5","article_modified_time":"2026-03-19T16:32:23+00:00","og_image":[{"width":1080,"height":1080,"url":"https:\/\/i0.wp.com\/fisbein.com\/wp-content\/uploads\/2025\/12\/AAG-006-Alhambra-enamel-silverring-star-Fisbein-Barcelona-2.jpg?fit=1080%2C1080&quality=89&ssl=1","type":"image\/jpeg"}],"twitter_card":"summary_large_image","twitter_misc":{"Temps estimat de lectura":"1 minut"},"schema":{"@context":"https:\/\/schema.org","@graph":[{"@type":"WebPage","@id":"https:\/\/fisbein.com\/ca\/joia-art\/anell-plata-esmalt-rodo-alhambra-estrella-8-puntes\/","url":"https:\/\/fisbein.com\/ca\/joia-art\/anell-plata-esmalt-rodo-alhambra-estrella-8-puntes\/","name":"Anell plata esmalt rod\u00f3\u00a0Alhambra estrella 8 puntes - Fisbein","isPartOf":{"@id":"https:\/\/fisbein.com\/ca\/#website"},"primaryImageOfPage":{"@id":"https:\/\/fisbein.com\/ca\/joia-art\/anell-plata-esmalt-rodo-alhambra-estrella-8-puntes\/#primaryimage"},"image":{"@id":"https:\/\/fisbein.com\/ca\/joia-art\/anell-plata-esmalt-rodo-alhambra-estrella-8-puntes\/#primaryimage"},"thumbnailUrl":"https:\/\/i0.wp.com\/fisbein.com\/wp-content\/uploads\/2025\/12\/AAG-006-Alhambra-enamel-silverring-star-Fisbein-Barcelona-2.jpg?fit=1080%2C1080&quality=82&ssl=1","datePublished":"2026-02-17T23:39:03+00:00","dateModified":"2026-03-19T16:32:23+00:00","description":"Anell plata de llei i esmalt, part superior rodona. Dibuix inspirat en els enrajolats de l'Alhambra, amb dibuix estrella 8 puntes","breadcrumb":{"@id":"https:\/\/fisbein.com\/ca\/joia-art\/anell-plata-esmalt-rodo-alhambra-estrella-8-puntes\/#breadcrumb"},"inLanguage":"ca","potentialAction":[{"@type":"ReadAction","target":["https:\/\/fisbein.com\/ca\/joia-art\/anell-plata-esmalt-rodo-alhambra-estrella-8-puntes\/"]}]},{"@type":"ImageObject","inLanguage":"ca","@id":"https:\/\/fisbein.com\/ca\/joia-art\/anell-plata-esmalt-rodo-alhambra-estrella-8-puntes\/#primaryimage","url":"https:\/\/i0.wp.com\/fisbein.com\/wp-content\/uploads\/2025\/12\/AAG-006-Alhambra-enamel-silverring-star-Fisbein-Barcelona-2.jpg?fit=1080%2C1080&quality=82&ssl=1","contentUrl":"https:\/\/i0.wp.com\/fisbein.com\/wp-content\/uploads\/2025\/12\/AAG-006-Alhambra-enamel-silverring-star-Fisbein-Barcelona-2.jpg?fit=1080%2C1080&quality=82&ssl=1","width":1080,"height":1080},{"@type":"BreadcrumbList","@id":"https:\/\/fisbein.com\/ca\/joia-art\/anell-plata-esmalt-rodo-alhambra-estrella-8-puntes\/#breadcrumb","itemListElement":[{"@type":"ListItem","position":1,"name":"Portada","item":"https:\/\/fisbein.com\/ca\/"},{"@type":"ListItem","position":2,"name":"Botiga","item":"https:\/\/fisbein.com\/ca\/joies\/"},{"@type":"ListItem","position":3,"name":"Anell plata esmalt rod\u00f3\u00a0Alhambra estrella 8 puntes"}]},{"@type":"WebSite","@id":"https:\/\/fisbein.com\/ca\/#website","url":"https:\/\/fisbein.com\/ca\/","name":"Fisbein","description":"","publisher":{"@id":"https:\/\/fisbein.com\/ca\/#organization"},"potentialAction":[{"@type":"SearchAction","target":{"@type":"EntryPoint","urlTemplate":"https:\/\/fisbein.com\/ca\/?s={search_term_string}"},"query-input":{"@type":"PropertyValueSpecification","valueRequired":true,"valueName":"search_term_string"}}],"inLanguage":"ca"},{"@type":"Organization","@id":"https:\/\/fisbein.com\/ca\/#organization","name":"Fisbein","url":"https:\/\/fisbein.com\/ca\/","logo":{"@type":"ImageObject","inLanguage":"ca","@id":"https:\/\/fisbein.com\/ca\/#\/schema\/logo\/image\/","url":"https:\/\/fisbein.com\/wp-content\/uploads\/2026\/02\/logo-fisbein-seo.svg","contentUrl":"https:\/\/fisbein.com\/wp-content\/uploads\/2026\/02\/logo-fisbein-seo.svg","width":1,"height":1,"caption":"Fisbein"},"image":{"@id":"https:\/\/fisbein.com\/ca\/#\/schema\/logo\/image\/"},"sameAs":["https:\/\/www.facebook.com\/andrea.fisbein.5","https:\/\/www.instagram.com\/fisbein\/"]}]}},"jetpack_sharing_enabled":true,"_links":{"self":[{"href":"https:\/\/fisbein.com\/ca\/wp-json\/wp\/v2\/product\/1734","targetHints":{"allow":["GET"]}}],"collection":[{"href":"https:\/\/fisbein.com\/ca\/wp-json\/wp\/v2\/product"}],"about":[{"href":"https:\/\/fisbein.com\/ca\/wp-json\/wp\/v2\/types\/product"}],"replies":[{"embeddable":true,"href":"https:\/\/fisbein.com\/ca\/wp-json\/wp\/v2\/comments?post=1734"}],"wp:featuredmedia":[{"embeddable":true,"href":"https:\/\/fisbein.com\/ca\/wp-json\/wp\/v2\/media\/2744"}],"wp:attachment":[{"href":"https:\/\/fisbein.com\/ca\/wp-json\/wp\/v2\/media?parent=1734"}],"wp:term":[{"taxonomy":"coleccion","embeddable":true,"href":"https:\/\/fisbein.com\/ca\/wp-json\/wp\/v2\/coleccion?post=1734"},{"taxonomy":"product_brand","embeddable":true,"href":"https:\/\/fisbein.com\/ca\/wp-json\/wp\/v2\/product_brand?post=1734"},{"taxonomy":"product_cat","embeddable":true,"href":"https:\/\/fisbein.com\/ca\/wp-json\/wp\/v2\/product_cat?post=1734"},{"taxonomy":"product_tag","embeddable":true,"href":"https:\/\/fisbein.com\/ca\/wp-json\/wp\/v2\/product_tag?post=1734"}],"curies":[{"name":"wp","href":"https:\/\/api.w.org\/{rel}","templated":true}]}}