{"id":1714,"date":"2026-02-17T23:38:40","date_gmt":"2026-02-17T23:38:40","guid":{"rendered":"https:\/\/fisbein.com\/?post_type=product&#038;p=1714"},"modified":"2026-03-19T17:06:14","modified_gmt":"2026-03-19T17:06:14","slug":"arracada-porta-pedrera-esmalt","status":"publish","type":"product","link":"https:\/\/fisbein.com\/ca\/joia-art\/arracada-porta-pedrera-esmalt\/","title":{"rendered":"Arracada porta Pedrera esmalt"},"content":{"rendered":"<p>Arracades inspirat en el dibuix del forjat de la magn\u00edfica porta de la Pedrera ( Casa Mil\u00e0) emblem\u00e0tic edifici de l\u2019Arquitecte Antoni Gaud\u00ed de la ciutat de Barcelona. Pe\u00e7a realitzada en plata amb esmalt al foc en una amplia gama de diferents i elegants tonalitats. La delicada forma exterior en petites ones, aix\u00ed com el dibuix interior s\u2019assemblen a l\u2019estructura del sinu\u00f3s forjat de la porta de la Pedrera. Les arracades tenen tanca a pressi\u00f3 amb papallona.<\/p>\n","protected":false},"excerpt":{"rendered":"<p>Arracades inspirades en el dibuix de el forjat de la porta de la Pedrera edifici de l&#8217;arquitecte Antoni Gaud\u00ed de Barcelona. Pe\u00e7a realitzada en plata amb esmalt amb una \u00e0mplia gamma de diferents tonalitats<\/p>\n","protected":false},"featured_media":2804,"comment_status":"open","ping_status":"closed","template":"","meta":{"_acf_changed":false},"coleccion":[188],"product_brand":[],"product_cat":[74],"product_tag":[],"class_list":{"0":"post-1714","1":"product","2":"type-product","3":"status-publish","4":"has-post-thumbnail","6":"coleccion-porta-pedrera","7":"product_cat-arracades","8":"pa_acabados-attr-acabados-plata-brillante-ca","9":"pa_acabados-attr-acabados-cierre-presion-ca","10":"pa_materiales-attr-materiales-rodio-ca","11":"pa_materiales-attr-materiales-esmalte-ca","13":"first","14":"instock","15":"shipping-taxable","16":"purchasable","17":"product-type-simple"},"acf":[],"yoast_head":"<!-- This site is optimized with the Yoast SEO plugin v27.4 - https:\/\/yoast.com\/product\/yoast-seo-wordpress\/ -->\n<title>Arracada porta Pedrera esmalt - Fisbein<\/title>\n<meta name=\"robots\" content=\"index, follow, max-snippet:-1, max-image-preview:large, max-video-preview:-1\" \/>\n<link rel=\"canonical\" href=\"https:\/\/fisbein.com\/ca\/joia-art\/arracada-porta-pedrera-esmalt\/\" \/>\n<meta property=\"og:locale\" content=\"ca_ES\" \/>\n<meta property=\"og:type\" content=\"article\" \/>\n<meta property=\"og:title\" content=\"Arracada porta Pedrera esmalt - Fisbein\" \/>\n<meta property=\"og:description\" content=\"Arracades inspirades en el dibuix de el forjat de la porta de la Pedrera edifici de l&#039;arquitecte Antoni Gaud\u00ed de Barcelona. Pe\u00e7a realitzada en plata amb esmalt amb una \u00e0mplia gamma de diferents tonalitats\" \/>\n<meta property=\"og:url\" content=\"https:\/\/fisbein.com\/ca\/joia-art\/arracada-porta-pedrera-esmalt\/\" \/>\n<meta property=\"og:site_name\" content=\"Fisbein\" \/>\n<meta property=\"article:publisher\" content=\"https:\/\/www.facebook.com\/andrea.fisbein.5\" \/>\n<meta property=\"article:modified_time\" content=\"2026-03-19T17:06:14+00:00\" \/>\n<meta property=\"og:image\" content=\"https:\/\/i0.wp.com\/fisbein.com\/wp-content\/uploads\/2025\/12\/Pk-2488-Pedrera-door-multicolor-enamel-silver-earring-Fisbein-1.jpg?fit=1080%2C1080&quality=89&ssl=1\" \/>\n\t<meta property=\"og:image:width\" content=\"1080\" \/>\n\t<meta property=\"og:image:height\" content=\"1080\" \/>\n\t<meta property=\"og:image:type\" content=\"image\/jpeg\" \/>\n<meta name=\"twitter:card\" content=\"summary_large_image\" \/>\n<script type=\"application\/ld+json\" class=\"yoast-schema-graph\">{\"@context\":\"https:\\\/\\\/schema.org\",\"@graph\":[{\"@type\":\"WebPage\",\"@id\":\"https:\\\/\\\/fisbein.com\\\/ca\\\/joia-art\\\/arracada-porta-pedrera-esmalt\\\/\",\"url\":\"https:\\\/\\\/fisbein.com\\\/ca\\\/joia-art\\\/arracada-porta-pedrera-esmalt\\\/\",\"name\":\"Arracada porta Pedrera esmalt - Fisbein\",\"isPartOf\":{\"@id\":\"https:\\\/\\\/fisbein.com\\\/ca\\\/#website\"},\"primaryImageOfPage\":{\"@id\":\"https:\\\/\\\/fisbein.com\\\/ca\\\/joia-art\\\/arracada-porta-pedrera-esmalt\\\/#primaryimage\"},\"image\":{\"@id\":\"https:\\\/\\\/fisbein.com\\\/ca\\\/joia-art\\\/arracada-porta-pedrera-esmalt\\\/#primaryimage\"},\"thumbnailUrl\":\"https:\\\/\\\/i0.wp.com\\\/fisbein.com\\\/wp-content\\\/uploads\\\/2025\\\/12\\\/Pk-2488-Pedrera-door-multicolor-enamel-silver-earring-Fisbein-1.jpg?fit=1080%2C1080&quality=82&ssl=1\",\"datePublished\":\"2026-02-17T23:38:40+00:00\",\"dateModified\":\"2026-03-19T17:06:14+00:00\",\"breadcrumb\":{\"@id\":\"https:\\\/\\\/fisbein.com\\\/ca\\\/joia-art\\\/arracada-porta-pedrera-esmalt\\\/#breadcrumb\"},\"inLanguage\":\"ca\",\"potentialAction\":[{\"@type\":\"ReadAction\",\"target\":[\"https:\\\/\\\/fisbein.com\\\/ca\\\/joia-art\\\/arracada-porta-pedrera-esmalt\\\/\"]}]},{\"@type\":\"ImageObject\",\"inLanguage\":\"ca\",\"@id\":\"https:\\\/\\\/fisbein.com\\\/ca\\\/joia-art\\\/arracada-porta-pedrera-esmalt\\\/#primaryimage\",\"url\":\"https:\\\/\\\/i0.wp.com\\\/fisbein.com\\\/wp-content\\\/uploads\\\/2025\\\/12\\\/Pk-2488-Pedrera-door-multicolor-enamel-silver-earring-Fisbein-1.jpg?fit=1080%2C1080&quality=82&ssl=1\",\"contentUrl\":\"https:\\\/\\\/i0.wp.com\\\/fisbein.com\\\/wp-content\\\/uploads\\\/2025\\\/12\\\/Pk-2488-Pedrera-door-multicolor-enamel-silver-earring-Fisbein-1.jpg?fit=1080%2C1080&quality=82&ssl=1\",\"width\":1080,\"height\":1080},{\"@type\":\"BreadcrumbList\",\"@id\":\"https:\\\/\\\/fisbein.com\\\/ca\\\/joia-art\\\/arracada-porta-pedrera-esmalt\\\/#breadcrumb\",\"itemListElement\":[{\"@type\":\"ListItem\",\"position\":1,\"name\":\"Portada\",\"item\":\"https:\\\/\\\/fisbein.com\\\/ca\\\/\"},{\"@type\":\"ListItem\",\"position\":2,\"name\":\"Botiga\",\"item\":\"https:\\\/\\\/fisbein.com\\\/ca\\\/joies\\\/\"},{\"@type\":\"ListItem\",\"position\":3,\"name\":\"Arracada porta Pedrera esmalt\"}]},{\"@type\":\"WebSite\",\"@id\":\"https:\\\/\\\/fisbein.com\\\/ca\\\/#website\",\"url\":\"https:\\\/\\\/fisbein.com\\\/ca\\\/\",\"name\":\"Fisbein\",\"description\":\"\",\"publisher\":{\"@id\":\"https:\\\/\\\/fisbein.com\\\/ca\\\/#organization\"},\"potentialAction\":[{\"@type\":\"SearchAction\",\"target\":{\"@type\":\"EntryPoint\",\"urlTemplate\":\"https:\\\/\\\/fisbein.com\\\/ca\\\/?s={search_term_string}\"},\"query-input\":{\"@type\":\"PropertyValueSpecification\",\"valueRequired\":true,\"valueName\":\"search_term_string\"}}],\"inLanguage\":\"ca\"},{\"@type\":\"Organization\",\"@id\":\"https:\\\/\\\/fisbein.com\\\/ca\\\/#organization\",\"name\":\"Fisbein\",\"url\":\"https:\\\/\\\/fisbein.com\\\/ca\\\/\",\"logo\":{\"@type\":\"ImageObject\",\"inLanguage\":\"ca\",\"@id\":\"https:\\\/\\\/fisbein.com\\\/ca\\\/#\\\/schema\\\/logo\\\/image\\\/\",\"url\":\"https:\\\/\\\/fisbein.com\\\/wp-content\\\/uploads\\\/2026\\\/02\\\/logo-fisbein-seo.svg\",\"contentUrl\":\"https:\\\/\\\/fisbein.com\\\/wp-content\\\/uploads\\\/2026\\\/02\\\/logo-fisbein-seo.svg\",\"width\":1,\"height\":1,\"caption\":\"Fisbein\"},\"image\":{\"@id\":\"https:\\\/\\\/fisbein.com\\\/ca\\\/#\\\/schema\\\/logo\\\/image\\\/\"},\"sameAs\":[\"https:\\\/\\\/www.facebook.com\\\/andrea.fisbein.5\",\"https:\\\/\\\/www.instagram.com\\\/fisbein\\\/\"]}]}<\/script>\n<!-- \/ Yoast SEO plugin. -->","yoast_head_json":{"title":"Arracada porta Pedrera esmalt - Fisbein","robots":{"index":"index","follow":"follow","max-snippet":"max-snippet:-1","max-image-preview":"max-image-preview:large","max-video-preview":"max-video-preview:-1"},"canonical":"https:\/\/fisbein.com\/ca\/joia-art\/arracada-porta-pedrera-esmalt\/","og_locale":"ca_ES","og_type":"article","og_title":"Arracada porta Pedrera esmalt - Fisbein","og_description":"Arracades inspirades en el dibuix de el forjat de la porta de la Pedrera edifici de l'arquitecte Antoni Gaud\u00ed de Barcelona. Pe\u00e7a realitzada en plata amb esmalt amb una \u00e0mplia gamma de diferents tonalitats","og_url":"https:\/\/fisbein.com\/ca\/joia-art\/arracada-porta-pedrera-esmalt\/","og_site_name":"Fisbein","article_publisher":"https:\/\/www.facebook.com\/andrea.fisbein.5","article_modified_time":"2026-03-19T17:06:14+00:00","og_image":[{"width":1080,"height":1080,"url":"https:\/\/i0.wp.com\/fisbein.com\/wp-content\/uploads\/2025\/12\/Pk-2488-Pedrera-door-multicolor-enamel-silver-earring-Fisbein-1.jpg?fit=1080%2C1080&quality=89&ssl=1","type":"image\/jpeg"}],"twitter_card":"summary_large_image","schema":{"@context":"https:\/\/schema.org","@graph":[{"@type":"WebPage","@id":"https:\/\/fisbein.com\/ca\/joia-art\/arracada-porta-pedrera-esmalt\/","url":"https:\/\/fisbein.com\/ca\/joia-art\/arracada-porta-pedrera-esmalt\/","name":"Arracada porta Pedrera esmalt - Fisbein","isPartOf":{"@id":"https:\/\/fisbein.com\/ca\/#website"},"primaryImageOfPage":{"@id":"https:\/\/fisbein.com\/ca\/joia-art\/arracada-porta-pedrera-esmalt\/#primaryimage"},"image":{"@id":"https:\/\/fisbein.com\/ca\/joia-art\/arracada-porta-pedrera-esmalt\/#primaryimage"},"thumbnailUrl":"https:\/\/i0.wp.com\/fisbein.com\/wp-content\/uploads\/2025\/12\/Pk-2488-Pedrera-door-multicolor-enamel-silver-earring-Fisbein-1.jpg?fit=1080%2C1080&quality=82&ssl=1","datePublished":"2026-02-17T23:38:40+00:00","dateModified":"2026-03-19T17:06:14+00:00","breadcrumb":{"@id":"https:\/\/fisbein.com\/ca\/joia-art\/arracada-porta-pedrera-esmalt\/#breadcrumb"},"inLanguage":"ca","potentialAction":[{"@type":"ReadAction","target":["https:\/\/fisbein.com\/ca\/joia-art\/arracada-porta-pedrera-esmalt\/"]}]},{"@type":"ImageObject","inLanguage":"ca","@id":"https:\/\/fisbein.com\/ca\/joia-art\/arracada-porta-pedrera-esmalt\/#primaryimage","url":"https:\/\/i0.wp.com\/fisbein.com\/wp-content\/uploads\/2025\/12\/Pk-2488-Pedrera-door-multicolor-enamel-silver-earring-Fisbein-1.jpg?fit=1080%2C1080&quality=82&ssl=1","contentUrl":"https:\/\/i0.wp.com\/fisbein.com\/wp-content\/uploads\/2025\/12\/Pk-2488-Pedrera-door-multicolor-enamel-silver-earring-Fisbein-1.jpg?fit=1080%2C1080&quality=82&ssl=1","width":1080,"height":1080},{"@type":"BreadcrumbList","@id":"https:\/\/fisbein.com\/ca\/joia-art\/arracada-porta-pedrera-esmalt\/#breadcrumb","itemListElement":[{"@type":"ListItem","position":1,"name":"Portada","item":"https:\/\/fisbein.com\/ca\/"},{"@type":"ListItem","position":2,"name":"Botiga","item":"https:\/\/fisbein.com\/ca\/joies\/"},{"@type":"ListItem","position":3,"name":"Arracada porta Pedrera esmalt"}]},{"@type":"WebSite","@id":"https:\/\/fisbein.com\/ca\/#website","url":"https:\/\/fisbein.com\/ca\/","name":"Fisbein","description":"","publisher":{"@id":"https:\/\/fisbein.com\/ca\/#organization"},"potentialAction":[{"@type":"SearchAction","target":{"@type":"EntryPoint","urlTemplate":"https:\/\/fisbein.com\/ca\/?s={search_term_string}"},"query-input":{"@type":"PropertyValueSpecification","valueRequired":true,"valueName":"search_term_string"}}],"inLanguage":"ca"},{"@type":"Organization","@id":"https:\/\/fisbein.com\/ca\/#organization","name":"Fisbein","url":"https:\/\/fisbein.com\/ca\/","logo":{"@type":"ImageObject","inLanguage":"ca","@id":"https:\/\/fisbein.com\/ca\/#\/schema\/logo\/image\/","url":"https:\/\/fisbein.com\/wp-content\/uploads\/2026\/02\/logo-fisbein-seo.svg","contentUrl":"https:\/\/fisbein.com\/wp-content\/uploads\/2026\/02\/logo-fisbein-seo.svg","width":1,"height":1,"caption":"Fisbein"},"image":{"@id":"https:\/\/fisbein.com\/ca\/#\/schema\/logo\/image\/"},"sameAs":["https:\/\/www.facebook.com\/andrea.fisbein.5","https:\/\/www.instagram.com\/fisbein\/"]}]}},"jetpack_sharing_enabled":true,"_links":{"self":[{"href":"https:\/\/fisbein.com\/ca\/wp-json\/wp\/v2\/product\/1714","targetHints":{"allow":["GET"]}}],"collection":[{"href":"https:\/\/fisbein.com\/ca\/wp-json\/wp\/v2\/product"}],"about":[{"href":"https:\/\/fisbein.com\/ca\/wp-json\/wp\/v2\/types\/product"}],"replies":[{"embeddable":true,"href":"https:\/\/fisbein.com\/ca\/wp-json\/wp\/v2\/comments?post=1714"}],"wp:featuredmedia":[{"embeddable":true,"href":"https:\/\/fisbein.com\/ca\/wp-json\/wp\/v2\/media\/2804"}],"wp:attachment":[{"href":"https:\/\/fisbein.com\/ca\/wp-json\/wp\/v2\/media?parent=1714"}],"wp:term":[{"taxonomy":"coleccion","embeddable":true,"href":"https:\/\/fisbein.com\/ca\/wp-json\/wp\/v2\/coleccion?post=1714"},{"taxonomy":"product_brand","embeddable":true,"href":"https:\/\/fisbein.com\/ca\/wp-json\/wp\/v2\/product_brand?post=1714"},{"taxonomy":"product_cat","embeddable":true,"href":"https:\/\/fisbein.com\/ca\/wp-json\/wp\/v2\/product_cat?post=1714"},{"taxonomy":"product_tag","embeddable":true,"href":"https:\/\/fisbein.com\/ca\/wp-json\/wp\/v2\/product_tag?post=1714"}],"curies":[{"name":"wp","href":"https:\/\/api.w.org\/{rel}","templated":true}]}}