{"id":1591,"date":"2026-02-17T23:37:10","date_gmt":"2026-02-17T23:37:10","guid":{"rendered":"https:\/\/fisbein.com\/?post_type=product&#038;p=1591"},"modified":"2026-03-19T18:19:10","modified_gmt":"2026-03-19T18:19:10","slug":"arracades-arquitectura-gotica-esmalt-translucid-vermell-venecia","status":"publish","type":"product","link":"https:\/\/fisbein.com\/ca\/joia-art\/arracades-arquitectura-gotica-esmalt-translucid-vermell-venecia\/","title":{"rendered":"Arracades arquitectura g\u00f2tica esmalt transl\u00facid vermell Ven\u00e8cia"},"content":{"rendered":"<p>Arracades inspirat en una de les magn\u00edfiques caracter\u00edstiques de l&#8217;arquitectura g\u00f2tica, els \u00f2culs quadrilobulats que presideixen les 71 columnes que conformen la fa\u00e7ana del Palau Ducal a Ven\u00e8cia. La delicada silueta de la pe\u00e7a \u00e9s una replica exacta de l&#8217;original. Les dues peces que formen els pendents tenen una silueta que recorda a una flor de quatre puntes arrodonides amb esmalt transl\u00facid de color vermell a l&#8217;interior a la part inferior i opac una mica brillant a la superior, a m\u00e9s gr\u00e0cies a l&#8217;articulaci\u00f3 que uneix la pe\u00e7a superior amb la pe\u00e7a inferior obtenim un subtil moviment a l&#8217;hora de lluir-les. Arracades fets en plata de llei banyada en rodi amb esmalt transl\u00facid i normal brillant en vermell amb tanca de pressi\u00f3 amb una papallona<\/p>\n","protected":false},"excerpt":{"rendered":"<p>Arracdes de dues peces replica d&#8217;una de les caracter\u00edstiques arquitect\u00f2niques del g\u00f2tic. Fet en plata banyada en rodi amb esmalt transl\u00facid i brillant en vermells Ven\u00e8cia<\/p>\n","protected":false},"featured_media":3152,"comment_status":"open","ping_status":"closed","template":"","meta":{"_acf_changed":false},"coleccion":[190],"product_brand":[],"product_cat":[74],"product_tag":[],"class_list":{"0":"post-1591","1":"product","2":"type-product","3":"status-publish","4":"has-post-thumbnail","6":"coleccion-gotic","7":"product_cat-arracades","8":"pa_acabados-attr-acabados-plata-brillante-ca","9":"pa_acabados-attr-acabados-cierre-catalan-ca","10":"pa_materiales-attr-materiales-rodio-ca","11":"pa_materiales-attr-materiales-esmalte-ca","12":"pa_materiales-attr-materiales-esmalte-translucido-ca","14":"first","15":"instock","16":"shipping-taxable","17":"purchasable","18":"product-type-simple"},"acf":[],"yoast_head":"<!-- This site is optimized with the Yoast SEO plugin v27.4 - https:\/\/yoast.com\/product\/yoast-seo-wordpress\/ -->\n<title>Arracades arquitectura g\u00f2tica esmalt transl\u00facid vermell Ven\u00e8cia - Fisbein<\/title>\n<meta name=\"robots\" content=\"index, follow, max-snippet:-1, max-image-preview:large, max-video-preview:-1\" \/>\n<link rel=\"canonical\" href=\"https:\/\/fisbein.com\/ca\/joia-art\/arracades-arquitectura-gotica-esmalt-translucid-vermell-venecia\/\" \/>\n<meta property=\"og:locale\" content=\"ca_ES\" \/>\n<meta property=\"og:type\" content=\"article\" \/>\n<meta property=\"og:title\" content=\"Arracades arquitectura g\u00f2tica esmalt transl\u00facid vermell Ven\u00e8cia - Fisbein\" \/>\n<meta property=\"og:description\" content=\"Arracdes de dues peces replica d&#039;una de les caracter\u00edstiques arquitect\u00f2niques del g\u00f2tic. Fet en plata banyada en rodi amb esmalt transl\u00facid i brillant en vermells Ven\u00e8cia\" \/>\n<meta property=\"og:url\" content=\"https:\/\/fisbein.com\/ca\/joia-art\/arracades-arquitectura-gotica-esmalt-translucid-vermell-venecia\/\" \/>\n<meta property=\"og:site_name\" content=\"Fisbein\" \/>\n<meta property=\"article:publisher\" content=\"https:\/\/www.facebook.com\/andrea.fisbein.5\" \/>\n<meta property=\"article:modified_time\" content=\"2026-03-19T18:19:10+00:00\" \/>\n<meta property=\"og:image\" content=\"https:\/\/i0.wp.com\/fisbein.com\/wp-content\/uploads\/2025\/12\/PDP-022-Fisbein-red-enamel-earring-enamel-silver-jewelry-Venice-Barcelona-21.jpeg?fit=1080%2C1080&quality=89&ssl=1\" \/>\n\t<meta property=\"og:image:width\" content=\"1080\" \/>\n\t<meta property=\"og:image:height\" content=\"1080\" \/>\n\t<meta property=\"og:image:type\" content=\"image\/jpeg\" \/>\n<meta name=\"twitter:card\" content=\"summary_large_image\" \/>\n<meta name=\"twitter:label1\" content=\"Temps estimat de lectura\" \/>\n\t<meta name=\"twitter:data1\" content=\"1 minut\" \/>\n<script type=\"application\/ld+json\" class=\"yoast-schema-graph\">{\"@context\":\"https:\\\/\\\/schema.org\",\"@graph\":[{\"@type\":\"WebPage\",\"@id\":\"https:\\\/\\\/fisbein.com\\\/ca\\\/joia-art\\\/arracades-arquitectura-gotica-esmalt-translucid-vermell-venecia\\\/\",\"url\":\"https:\\\/\\\/fisbein.com\\\/ca\\\/joia-art\\\/arracades-arquitectura-gotica-esmalt-translucid-vermell-venecia\\\/\",\"name\":\"Arracades arquitectura g\u00f2tica esmalt transl\u00facid vermell Ven\u00e8cia - Fisbein\",\"isPartOf\":{\"@id\":\"https:\\\/\\\/fisbein.com\\\/ca\\\/#website\"},\"primaryImageOfPage\":{\"@id\":\"https:\\\/\\\/fisbein.com\\\/ca\\\/joia-art\\\/arracades-arquitectura-gotica-esmalt-translucid-vermell-venecia\\\/#primaryimage\"},\"image\":{\"@id\":\"https:\\\/\\\/fisbein.com\\\/ca\\\/joia-art\\\/arracades-arquitectura-gotica-esmalt-translucid-vermell-venecia\\\/#primaryimage\"},\"thumbnailUrl\":\"https:\\\/\\\/i0.wp.com\\\/fisbein.com\\\/wp-content\\\/uploads\\\/2025\\\/12\\\/PDP-022-Fisbein-red-enamel-earring-enamel-silver-jewelry-Venice-Barcelona-21.jpeg?fit=1080%2C1080&quality=82&ssl=1\",\"datePublished\":\"2026-02-17T23:37:10+00:00\",\"dateModified\":\"2026-03-19T18:19:10+00:00\",\"breadcrumb\":{\"@id\":\"https:\\\/\\\/fisbein.com\\\/ca\\\/joia-art\\\/arracades-arquitectura-gotica-esmalt-translucid-vermell-venecia\\\/#breadcrumb\"},\"inLanguage\":\"ca\",\"potentialAction\":[{\"@type\":\"ReadAction\",\"target\":[\"https:\\\/\\\/fisbein.com\\\/ca\\\/joia-art\\\/arracades-arquitectura-gotica-esmalt-translucid-vermell-venecia\\\/\"]}]},{\"@type\":\"ImageObject\",\"inLanguage\":\"ca\",\"@id\":\"https:\\\/\\\/fisbein.com\\\/ca\\\/joia-art\\\/arracades-arquitectura-gotica-esmalt-translucid-vermell-venecia\\\/#primaryimage\",\"url\":\"https:\\\/\\\/i0.wp.com\\\/fisbein.com\\\/wp-content\\\/uploads\\\/2025\\\/12\\\/PDP-022-Fisbein-red-enamel-earring-enamel-silver-jewelry-Venice-Barcelona-21.jpeg?fit=1080%2C1080&quality=82&ssl=1\",\"contentUrl\":\"https:\\\/\\\/i0.wp.com\\\/fisbein.com\\\/wp-content\\\/uploads\\\/2025\\\/12\\\/PDP-022-Fisbein-red-enamel-earring-enamel-silver-jewelry-Venice-Barcelona-21.jpeg?fit=1080%2C1080&quality=82&ssl=1\",\"width\":1080,\"height\":1080},{\"@type\":\"BreadcrumbList\",\"@id\":\"https:\\\/\\\/fisbein.com\\\/ca\\\/joia-art\\\/arracades-arquitectura-gotica-esmalt-translucid-vermell-venecia\\\/#breadcrumb\",\"itemListElement\":[{\"@type\":\"ListItem\",\"position\":1,\"name\":\"Portada\",\"item\":\"https:\\\/\\\/fisbein.com\\\/ca\\\/\"},{\"@type\":\"ListItem\",\"position\":2,\"name\":\"Botiga\",\"item\":\"https:\\\/\\\/fisbein.com\\\/ca\\\/joies\\\/\"},{\"@type\":\"ListItem\",\"position\":3,\"name\":\"Arracades arquitectura g\u00f2tica esmalt transl\u00facid vermell Ven\u00e8cia\"}]},{\"@type\":\"WebSite\",\"@id\":\"https:\\\/\\\/fisbein.com\\\/ca\\\/#website\",\"url\":\"https:\\\/\\\/fisbein.com\\\/ca\\\/\",\"name\":\"Fisbein\",\"description\":\"\",\"publisher\":{\"@id\":\"https:\\\/\\\/fisbein.com\\\/ca\\\/#organization\"},\"potentialAction\":[{\"@type\":\"SearchAction\",\"target\":{\"@type\":\"EntryPoint\",\"urlTemplate\":\"https:\\\/\\\/fisbein.com\\\/ca\\\/?s={search_term_string}\"},\"query-input\":{\"@type\":\"PropertyValueSpecification\",\"valueRequired\":true,\"valueName\":\"search_term_string\"}}],\"inLanguage\":\"ca\"},{\"@type\":\"Organization\",\"@id\":\"https:\\\/\\\/fisbein.com\\\/ca\\\/#organization\",\"name\":\"Fisbein\",\"url\":\"https:\\\/\\\/fisbein.com\\\/ca\\\/\",\"logo\":{\"@type\":\"ImageObject\",\"inLanguage\":\"ca\",\"@id\":\"https:\\\/\\\/fisbein.com\\\/ca\\\/#\\\/schema\\\/logo\\\/image\\\/\",\"url\":\"https:\\\/\\\/fisbein.com\\\/wp-content\\\/uploads\\\/2026\\\/02\\\/logo-fisbein-seo.svg\",\"contentUrl\":\"https:\\\/\\\/fisbein.com\\\/wp-content\\\/uploads\\\/2026\\\/02\\\/logo-fisbein-seo.svg\",\"width\":1,\"height\":1,\"caption\":\"Fisbein\"},\"image\":{\"@id\":\"https:\\\/\\\/fisbein.com\\\/ca\\\/#\\\/schema\\\/logo\\\/image\\\/\"},\"sameAs\":[\"https:\\\/\\\/www.facebook.com\\\/andrea.fisbein.5\",\"https:\\\/\\\/www.instagram.com\\\/fisbein\\\/\"]}]}<\/script>\n<!-- \/ Yoast SEO plugin. -->","yoast_head_json":{"title":"Arracades arquitectura g\u00f2tica esmalt transl\u00facid vermell Ven\u00e8cia - Fisbein","robots":{"index":"index","follow":"follow","max-snippet":"max-snippet:-1","max-image-preview":"max-image-preview:large","max-video-preview":"max-video-preview:-1"},"canonical":"https:\/\/fisbein.com\/ca\/joia-art\/arracades-arquitectura-gotica-esmalt-translucid-vermell-venecia\/","og_locale":"ca_ES","og_type":"article","og_title":"Arracades arquitectura g\u00f2tica esmalt transl\u00facid vermell Ven\u00e8cia - Fisbein","og_description":"Arracdes de dues peces replica d'una de les caracter\u00edstiques arquitect\u00f2niques del g\u00f2tic. Fet en plata banyada en rodi amb esmalt transl\u00facid i brillant en vermells Ven\u00e8cia","og_url":"https:\/\/fisbein.com\/ca\/joia-art\/arracades-arquitectura-gotica-esmalt-translucid-vermell-venecia\/","og_site_name":"Fisbein","article_publisher":"https:\/\/www.facebook.com\/andrea.fisbein.5","article_modified_time":"2026-03-19T18:19:10+00:00","og_image":[{"width":1080,"height":1080,"url":"https:\/\/i0.wp.com\/fisbein.com\/wp-content\/uploads\/2025\/12\/PDP-022-Fisbein-red-enamel-earring-enamel-silver-jewelry-Venice-Barcelona-21.jpeg?fit=1080%2C1080&quality=89&ssl=1","type":"image\/jpeg"}],"twitter_card":"summary_large_image","twitter_misc":{"Temps estimat de lectura":"1 minut"},"schema":{"@context":"https:\/\/schema.org","@graph":[{"@type":"WebPage","@id":"https:\/\/fisbein.com\/ca\/joia-art\/arracades-arquitectura-gotica-esmalt-translucid-vermell-venecia\/","url":"https:\/\/fisbein.com\/ca\/joia-art\/arracades-arquitectura-gotica-esmalt-translucid-vermell-venecia\/","name":"Arracades arquitectura g\u00f2tica esmalt transl\u00facid vermell Ven\u00e8cia - Fisbein","isPartOf":{"@id":"https:\/\/fisbein.com\/ca\/#website"},"primaryImageOfPage":{"@id":"https:\/\/fisbein.com\/ca\/joia-art\/arracades-arquitectura-gotica-esmalt-translucid-vermell-venecia\/#primaryimage"},"image":{"@id":"https:\/\/fisbein.com\/ca\/joia-art\/arracades-arquitectura-gotica-esmalt-translucid-vermell-venecia\/#primaryimage"},"thumbnailUrl":"https:\/\/i0.wp.com\/fisbein.com\/wp-content\/uploads\/2025\/12\/PDP-022-Fisbein-red-enamel-earring-enamel-silver-jewelry-Venice-Barcelona-21.jpeg?fit=1080%2C1080&quality=82&ssl=1","datePublished":"2026-02-17T23:37:10+00:00","dateModified":"2026-03-19T18:19:10+00:00","breadcrumb":{"@id":"https:\/\/fisbein.com\/ca\/joia-art\/arracades-arquitectura-gotica-esmalt-translucid-vermell-venecia\/#breadcrumb"},"inLanguage":"ca","potentialAction":[{"@type":"ReadAction","target":["https:\/\/fisbein.com\/ca\/joia-art\/arracades-arquitectura-gotica-esmalt-translucid-vermell-venecia\/"]}]},{"@type":"ImageObject","inLanguage":"ca","@id":"https:\/\/fisbein.com\/ca\/joia-art\/arracades-arquitectura-gotica-esmalt-translucid-vermell-venecia\/#primaryimage","url":"https:\/\/i0.wp.com\/fisbein.com\/wp-content\/uploads\/2025\/12\/PDP-022-Fisbein-red-enamel-earring-enamel-silver-jewelry-Venice-Barcelona-21.jpeg?fit=1080%2C1080&quality=82&ssl=1","contentUrl":"https:\/\/i0.wp.com\/fisbein.com\/wp-content\/uploads\/2025\/12\/PDP-022-Fisbein-red-enamel-earring-enamel-silver-jewelry-Venice-Barcelona-21.jpeg?fit=1080%2C1080&quality=82&ssl=1","width":1080,"height":1080},{"@type":"BreadcrumbList","@id":"https:\/\/fisbein.com\/ca\/joia-art\/arracades-arquitectura-gotica-esmalt-translucid-vermell-venecia\/#breadcrumb","itemListElement":[{"@type":"ListItem","position":1,"name":"Portada","item":"https:\/\/fisbein.com\/ca\/"},{"@type":"ListItem","position":2,"name":"Botiga","item":"https:\/\/fisbein.com\/ca\/joies\/"},{"@type":"ListItem","position":3,"name":"Arracades arquitectura g\u00f2tica esmalt transl\u00facid vermell Ven\u00e8cia"}]},{"@type":"WebSite","@id":"https:\/\/fisbein.com\/ca\/#website","url":"https:\/\/fisbein.com\/ca\/","name":"Fisbein","description":"","publisher":{"@id":"https:\/\/fisbein.com\/ca\/#organization"},"potentialAction":[{"@type":"SearchAction","target":{"@type":"EntryPoint","urlTemplate":"https:\/\/fisbein.com\/ca\/?s={search_term_string}"},"query-input":{"@type":"PropertyValueSpecification","valueRequired":true,"valueName":"search_term_string"}}],"inLanguage":"ca"},{"@type":"Organization","@id":"https:\/\/fisbein.com\/ca\/#organization","name":"Fisbein","url":"https:\/\/fisbein.com\/ca\/","logo":{"@type":"ImageObject","inLanguage":"ca","@id":"https:\/\/fisbein.com\/ca\/#\/schema\/logo\/image\/","url":"https:\/\/fisbein.com\/wp-content\/uploads\/2026\/02\/logo-fisbein-seo.svg","contentUrl":"https:\/\/fisbein.com\/wp-content\/uploads\/2026\/02\/logo-fisbein-seo.svg","width":1,"height":1,"caption":"Fisbein"},"image":{"@id":"https:\/\/fisbein.com\/ca\/#\/schema\/logo\/image\/"},"sameAs":["https:\/\/www.facebook.com\/andrea.fisbein.5","https:\/\/www.instagram.com\/fisbein\/"]}]}},"jetpack_sharing_enabled":true,"_links":{"self":[{"href":"https:\/\/fisbein.com\/ca\/wp-json\/wp\/v2\/product\/1591","targetHints":{"allow":["GET"]}}],"collection":[{"href":"https:\/\/fisbein.com\/ca\/wp-json\/wp\/v2\/product"}],"about":[{"href":"https:\/\/fisbein.com\/ca\/wp-json\/wp\/v2\/types\/product"}],"replies":[{"embeddable":true,"href":"https:\/\/fisbein.com\/ca\/wp-json\/wp\/v2\/comments?post=1591"}],"wp:featuredmedia":[{"embeddable":true,"href":"https:\/\/fisbein.com\/ca\/wp-json\/wp\/v2\/media\/3152"}],"wp:attachment":[{"href":"https:\/\/fisbein.com\/ca\/wp-json\/wp\/v2\/media?parent=1591"}],"wp:term":[{"taxonomy":"coleccion","embeddable":true,"href":"https:\/\/fisbein.com\/ca\/wp-json\/wp\/v2\/coleccion?post=1591"},{"taxonomy":"product_brand","embeddable":true,"href":"https:\/\/fisbein.com\/ca\/wp-json\/wp\/v2\/product_brand?post=1591"},{"taxonomy":"product_cat","embeddable":true,"href":"https:\/\/fisbein.com\/ca\/wp-json\/wp\/v2\/product_cat?post=1591"},{"taxonomy":"product_tag","embeddable":true,"href":"https:\/\/fisbein.com\/ca\/wp-json\/wp\/v2\/product_tag?post=1591"}],"curies":[{"name":"wp","href":"https:\/\/api.w.org\/{rel}","templated":true}]}}