{"id":1573,"date":"2026-02-17T23:37:06","date_gmt":"2026-02-17T23:37:06","guid":{"rendered":"https:\/\/fisbein.com\/?post_type=product&#038;p=1573"},"modified":"2026-03-19T18:46:38","modified_gmt":"2026-03-19T18:46:38","slug":"anell-mosaic-esmalt-semitransparent-blau","status":"publish","type":"product","link":"https:\/\/fisbein.com\/ca\/joia-art\/anell-mosaic-esmalt-semitransparent-blau\/","title":{"rendered":"Anell mosaic esmalt semitransparent blau"},"content":{"rendered":"<p>Anell inspirat en els magn\u00edfics mosaics que l\u2019arquitecte Antoni Gaud\u00ed va realitzar al Park G\u00fcell de la ciutat Barcelona . La joia \u00e9s de plata amb esmalt al foc semitransparent en delicades tonalitats de blau clar, un dels colors m\u00e9s recurrents en els mosaics de tot el parc. La forma \u00e9s una estructura fina en la que els mateixos mosaics donen un subtil volum a la joia.<\/p>\n","protected":false},"excerpt":{"rendered":"<p><span style=\"font-family: helvetica, arial, sans-serif\">Anell inspirat en els mosaics del Park G\u00fcell de Barcelona. Fet en plata i esmalt al foc semitransparent en tonalitats blaves<\/span><\/p>\n","protected":false},"featured_media":3290,"comment_status":"open","ping_status":"closed","template":"","meta":{"_acf_changed":false},"coleccion":[180],"product_brand":[],"product_cat":[65],"product_tag":[],"class_list":{"0":"post-1573","1":"product","2":"type-product","3":"status-publish","4":"has-post-thumbnail","6":"coleccion-gaudi-barcelona","7":"product_cat-anells","8":"pa_acabados-attr-acabados-plata-brillante-ca","9":"pa_materiales-attr-materiales-rodio-ca","10":"pa_materiales-attr-materiales-esmalte-ca","11":"pa_materiales-attr-materiales-esmalte-translucido-ca","12":"pa_materiales-plata-de-llei","13":"pa_tallas-attr-tallas-12","14":"pa_tallas-attr-tallas-14","15":"pa_tallas-attr-tallas-16","16":"pa_tallas-attr-tallas-18","18":"first","19":"instock","20":"shipping-taxable","21":"purchasable","22":"product-type-variable"},"acf":[],"yoast_head":"<!-- This site is optimized with the Yoast SEO plugin v27.4 - https:\/\/yoast.com\/product\/yoast-seo-wordpress\/ -->\n<title>Anell mosaic esmalt semitransparent blau - Fisbein<\/title>\n<meta name=\"robots\" content=\"index, follow, max-snippet:-1, max-image-preview:large, max-video-preview:-1\" \/>\n<link rel=\"canonical\" href=\"https:\/\/fisbein.com\/ca\/joia-art\/anell-mosaic-esmalt-semitransparent-blau\/\" \/>\n<meta property=\"og:locale\" content=\"ca_ES\" \/>\n<meta property=\"og:type\" content=\"article\" \/>\n<meta property=\"og:title\" content=\"Anell mosaic esmalt semitransparent blau - Fisbein\" \/>\n<meta property=\"og:description\" content=\"Anell inspirat en els mosaics del Park G\u00fcell de Barcelona. Fet en plata i esmalt al foc semitransparent en tonalitats blaves\" \/>\n<meta property=\"og:url\" content=\"https:\/\/fisbein.com\/ca\/joia-art\/anell-mosaic-esmalt-semitransparent-blau\/\" \/>\n<meta property=\"og:site_name\" content=\"Fisbein\" \/>\n<meta property=\"article:publisher\" content=\"https:\/\/www.facebook.com\/andrea.fisbein.5\" \/>\n<meta property=\"article:modified_time\" content=\"2026-03-19T18:46:38+00:00\" \/>\n<meta property=\"og:image\" content=\"https:\/\/i0.wp.com\/fisbein.com\/wp-content\/uploads\/2025\/12\/Am-662-Fisbein-blue-mosaic-enamel-silver-ring-Barcelona-2.jpg?fit=1080%2C1080&quality=89&ssl=1\" \/>\n\t<meta property=\"og:image:width\" content=\"1080\" \/>\n\t<meta property=\"og:image:height\" content=\"1080\" \/>\n\t<meta property=\"og:image:type\" content=\"image\/jpeg\" \/>\n<meta name=\"twitter:card\" content=\"summary_large_image\" \/>\n<script type=\"application\/ld+json\" class=\"yoast-schema-graph\">{\"@context\":\"https:\\\/\\\/schema.org\",\"@graph\":[{\"@type\":\"WebPage\",\"@id\":\"https:\\\/\\\/fisbein.com\\\/ca\\\/joia-art\\\/anell-mosaic-esmalt-semitransparent-blau\\\/\",\"url\":\"https:\\\/\\\/fisbein.com\\\/ca\\\/joia-art\\\/anell-mosaic-esmalt-semitransparent-blau\\\/\",\"name\":\"Anell mosaic esmalt semitransparent blau - Fisbein\",\"isPartOf\":{\"@id\":\"https:\\\/\\\/fisbein.com\\\/ca\\\/#website\"},\"primaryImageOfPage\":{\"@id\":\"https:\\\/\\\/fisbein.com\\\/ca\\\/joia-art\\\/anell-mosaic-esmalt-semitransparent-blau\\\/#primaryimage\"},\"image\":{\"@id\":\"https:\\\/\\\/fisbein.com\\\/ca\\\/joia-art\\\/anell-mosaic-esmalt-semitransparent-blau\\\/#primaryimage\"},\"thumbnailUrl\":\"https:\\\/\\\/i0.wp.com\\\/fisbein.com\\\/wp-content\\\/uploads\\\/2025\\\/12\\\/Am-662-Fisbein-blue-mosaic-enamel-silver-ring-Barcelona-2.jpg?fit=1080%2C1080&quality=82&ssl=1\",\"datePublished\":\"2026-02-17T23:37:06+00:00\",\"dateModified\":\"2026-03-19T18:46:38+00:00\",\"breadcrumb\":{\"@id\":\"https:\\\/\\\/fisbein.com\\\/ca\\\/joia-art\\\/anell-mosaic-esmalt-semitransparent-blau\\\/#breadcrumb\"},\"inLanguage\":\"ca\",\"potentialAction\":[{\"@type\":\"ReadAction\",\"target\":[\"https:\\\/\\\/fisbein.com\\\/ca\\\/joia-art\\\/anell-mosaic-esmalt-semitransparent-blau\\\/\"]}]},{\"@type\":\"ImageObject\",\"inLanguage\":\"ca\",\"@id\":\"https:\\\/\\\/fisbein.com\\\/ca\\\/joia-art\\\/anell-mosaic-esmalt-semitransparent-blau\\\/#primaryimage\",\"url\":\"https:\\\/\\\/i0.wp.com\\\/fisbein.com\\\/wp-content\\\/uploads\\\/2025\\\/12\\\/Am-662-Fisbein-blue-mosaic-enamel-silver-ring-Barcelona-2.jpg?fit=1080%2C1080&quality=82&ssl=1\",\"contentUrl\":\"https:\\\/\\\/i0.wp.com\\\/fisbein.com\\\/wp-content\\\/uploads\\\/2025\\\/12\\\/Am-662-Fisbein-blue-mosaic-enamel-silver-ring-Barcelona-2.jpg?fit=1080%2C1080&quality=82&ssl=1\",\"width\":1080,\"height\":1080},{\"@type\":\"BreadcrumbList\",\"@id\":\"https:\\\/\\\/fisbein.com\\\/ca\\\/joia-art\\\/anell-mosaic-esmalt-semitransparent-blau\\\/#breadcrumb\",\"itemListElement\":[{\"@type\":\"ListItem\",\"position\":1,\"name\":\"Portada\",\"item\":\"https:\\\/\\\/fisbein.com\\\/ca\\\/\"},{\"@type\":\"ListItem\",\"position\":2,\"name\":\"Botiga\",\"item\":\"https:\\\/\\\/fisbein.com\\\/ca\\\/joies\\\/\"},{\"@type\":\"ListItem\",\"position\":3,\"name\":\"Anell mosaic esmalt semitransparent blau\"}]},{\"@type\":\"WebSite\",\"@id\":\"https:\\\/\\\/fisbein.com\\\/ca\\\/#website\",\"url\":\"https:\\\/\\\/fisbein.com\\\/ca\\\/\",\"name\":\"Fisbein\",\"description\":\"\",\"publisher\":{\"@id\":\"https:\\\/\\\/fisbein.com\\\/ca\\\/#organization\"},\"potentialAction\":[{\"@type\":\"SearchAction\",\"target\":{\"@type\":\"EntryPoint\",\"urlTemplate\":\"https:\\\/\\\/fisbein.com\\\/ca\\\/?s={search_term_string}\"},\"query-input\":{\"@type\":\"PropertyValueSpecification\",\"valueRequired\":true,\"valueName\":\"search_term_string\"}}],\"inLanguage\":\"ca\"},{\"@type\":\"Organization\",\"@id\":\"https:\\\/\\\/fisbein.com\\\/ca\\\/#organization\",\"name\":\"Fisbein\",\"url\":\"https:\\\/\\\/fisbein.com\\\/ca\\\/\",\"logo\":{\"@type\":\"ImageObject\",\"inLanguage\":\"ca\",\"@id\":\"https:\\\/\\\/fisbein.com\\\/ca\\\/#\\\/schema\\\/logo\\\/image\\\/\",\"url\":\"https:\\\/\\\/fisbein.com\\\/wp-content\\\/uploads\\\/2026\\\/02\\\/logo-fisbein-seo.svg\",\"contentUrl\":\"https:\\\/\\\/fisbein.com\\\/wp-content\\\/uploads\\\/2026\\\/02\\\/logo-fisbein-seo.svg\",\"width\":1,\"height\":1,\"caption\":\"Fisbein\"},\"image\":{\"@id\":\"https:\\\/\\\/fisbein.com\\\/ca\\\/#\\\/schema\\\/logo\\\/image\\\/\"},\"sameAs\":[\"https:\\\/\\\/www.facebook.com\\\/andrea.fisbein.5\",\"https:\\\/\\\/www.instagram.com\\\/fisbein\\\/\"]}]}<\/script>\n<!-- \/ Yoast SEO plugin. -->","yoast_head_json":{"title":"Anell mosaic esmalt semitransparent blau - Fisbein","robots":{"index":"index","follow":"follow","max-snippet":"max-snippet:-1","max-image-preview":"max-image-preview:large","max-video-preview":"max-video-preview:-1"},"canonical":"https:\/\/fisbein.com\/ca\/joia-art\/anell-mosaic-esmalt-semitransparent-blau\/","og_locale":"ca_ES","og_type":"article","og_title":"Anell mosaic esmalt semitransparent blau - Fisbein","og_description":"Anell inspirat en els mosaics del Park G\u00fcell de Barcelona. Fet en plata i esmalt al foc semitransparent en tonalitats blaves","og_url":"https:\/\/fisbein.com\/ca\/joia-art\/anell-mosaic-esmalt-semitransparent-blau\/","og_site_name":"Fisbein","article_publisher":"https:\/\/www.facebook.com\/andrea.fisbein.5","article_modified_time":"2026-03-19T18:46:38+00:00","og_image":[{"width":1080,"height":1080,"url":"https:\/\/i0.wp.com\/fisbein.com\/wp-content\/uploads\/2025\/12\/Am-662-Fisbein-blue-mosaic-enamel-silver-ring-Barcelona-2.jpg?fit=1080%2C1080&quality=89&ssl=1","type":"image\/jpeg"}],"twitter_card":"summary_large_image","schema":{"@context":"https:\/\/schema.org","@graph":[{"@type":"WebPage","@id":"https:\/\/fisbein.com\/ca\/joia-art\/anell-mosaic-esmalt-semitransparent-blau\/","url":"https:\/\/fisbein.com\/ca\/joia-art\/anell-mosaic-esmalt-semitransparent-blau\/","name":"Anell mosaic esmalt semitransparent blau - Fisbein","isPartOf":{"@id":"https:\/\/fisbein.com\/ca\/#website"},"primaryImageOfPage":{"@id":"https:\/\/fisbein.com\/ca\/joia-art\/anell-mosaic-esmalt-semitransparent-blau\/#primaryimage"},"image":{"@id":"https:\/\/fisbein.com\/ca\/joia-art\/anell-mosaic-esmalt-semitransparent-blau\/#primaryimage"},"thumbnailUrl":"https:\/\/i0.wp.com\/fisbein.com\/wp-content\/uploads\/2025\/12\/Am-662-Fisbein-blue-mosaic-enamel-silver-ring-Barcelona-2.jpg?fit=1080%2C1080&quality=82&ssl=1","datePublished":"2026-02-17T23:37:06+00:00","dateModified":"2026-03-19T18:46:38+00:00","breadcrumb":{"@id":"https:\/\/fisbein.com\/ca\/joia-art\/anell-mosaic-esmalt-semitransparent-blau\/#breadcrumb"},"inLanguage":"ca","potentialAction":[{"@type":"ReadAction","target":["https:\/\/fisbein.com\/ca\/joia-art\/anell-mosaic-esmalt-semitransparent-blau\/"]}]},{"@type":"ImageObject","inLanguage":"ca","@id":"https:\/\/fisbein.com\/ca\/joia-art\/anell-mosaic-esmalt-semitransparent-blau\/#primaryimage","url":"https:\/\/i0.wp.com\/fisbein.com\/wp-content\/uploads\/2025\/12\/Am-662-Fisbein-blue-mosaic-enamel-silver-ring-Barcelona-2.jpg?fit=1080%2C1080&quality=82&ssl=1","contentUrl":"https:\/\/i0.wp.com\/fisbein.com\/wp-content\/uploads\/2025\/12\/Am-662-Fisbein-blue-mosaic-enamel-silver-ring-Barcelona-2.jpg?fit=1080%2C1080&quality=82&ssl=1","width":1080,"height":1080},{"@type":"BreadcrumbList","@id":"https:\/\/fisbein.com\/ca\/joia-art\/anell-mosaic-esmalt-semitransparent-blau\/#breadcrumb","itemListElement":[{"@type":"ListItem","position":1,"name":"Portada","item":"https:\/\/fisbein.com\/ca\/"},{"@type":"ListItem","position":2,"name":"Botiga","item":"https:\/\/fisbein.com\/ca\/joies\/"},{"@type":"ListItem","position":3,"name":"Anell mosaic esmalt semitransparent blau"}]},{"@type":"WebSite","@id":"https:\/\/fisbein.com\/ca\/#website","url":"https:\/\/fisbein.com\/ca\/","name":"Fisbein","description":"","publisher":{"@id":"https:\/\/fisbein.com\/ca\/#organization"},"potentialAction":[{"@type":"SearchAction","target":{"@type":"EntryPoint","urlTemplate":"https:\/\/fisbein.com\/ca\/?s={search_term_string}"},"query-input":{"@type":"PropertyValueSpecification","valueRequired":true,"valueName":"search_term_string"}}],"inLanguage":"ca"},{"@type":"Organization","@id":"https:\/\/fisbein.com\/ca\/#organization","name":"Fisbein","url":"https:\/\/fisbein.com\/ca\/","logo":{"@type":"ImageObject","inLanguage":"ca","@id":"https:\/\/fisbein.com\/ca\/#\/schema\/logo\/image\/","url":"https:\/\/fisbein.com\/wp-content\/uploads\/2026\/02\/logo-fisbein-seo.svg","contentUrl":"https:\/\/fisbein.com\/wp-content\/uploads\/2026\/02\/logo-fisbein-seo.svg","width":1,"height":1,"caption":"Fisbein"},"image":{"@id":"https:\/\/fisbein.com\/ca\/#\/schema\/logo\/image\/"},"sameAs":["https:\/\/www.facebook.com\/andrea.fisbein.5","https:\/\/www.instagram.com\/fisbein\/"]}]}},"jetpack_sharing_enabled":true,"_links":{"self":[{"href":"https:\/\/fisbein.com\/ca\/wp-json\/wp\/v2\/product\/1573","targetHints":{"allow":["GET"]}}],"collection":[{"href":"https:\/\/fisbein.com\/ca\/wp-json\/wp\/v2\/product"}],"about":[{"href":"https:\/\/fisbein.com\/ca\/wp-json\/wp\/v2\/types\/product"}],"replies":[{"embeddable":true,"href":"https:\/\/fisbein.com\/ca\/wp-json\/wp\/v2\/comments?post=1573"}],"wp:featuredmedia":[{"embeddable":true,"href":"https:\/\/fisbein.com\/ca\/wp-json\/wp\/v2\/media\/3290"}],"wp:attachment":[{"href":"https:\/\/fisbein.com\/ca\/wp-json\/wp\/v2\/media?parent=1573"}],"wp:term":[{"taxonomy":"coleccion","embeddable":true,"href":"https:\/\/fisbein.com\/ca\/wp-json\/wp\/v2\/coleccion?post=1573"},{"taxonomy":"product_brand","embeddable":true,"href":"https:\/\/fisbein.com\/ca\/wp-json\/wp\/v2\/product_brand?post=1573"},{"taxonomy":"product_cat","embeddable":true,"href":"https:\/\/fisbein.com\/ca\/wp-json\/wp\/v2\/product_cat?post=1573"},{"taxonomy":"product_tag","embeddable":true,"href":"https:\/\/fisbein.com\/ca\/wp-json\/wp\/v2\/product_tag?post=1573"}],"curies":[{"name":"wp","href":"https:\/\/api.w.org\/{rel}","templated":true}]}}