{"id":3516,"date":"2026-02-04T19:11:56","date_gmt":"2026-02-04T19:11:56","guid":{"rendered":"https:\/\/fisbein.com\/colleccions\/"},"modified":"2026-04-02T18:54:13","modified_gmt":"2026-04-02T18:54:13","slug":"colleccions","status":"publish","type":"page","link":"https:\/\/fisbein.com\/ca\/colleccions\/","title":{"rendered":"Col\u00b7leccions"},"content":{"rendered":"\n\n  <div class=\"banner has-hover\" id=\"banner-1926289944\">\n          <div class=\"banner-inner fill\">\n        <div class=\"banner-bg fill\" >\n            <img width=\"1020\" height=\"680\" src=\"https:\/\/i0.wp.com\/fisbein.com\/wp-content\/uploads\/2025\/12\/Delaunay-endless-Rythm-ring-pendant-2.jpg?fit=1020%2C680&amp;quality=82&amp;ssl=1\" class=\"bg attachment-large size-large\" alt=\"\" fetchpriority=\"high\" loading=\"eager\" decoding=\"sync\" \/>                        <div class=\"overlay\"><\/div>            \n                    <\/div>\n\t\t\n        <div class=\"banner-layers container\">\n            <div class=\"fill banner-link\"><\/div>            \n\n   <div id=\"text-box-1269892705\" class=\"text-box banner-layer x50 md-x50 lg-x50 y50 md-y50 lg-y50 res-text\">\n              <div data-parallax=\"-1\" data-parallax-fade=\"true\">       <div data-animate=\"bounceIn\">           <div class=\"text-box-content text dark\">\n              \n              <div class=\"text-inner text-center\">\n                  \n\n<h3 class=\"uppercase\"><strong><span style=\"font-size: 200%;\" data-line-height=\"xs\">LES NOSTREs col\u00b7Leccions<\/span><\/strong><\/h3><br>Un recorregut per les nostres s\u00e8ries m\u00e9s ic\u00f2niques. Des de la puresa dels metalls nobles fins a l&#8217;exuber\u00e0ncia de les pedres naturals.\n\n              <\/div>\n           <\/div>\n       <\/div>       <\/div>              \n<style>\n#text-box-1269892705 {\n  width: 80%;\n}\n#text-box-1269892705 .text-box-content {\n  font-size: 100%;\n}\n@media (min-width:550px) {\n  #text-box-1269892705 {\n    width: 70%;\n  }\n}\n<\/style>\n    <\/div>\n \n\n        <\/div>\n      <\/div>\n\n            \n<style>\n#banner-1926289944 {\n  padding-top: 500px;\n}\n#banner-1926289944 .overlay {\n  background-color: rgba(0, 0, 0, 0.25);\n}\n#banner-1926289944 .banner-bg img {\n  object-position: 52% 23%;\n}\n@media (min-width:550px) {\n  #banner-1926289944 {\n    padding-top: 45%;\n  }\n  #banner-1926289944 .overlay {\n    background-color: rgba(0, 0, 0, 0.2);\n  }\n}\n<\/style>\n  <\/div>\n\n\n\t\t<div class=\"page-colecciones-list\">\n\t\t\t\t\n\n<br><div class=\"colecciones-wrapper row row-collapse row-full-width align-equal align-center\"><div class=\"colecciones-grid-container\">        <a href=\"https:\/\/fisbein.com\/ca\/coleccion\/alhambra\/\" class=\"coleccion-item\">\n            <div class=\"banner has-hover bg-overlay-remove\">\n                <div class=\"banner-inner fill\">\n                    <div class=\"banner-bg fill\">\n                        <img loading=\"lazy\" decoding=\"async\" class=\"ux-banner-img\" width=\"1500\"\n                            height=\"1000\" src=\"https:\/\/i0.wp.com\/fisbein.com\/wp-content\/uploads\/2025\/12\/Fisbein_Alhambra-Alcazar-Sevilla-set.jpg?fit=1020%2C680&quality=82&ssl=1\" alt=\"Alhambra\">\n                    <\/div>\n\n                    <div class=\"banner-layers container\">\n                        <div class=\"fill banner-link\"><\/div>\n\n                        <div class=\"text-box banner-layer x50 md-x50 lg-x50 y50 md-y50 lg-y50 res-text\">\n                            <div class=\"text-box-content text dark\">\n                                <div class=\"text-inner text-center\">\n                                    <div class=\"text\">\n                                        <h3 class=\"uppercase\" style=\"text-align: center;\">\n                                            <strong>Alhambra<\/strong>\n                                        <\/h3>\n                                    <\/div>\n                                <\/div>\n                            <\/div>\n                        <\/div>\n                    <\/div>\n                <\/div>\n            <\/div>\n\n        <\/a>\n                <a href=\"https:\/\/fisbein.com\/ca\/coleccion\/calat-modernista\/\" class=\"coleccion-item\">\n            <div class=\"banner has-hover bg-overlay-remove\">\n                <div class=\"banner-inner fill\">\n                    <div class=\"banner-bg fill\">\n                        <img loading=\"lazy\" decoding=\"async\" class=\"ux-banner-img\" width=\"1080\"\n                            height=\"1080\" src=\"https:\/\/i0.wp.com\/fisbein.com\/wp-content\/uploads\/2025\/12\/Fisbein-silver-jewelry-modernism-Barcelona-4.jpg?fit=1020%2C1020&quality=82&ssl=1\" alt=\"Calat Modernista\">\n                    <\/div>\n\n                    <div class=\"banner-layers container\">\n                        <div class=\"fill banner-link\"><\/div>\n\n                        <div class=\"text-box banner-layer x50 md-x50 lg-x50 y50 md-y50 lg-y50 res-text\">\n                            <div class=\"text-box-content text dark\">\n                                <div class=\"text-inner text-center\">\n                                    <div class=\"text\">\n                                        <h3 class=\"uppercase\" style=\"text-align: center;\">\n                                            <strong>Calat Modernista<\/strong>\n                                        <\/h3>\n                                    <\/div>\n                                <\/div>\n                            <\/div>\n                        <\/div>\n                    <\/div>\n                <\/div>\n            <\/div>\n\n        <\/a>\n                <a href=\"https:\/\/fisbein.com\/ca\/coleccion\/cubisme\/\" class=\"coleccion-item\">\n            <div class=\"banner has-hover bg-overlay-remove\">\n                <div class=\"banner-inner fill\">\n                    <div class=\"banner-bg fill\">\n                        <img loading=\"lazy\" decoding=\"async\" class=\"ux-banner-img\" width=\"1390\"\n                            height=\"1080\" src=\"https:\/\/i0.wp.com\/fisbein.com\/wp-content\/uploads\/2025\/12\/CPR-004-CPR-005RIngs-lines-Picasso-FISBEIN.jpg?fit=1020%2C793&quality=82&ssl=1\" alt=\"Cubisme\">\n                    <\/div>\n\n                    <div class=\"banner-layers container\">\n                        <div class=\"fill banner-link\"><\/div>\n\n                        <div class=\"text-box banner-layer x50 md-x50 lg-x50 y50 md-y50 lg-y50 res-text\">\n                            <div class=\"text-box-content text dark\">\n                                <div class=\"text-inner text-center\">\n                                    <div class=\"text\">\n                                        <h3 class=\"uppercase\" style=\"text-align: center;\">\n                                            <strong>Cubisme<\/strong>\n                                        <\/h3>\n                                    <\/div>\n                                <\/div>\n                            <\/div>\n                        <\/div>\n                    <\/div>\n                <\/div>\n            <\/div>\n\n        <\/a>\n                <a href=\"https:\/\/fisbein.com\/ca\/coleccion\/gaudi-barcelona\/\" class=\"coleccion-item\">\n            <div class=\"banner has-hover bg-overlay-remove\">\n                <div class=\"banner-inner fill\">\n                    <div class=\"banner-bg fill\">\n                        <img loading=\"lazy\" decoding=\"async\" class=\"ux-banner-img\" width=\"1500\"\n                            height=\"1000\" src=\"https:\/\/i0.wp.com\/fisbein.com\/wp-content\/uploads\/2025\/12\/Fisbein_enamel-silver-mosaics-gaudi-ring-hoja.jpg?fit=1020%2C680&quality=82&ssl=1\" alt=\"Gaud\u00ed Barcelona\">\n                    <\/div>\n\n                    <div class=\"banner-layers container\">\n                        <div class=\"fill banner-link\"><\/div>\n\n                        <div class=\"text-box banner-layer x50 md-x50 lg-x50 y50 md-y50 lg-y50 res-text\">\n                            <div class=\"text-box-content text dark\">\n                                <div class=\"text-inner text-center\">\n                                    <div class=\"text\">\n                                        <h3 class=\"uppercase\" style=\"text-align: center;\">\n                                            <strong>Gaud\u00ed Barcelona<\/strong>\n                                        <\/h3>\n                                    <\/div>\n                                <\/div>\n                            <\/div>\n                        <\/div>\n                    <\/div>\n                <\/div>\n            <\/div>\n\n        <\/a>\n                <a href=\"https:\/\/fisbein.com\/ca\/coleccion\/gotic\/\" class=\"coleccion-item\">\n            <div class=\"banner has-hover bg-overlay-remove\">\n                <div class=\"banner-inner fill\">\n                    <div class=\"banner-bg fill\">\n                        <img loading=\"lazy\" decoding=\"async\" class=\"ux-banner-img\" width=\"1500\"\n                            height=\"1000\" src=\"https:\/\/i0.wp.com\/fisbein.com\/wp-content\/uploads\/2025\/12\/Fisbein_enamel-silver-venice-translucid-gothic-red.jpg?fit=1020%2C680&quality=82&ssl=1\" alt=\"G\u00f2tic\">\n                    <\/div>\n\n                    <div class=\"banner-layers container\">\n                        <div class=\"fill banner-link\"><\/div>\n\n                        <div class=\"text-box banner-layer x50 md-x50 lg-x50 y50 md-y50 lg-y50 res-text\">\n                            <div class=\"text-box-content text dark\">\n                                <div class=\"text-inner text-center\">\n                                    <div class=\"text\">\n                                        <h3 class=\"uppercase\" style=\"text-align: center;\">\n                                            <strong>G\u00f2tic<\/strong>\n                                        <\/h3>\n                                    <\/div>\n                                <\/div>\n                            <\/div>\n                        <\/div>\n                    <\/div>\n                <\/div>\n            <\/div>\n\n        <\/a>\n                <a href=\"https:\/\/fisbein.com\/ca\/coleccion\/mosaics\/\" class=\"coleccion-item\">\n            <div class=\"banner has-hover bg-overlay-remove\">\n                <div class=\"banner-inner fill\">\n                    <div class=\"banner-bg fill\">\n                        <img loading=\"lazy\" decoding=\"async\" class=\"ux-banner-img\" width=\"1500\"\n                            height=\"1000\" src=\"https:\/\/i0.wp.com\/fisbein.com\/wp-content\/uploads\/2026\/04\/Unknown.webp?fit=1020%2C680&quality=75&ssl=1\" alt=\"Mosaics\">\n                    <\/div>\n\n                    <div class=\"banner-layers container\">\n                        <div class=\"fill banner-link\"><\/div>\n\n                        <div class=\"text-box banner-layer x50 md-x50 lg-x50 y50 md-y50 lg-y50 res-text\">\n                            <div class=\"text-box-content text dark\">\n                                <div class=\"text-inner text-center\">\n                                    <div class=\"text\">\n                                        <h3 class=\"uppercase\" style=\"text-align: center;\">\n                                            <strong>Mosaics<\/strong>\n                                        <\/h3>\n                                    <\/div>\n                                <\/div>\n                            <\/div>\n                        <\/div>\n                    <\/div>\n                <\/div>\n            <\/div>\n\n        <\/a>\n                <a href=\"https:\/\/fisbein.com\/ca\/coleccion\/parc-guell\/\" class=\"coleccion-item\">\n            <div class=\"banner has-hover bg-overlay-remove\">\n                <div class=\"banner-inner fill\">\n                    <div class=\"banner-bg fill\">\n                        <img loading=\"lazy\" decoding=\"async\" class=\"ux-banner-img\" width=\"1080\"\n                            height=\"720\" src=\"https:\/\/i0.wp.com\/fisbein.com\/wp-content\/uploads\/2026\/04\/FisbeinDiciembre_16.webp?fit=1020%2C680&quality=75&ssl=1\" alt=\"Parc G\u00fcell\">\n                    <\/div>\n\n                    <div class=\"banner-layers container\">\n                        <div class=\"fill banner-link\"><\/div>\n\n                        <div class=\"text-box banner-layer x50 md-x50 lg-x50 y50 md-y50 lg-y50 res-text\">\n                            <div class=\"text-box-content text dark\">\n                                <div class=\"text-inner text-center\">\n                                    <div class=\"text\">\n                                        <h3 class=\"uppercase\" style=\"text-align: center;\">\n                                            <strong>Parc G\u00fcell<\/strong>\n                                        <\/h3>\n                                    <\/div>\n                                <\/div>\n                            <\/div>\n                        <\/div>\n                    <\/div>\n                <\/div>\n            <\/div>\n\n        <\/a>\n                <a href=\"https:\/\/fisbein.com\/ca\/coleccion\/pintors-abstractes\/\" class=\"coleccion-item\">\n            <div class=\"banner has-hover bg-overlay-remove\">\n                <div class=\"banner-inner fill\">\n                    <div class=\"banner-bg fill\">\n                        <img loading=\"lazy\" decoding=\"async\" class=\"ux-banner-img\" width=\"1080\"\n                            height=\"720\" src=\"https:\/\/i0.wp.com\/fisbein.com\/wp-content\/uploads\/2025\/12\/Mondrian-openwork-ring.jpg?fit=1020%2C680&quality=82&ssl=1\" alt=\"Pintors Abstractes\">\n                    <\/div>\n\n                    <div class=\"banner-layers container\">\n                        <div class=\"fill banner-link\"><\/div>\n\n                        <div class=\"text-box banner-layer x50 md-x50 lg-x50 y50 md-y50 lg-y50 res-text\">\n                            <div class=\"text-box-content text dark\">\n                                <div class=\"text-inner text-center\">\n                                    <div class=\"text\">\n                                        <h3 class=\"uppercase\" style=\"text-align: center;\">\n                                            <strong>Pintors Abstractes<\/strong>\n                                        <\/h3>\n                                    <\/div>\n                                <\/div>\n                            <\/div>\n                        <\/div>\n                    <\/div>\n                <\/div>\n            <\/div>\n\n        <\/a>\n                <a href=\"https:\/\/fisbein.com\/ca\/coleccion\/porta-pedrera\/\" class=\"coleccion-item\">\n            <div class=\"banner has-hover bg-overlay-remove\">\n                <div class=\"banner-inner fill\">\n                    <div class=\"banner-bg fill\">\n                        <img loading=\"lazy\" decoding=\"async\" class=\"ux-banner-img\" width=\"2560\"\n                            height=\"1707\" src=\"https:\/\/i0.wp.com\/fisbein.com\/wp-content\/uploads\/2026\/02\/FisbeinSELECCION_99-scaled.jpg?fit=1020%2C680&quality=82&ssl=1\" alt=\"Porta Pedrera\">\n                    <\/div>\n\n                    <div class=\"banner-layers container\">\n                        <div class=\"fill banner-link\"><\/div>\n\n                        <div class=\"text-box banner-layer x50 md-x50 lg-x50 y50 md-y50 lg-y50 res-text\">\n                            <div class=\"text-box-content text dark\">\n                                <div class=\"text-inner text-center\">\n                                    <div class=\"text\">\n                                        <h3 class=\"uppercase\" style=\"text-align: center;\">\n                                            <strong>Porta Pedrera<\/strong>\n                                        <\/h3>\n                                    <\/div>\n                                <\/div>\n                            <\/div>\n                        <\/div>\n                    <\/div>\n                <\/div>\n            <\/div>\n\n        <\/a>\n                <a href=\"https:\/\/fisbein.com\/ca\/coleccion\/vitralls\/\" class=\"coleccion-item\">\n            <div class=\"banner has-hover bg-overlay-remove\">\n                <div class=\"banner-inner fill\">\n                    <div class=\"banner-bg fill\">\n                        <img loading=\"lazy\" decoding=\"async\" class=\"ux-banner-img\" width=\"1400\"\n                            height=\"1400\" src=\"https:\/\/i0.wp.com\/fisbein.com\/wp-content\/uploads\/2025\/12\/Stained-glass-Hospital-Sant-Pau-blue-Barcelona-Fisbein.jpg?fit=1020%2C1020&quality=82&ssl=1\" alt=\"Vitralls\">\n                    <\/div>\n\n                    <div class=\"banner-layers container\">\n                        <div class=\"fill banner-link\"><\/div>\n\n                        <div class=\"text-box banner-layer x50 md-x50 lg-x50 y50 md-y50 lg-y50 res-text\">\n                            <div class=\"text-box-content text dark\">\n                                <div class=\"text-inner text-center\">\n                                    <div class=\"text\">\n                                        <h3 class=\"uppercase\" style=\"text-align: center;\">\n                                            <strong>Vitralls<\/strong>\n                                        <\/h3>\n                                    <\/div>\n                                <\/div>\n                            <\/div>\n                        <\/div>\n                    <\/div>\n                <\/div>\n            <\/div>\n\n        <\/a>\n        <\/div><\/div><br>\n\t\t<\/div>\n\t\n\n  <div class=\"banner has-hover\" id=\"banner-759842855\">\n          <div class=\"banner-inner fill\">\n        <div class=\"banner-bg fill\" >\n                                                \n                    <\/div>\n\t\t\n        <div class=\"banner-layers container\">\n            <div class=\"fill banner-link\"><\/div>            \n\n   <div id=\"text-box-1620950591\" class=\"text-box banner-layer x50 md-x50 lg-x50 y50 md-y50 lg-y50 res-text\">\n              <div data-parallax=\"-1\" data-parallax-fade=\"true\">       <div data-animate=\"none\">           <div class=\"text-box-content text dark\">\n              \n              <div class=\"text-inner text-center\">\n                  \n\n\t<div id=\"text-2941583345\" class=\"text\">\n\t\t\n\n<h5 class=\"uppercase\"><strong><span style=\"font-size: 200%;\" data-line-height=\"xs\">DisSENY AMB PROP\u00d2SIT<\/span><\/strong><\/h5><br>A Fisbein, no seguim tend\u00e8ncies ef\u00edmeres. Creem col\u00b7leccions c\u00e0psula que dialoguen entre si, permetent construir un joier personal, coherent i etern.\n\t\t\n<style>\n#text-2941583345 {\n  font-size: 0.8rem;\n  color: rgb(49, 49, 51);\n}\n#text-2941583345 > * {\n  color: rgb(49, 49, 51);\n}\n<\/style>\n\t<\/div>\n\t\n\n              <\/div>\n           <\/div>\n       <\/div>       <\/div>              \n<style>\n#text-box-1620950591 {\n  width: 80%;\n}\n#text-box-1620950591 .text-box-content {\n  font-size: 100%;\n}\n@media (min-width:550px) {\n  #text-box-1620950591 {\n    width: 70%;\n  }\n}\n<\/style>\n    <\/div>\n \n\n        <\/div>\n      <\/div>\n\n            \n<style>\n#banner-759842855 {\n  padding-top: 300px;\n  background-color: rgb(221, 221, 221);\n}\n@media (min-width:550px) {\n  #banner-759842855 {\n    padding-top: 30%;\n  }\n}\n<\/style>\n  <\/div>\n\n\n\n","protected":false},"excerpt":{"rendered":"","protected":false},"author":1,"featured_media":0,"parent":0,"menu_order":0,"comment_status":"closed","ping_status":"closed","template":"","meta":{"_acf_changed":false,"footnotes":""},"class_list":["post-3516","page","type-page","status-publish","hentry"],"acf":[],"yoast_head":"<!-- This site is optimized with the Yoast SEO plugin v27.4 - https:\/\/yoast.com\/product\/yoast-seo-wordpress\/ -->\n<title>Col\u00b7leccions - Fisbein<\/title>\n<meta name=\"robots\" content=\"index, follow, max-snippet:-1, max-image-preview:large, max-video-preview:-1\" \/>\n<link rel=\"canonical\" href=\"https:\/\/fisbein.com\/ca\/colleccions\/\" \/>\n<meta property=\"og:locale\" content=\"ca_ES\" \/>\n<meta property=\"og:type\" content=\"article\" \/>\n<meta property=\"og:title\" content=\"Col\u00b7leccions - Fisbein\" \/>\n<meta property=\"og:url\" content=\"https:\/\/fisbein.com\/ca\/colleccions\/\" \/>\n<meta property=\"og:site_name\" content=\"Fisbein\" \/>\n<meta property=\"article:publisher\" content=\"https:\/\/www.facebook.com\/andrea.fisbein.5\" \/>\n<meta property=\"article:modified_time\" content=\"2026-04-02T18:54:13+00:00\" \/>\n<meta name=\"twitter:card\" content=\"summary_large_image\" \/>\n<meta name=\"twitter:label1\" content=\"Temps estimat de lectura\" \/>\n\t<meta name=\"twitter:data1\" content=\"1 minut\" \/>\n<script type=\"application\/ld+json\" class=\"yoast-schema-graph\">{\"@context\":\"https:\\\/\\\/schema.org\",\"@graph\":[{\"@type\":\"WebPage\",\"@id\":\"https:\\\/\\\/fisbein.com\\\/ca\\\/colleccions\\\/\",\"url\":\"https:\\\/\\\/fisbein.com\\\/ca\\\/colleccions\\\/\",\"name\":\"Col\u00b7leccions - Fisbein\",\"isPartOf\":{\"@id\":\"https:\\\/\\\/fisbein.com\\\/ca\\\/#website\"},\"datePublished\":\"2026-02-04T19:11:56+00:00\",\"dateModified\":\"2026-04-02T18:54:13+00:00\",\"breadcrumb\":{\"@id\":\"https:\\\/\\\/fisbein.com\\\/ca\\\/colleccions\\\/#breadcrumb\"},\"inLanguage\":\"ca\",\"potentialAction\":[{\"@type\":\"ReadAction\",\"target\":[\"https:\\\/\\\/fisbein.com\\\/ca\\\/colleccions\\\/\"]}]},{\"@type\":\"BreadcrumbList\",\"@id\":\"https:\\\/\\\/fisbein.com\\\/ca\\\/colleccions\\\/#breadcrumb\",\"itemListElement\":[{\"@type\":\"ListItem\",\"position\":1,\"name\":\"Portada\",\"item\":\"https:\\\/\\\/fisbein.com\\\/ca\\\/\"},{\"@type\":\"ListItem\",\"position\":2,\"name\":\"Col\u00b7leccions\"}]},{\"@type\":\"WebSite\",\"@id\":\"https:\\\/\\\/fisbein.com\\\/ca\\\/#website\",\"url\":\"https:\\\/\\\/fisbein.com\\\/ca\\\/\",\"name\":\"Fisbein\",\"description\":\"\",\"publisher\":{\"@id\":\"https:\\\/\\\/fisbein.com\\\/ca\\\/#organization\"},\"potentialAction\":[{\"@type\":\"SearchAction\",\"target\":{\"@type\":\"EntryPoint\",\"urlTemplate\":\"https:\\\/\\\/fisbein.com\\\/ca\\\/?s={search_term_string}\"},\"query-input\":{\"@type\":\"PropertyValueSpecification\",\"valueRequired\":true,\"valueName\":\"search_term_string\"}}],\"inLanguage\":\"ca\"},{\"@type\":\"Organization\",\"@id\":\"https:\\\/\\\/fisbein.com\\\/ca\\\/#organization\",\"name\":\"Fisbein\",\"url\":\"https:\\\/\\\/fisbein.com\\\/ca\\\/\",\"logo\":{\"@type\":\"ImageObject\",\"inLanguage\":\"ca\",\"@id\":\"https:\\\/\\\/fisbein.com\\\/ca\\\/#\\\/schema\\\/logo\\\/image\\\/\",\"url\":\"https:\\\/\\\/fisbein.com\\\/wp-content\\\/uploads\\\/2026\\\/02\\\/logo-fisbein-seo.svg\",\"contentUrl\":\"https:\\\/\\\/fisbein.com\\\/wp-content\\\/uploads\\\/2026\\\/02\\\/logo-fisbein-seo.svg\",\"width\":1,\"height\":1,\"caption\":\"Fisbein\"},\"image\":{\"@id\":\"https:\\\/\\\/fisbein.com\\\/ca\\\/#\\\/schema\\\/logo\\\/image\\\/\"},\"sameAs\":[\"https:\\\/\\\/www.facebook.com\\\/andrea.fisbein.5\",\"https:\\\/\\\/www.instagram.com\\\/fisbein\\\/\"]}]}<\/script>\n<!-- \/ Yoast SEO plugin. -->","yoast_head_json":{"title":"Col\u00b7leccions - Fisbein","robots":{"index":"index","follow":"follow","max-snippet":"max-snippet:-1","max-image-preview":"max-image-preview:large","max-video-preview":"max-video-preview:-1"},"canonical":"https:\/\/fisbein.com\/ca\/colleccions\/","og_locale":"ca_ES","og_type":"article","og_title":"Col\u00b7leccions - Fisbein","og_url":"https:\/\/fisbein.com\/ca\/colleccions\/","og_site_name":"Fisbein","article_publisher":"https:\/\/www.facebook.com\/andrea.fisbein.5","article_modified_time":"2026-04-02T18:54:13+00:00","twitter_card":"summary_large_image","twitter_misc":{"Temps estimat de lectura":"1 minut"},"schema":{"@context":"https:\/\/schema.org","@graph":[{"@type":"WebPage","@id":"https:\/\/fisbein.com\/ca\/colleccions\/","url":"https:\/\/fisbein.com\/ca\/colleccions\/","name":"Col\u00b7leccions - Fisbein","isPartOf":{"@id":"https:\/\/fisbein.com\/ca\/#website"},"datePublished":"2026-02-04T19:11:56+00:00","dateModified":"2026-04-02T18:54:13+00:00","breadcrumb":{"@id":"https:\/\/fisbein.com\/ca\/colleccions\/#breadcrumb"},"inLanguage":"ca","potentialAction":[{"@type":"ReadAction","target":["https:\/\/fisbein.com\/ca\/colleccions\/"]}]},{"@type":"BreadcrumbList","@id":"https:\/\/fisbein.com\/ca\/colleccions\/#breadcrumb","itemListElement":[{"@type":"ListItem","position":1,"name":"Portada","item":"https:\/\/fisbein.com\/ca\/"},{"@type":"ListItem","position":2,"name":"Col\u00b7leccions"}]},{"@type":"WebSite","@id":"https:\/\/fisbein.com\/ca\/#website","url":"https:\/\/fisbein.com\/ca\/","name":"Fisbein","description":"","publisher":{"@id":"https:\/\/fisbein.com\/ca\/#organization"},"potentialAction":[{"@type":"SearchAction","target":{"@type":"EntryPoint","urlTemplate":"https:\/\/fisbein.com\/ca\/?s={search_term_string}"},"query-input":{"@type":"PropertyValueSpecification","valueRequired":true,"valueName":"search_term_string"}}],"inLanguage":"ca"},{"@type":"Organization","@id":"https:\/\/fisbein.com\/ca\/#organization","name":"Fisbein","url":"https:\/\/fisbein.com\/ca\/","logo":{"@type":"ImageObject","inLanguage":"ca","@id":"https:\/\/fisbein.com\/ca\/#\/schema\/logo\/image\/","url":"https:\/\/fisbein.com\/wp-content\/uploads\/2026\/02\/logo-fisbein-seo.svg","contentUrl":"https:\/\/fisbein.com\/wp-content\/uploads\/2026\/02\/logo-fisbein-seo.svg","width":1,"height":1,"caption":"Fisbein"},"image":{"@id":"https:\/\/fisbein.com\/ca\/#\/schema\/logo\/image\/"},"sameAs":["https:\/\/www.facebook.com\/andrea.fisbein.5","https:\/\/www.instagram.com\/fisbein\/"]}]}},"jetpack_sharing_enabled":true,"_links":{"self":[{"href":"https:\/\/fisbein.com\/ca\/wp-json\/wp\/v2\/pages\/3516","targetHints":{"allow":["GET"]}}],"collection":[{"href":"https:\/\/fisbein.com\/ca\/wp-json\/wp\/v2\/pages"}],"about":[{"href":"https:\/\/fisbein.com\/ca\/wp-json\/wp\/v2\/types\/page"}],"author":[{"embeddable":true,"href":"https:\/\/fisbein.com\/ca\/wp-json\/wp\/v2\/users\/1"}],"replies":[{"embeddable":true,"href":"https:\/\/fisbein.com\/ca\/wp-json\/wp\/v2\/comments?post=3516"}],"version-history":[{"count":2,"href":"https:\/\/fisbein.com\/ca\/wp-json\/wp\/v2\/pages\/3516\/revisions"}],"predecessor-version":[{"id":3518,"href":"https:\/\/fisbein.com\/ca\/wp-json\/wp\/v2\/pages\/3516\/revisions\/3518"}],"wp:attachment":[{"href":"https:\/\/fisbein.com\/ca\/wp-json\/wp\/v2\/media?parent=3516"}],"curies":[{"name":"wp","href":"https:\/\/api.w.org\/{rel}","templated":true}]}}