{"id":2180,"date":"2026-02-23T17:15:40","date_gmt":"2026-02-23T17:15:40","guid":{"rendered":"https:\/\/fisbein.com\/enviaments-i-politica-de-devolucions\/"},"modified":"2026-04-09T10:55:35","modified_gmt":"2026-04-09T10:55:35","slug":"enviaments-devolucions","status":"publish","type":"page","link":"https:\/\/fisbein.com\/ca\/enviaments-devolucions\/","title":{"rendered":"Enviaments i Pol\u00edtica de Devolucions"},"content":{"rendered":"\n\n\t<section class=\"section legal-page\" id=\"section_1487230946\">\n\t\t<div class=\"section-bg fill\" >\n\t\t\t\t\t\t\t\t\t\n\t\t\t\n\n\t\t<\/div>\n\n\t\t\n\n\t\t<div class=\"section-content relative\">\n\t\t\t\n\n<div class=\"row\" style=\"max-width:80%\" id=\"row-636026459\">\n\n\n\t<div id=\"col-126369493\" class=\"col small-12 large-12\"  >\n\t\t\t\t<div class=\"col-inner\"  >\n\t\t\t\n\t\t\t<p data-start=\"0\" data-end=\"24\">ENVIAMENTS I DEVOLUCIONS<\/p><br><p data-start=\"26\" data-end=\"36\">ENVIAMENTS<\/p><br><p data-start=\"38\" data-end=\"329\">El cost dels enviaments variar\u00e0 en funci\u00f3 del dest\u00ed. FISBEIN no es fa responsable dels possibles retards en l\u2019enviament causats per l\u2019empresa de missatgeria o pels possibles errors o manca d\u2019informaci\u00f3 en les dades del destinatari. No es faran enviaments a apartats de correus per seguretat.<\/p><br><p data-start=\"331\" data-end=\"581\">Zona d&#8217;Enviament Cost Enviament Gratu\u00eft\r\nPen\u00ednsula 6 \u20ac A partir de 60 \u20ac\r\nBalears, Can\u00e0ries i Portugal 10 \u20ac A partir de 100 \u20ac\r\nEuropa 13 \u20ac A partir de 150 \u20ac\r\n\u00c0frica 17 \u20ac A partir de 180 \u20ac\r\n\u00c0sia, Oceania i Am\u00e8rica 20 \u20ac A partir de 180 \u20ac\r\nEnviaments nacionals<\/p><br><p data-start=\"583\" data-end=\"1008\">Els enviaments nacionals es realitzaran mitjan\u00e7ant carta certificada. El cost ser\u00e0 de 5 \u20ac per als enviaments a la pen\u00ednsula i 7 \u20ac per a les Illes Balears, Can\u00e0ries o Ceuta i Melilla. Per als enviaments superiors a 100 \u20ac les despeses d\u2019enviament seran gratu\u00eftes. Els enviaments es realitzaran en un termini aproximat de 6 dies laborables. Inclou asseguran\u00e7a per un valor m\u00e0xim de 100 \u20ac i comprovaci\u00f3 electr\u00f2nica de lliurament.<\/p><br><p data-start=\"1010\" data-end=\"1035\">Enviaments Internacionals<\/p><br><p data-start=\"1037\" data-end=\"1298\">El temps estimat de l\u2019enviament variar\u00e0 en funci\u00f3 del dest\u00ed. Els enviaments internacionals es realitzaran mitjan\u00e7ant carta certificada. FISBEIN no es fa responsable dels c\u00e0rrecs addicionals de duanes o aranzels en els enviaments. Aniran a c\u00e0rrec del consumidor.<\/p><br><p data-start=\"1300\" data-end=\"1306\">Europa<\/p><br><p data-start=\"1308\" data-end=\"1506\">Els enviaments dins de la comunitat europea tindran un cost de 8 \u20ac. Per a comandes superiors a 120 \u20ac les despeses d\u2019enviament seran gratu\u00eftes. Els terminis de lliurament variaran en funci\u00f3 del pa\u00eds.<\/p><br><p data-start=\"1508\" data-end=\"1523\">Resta de pa\u00efsos<\/p><br><p data-start=\"1525\" data-end=\"1735\">Els enviaments a la resta de pa\u00efsos internacionals tindran un cost de 10 \u20ac. Per a les comandes superiors a 150 \u20ac les despeses d\u2019enviament seran gratu\u00eftes. Els terminis de lliurament variaran en funci\u00f3 del pa\u00eds.<\/p><br><p data-start=\"1740\" data-end=\"1746\">CANVIS<\/p><br><p data-start=\"1748\" data-end=\"2870\">S\u2019accepten canvis de les peces o de talla dels anells en un termini m\u00e0xim de 14 dies naturals des de la recepci\u00f3 de l\u2019enviament. Despr\u00e9s d\u2019aquesta data no s\u2019acceptaran canvis. Per fer canvis, contacteu per correu electr\u00f2nic a <a class=\"decorated-link cursor-pointer\" rel=\"noopener\" data-start=\"1974\" data-end=\"1993\">fisbein@fisbein.com<\/a> o al tel\u00e8fon (+34)93.2654953. Els costos addicionals generats pels canvis aniran a c\u00e0rrec del comprador. FISBEIN no es fa responsable dels c\u00e0rrecs addicionals en els enviaments derivats del canvi de les joies. Les joies hauran de tornar en el mateix embalatge i en perfecte estat de conservaci\u00f3. En cas contrari, si la pe\u00e7a hagu\u00e9s estat utilitzada o arrib\u00e9s amb desperfectes no es farien canvis. En el cas de rebre una joia defectuosa per problemes derivats de fabricaci\u00f3 s\u2019haur\u00e0 d\u2019avisar en un termini m\u00e0xim de 7 dies naturals des de la recepci\u00f3 de l\u2019enviament. En aquest cas, FISBEIN es far\u00e0 c\u00e0rrec dels costos addicionals d\u2019enviament. En rebre la pe\u00e7a es valorar\u00e0 el problema de la joia, si tot \u00e9s normal es realitzar\u00e0 l\u2019enviament d\u2019una altra pe\u00e7a igual. En cas de no tenir estoc s\u2019informar\u00e0 d\u2019altres possibles terminis de lliurament o de la devoluci\u00f3 del valor de la joia.<\/p><br><p data-start=\"2875\" data-end=\"2886\">DEVOLUCIONS<\/p><br><p data-start=\"2888\" data-end=\"3923\" data-is-last-node=\"\" data-is-only-node=\"\">S\u2019accepten devolucions en un termini m\u00e0xim de 14 dies naturals des de la recepci\u00f3 de l\u2019enviament per exercir el teu dret de desistiment (Segons art. 44 de la Llei 7\/1996, de 15 de gener, d\u2019Ordenaci\u00f3 del Comer\u00e7 Minorista modificada per la Llei 47\/2002, de 19 de desembre). Passat aquest termini no s\u2019accepten devolucions. Per fer canvis, contacteu per correu electr\u00f2nic a <a class=\"decorated-link cursor-pointer\" rel=\"noopener\" data-start=\"3259\" data-end=\"3278\">fisbein@fisbein.com<\/a> o al tel\u00e8fon (+34)93.2654953. Els costos addicionals generats per la devoluci\u00f3 aniran a c\u00e0rrec del comprador. FISBEIN no es fa responsable dels c\u00e0rrecs addicionals en els enviaments derivats de les devolucions. Les joies hauran de tornar en el mateix embalatge i amb tota la documentaci\u00f3 inclosa. Les joies hauran d\u2019arribar en perfecte estat de conservaci\u00f3. En cas contrari, si la pe\u00e7a hagu\u00e9s estat utilitzada o arrib\u00e9s amb desperfectes no es faria la devoluci\u00f3. Un cop rebuda la devoluci\u00f3 i verificat el seu estat de conservaci\u00f3 es realitzaria la devoluci\u00f3 de l\u2019import mitjan\u00e7ant el mateix m\u00e8tode de pagament en un termini de 15 dies naturals.<\/p>\t\t<\/div>\n\t\t\t\t\t<\/div>\n\n\t\n\n<\/div>\n\n\t\t<\/div>\n\n\t\t\n<style>\n#section_1487230946 {\n  padding-top: 30px;\n  padding-bottom: 30px;\n}\n<\/style>\n\t<\/section>\n\t\n\n","protected":false},"excerpt":{"rendered":"","protected":false},"author":1,"featured_media":0,"parent":0,"menu_order":0,"comment_status":"closed","ping_status":"closed","template":"","meta":{"_acf_changed":false,"footnotes":""},"class_list":["post-2180","page","type-page","status-publish","hentry"],"acf":[],"yoast_head":"<!-- This site is optimized with the Yoast SEO plugin v27.4 - https:\/\/yoast.com\/product\/yoast-seo-wordpress\/ -->\n<title>Enviaments i Pol\u00edtica de Devolucions - Fisbein<\/title>\n<meta name=\"robots\" content=\"index, follow, max-snippet:-1, max-image-preview:large, max-video-preview:-1\" \/>\n<link rel=\"canonical\" href=\"https:\/\/fisbein.com\/ca\/enviaments-devolucions\/\" \/>\n<meta property=\"og:locale\" content=\"ca_ES\" \/>\n<meta property=\"og:type\" content=\"article\" \/>\n<meta property=\"og:title\" content=\"Enviaments i Pol\u00edtica de Devolucions - Fisbein\" \/>\n<meta property=\"og:url\" content=\"https:\/\/fisbein.com\/ca\/enviaments-devolucions\/\" \/>\n<meta property=\"og:site_name\" content=\"Fisbein\" \/>\n<meta property=\"article:publisher\" content=\"https:\/\/www.facebook.com\/andrea.fisbein.5\" \/>\n<meta property=\"article:modified_time\" content=\"2026-04-09T10:55:35+00:00\" \/>\n<meta name=\"twitter:card\" content=\"summary_large_image\" \/>\n<meta name=\"twitter:label1\" content=\"Temps estimat de lectura\" \/>\n\t<meta name=\"twitter:data1\" content=\"4 minuts\" \/>\n<script type=\"application\/ld+json\" class=\"yoast-schema-graph\">{\"@context\":\"https:\\\/\\\/schema.org\",\"@graph\":[{\"@type\":\"WebPage\",\"@id\":\"https:\\\/\\\/fisbein.com\\\/ca\\\/enviaments-devolucions\\\/\",\"url\":\"https:\\\/\\\/fisbein.com\\\/ca\\\/enviaments-devolucions\\\/\",\"name\":\"Enviaments i Pol\u00edtica de Devolucions - Fisbein\",\"isPartOf\":{\"@id\":\"https:\\\/\\\/fisbein.com\\\/ca\\\/#website\"},\"datePublished\":\"2026-02-23T17:15:40+00:00\",\"dateModified\":\"2026-04-09T10:55:35+00:00\",\"breadcrumb\":{\"@id\":\"https:\\\/\\\/fisbein.com\\\/ca\\\/enviaments-devolucions\\\/#breadcrumb\"},\"inLanguage\":\"ca\",\"potentialAction\":[{\"@type\":\"ReadAction\",\"target\":[\"https:\\\/\\\/fisbein.com\\\/ca\\\/enviaments-devolucions\\\/\"]}]},{\"@type\":\"BreadcrumbList\",\"@id\":\"https:\\\/\\\/fisbein.com\\\/ca\\\/enviaments-devolucions\\\/#breadcrumb\",\"itemListElement\":[{\"@type\":\"ListItem\",\"position\":1,\"name\":\"Portada\",\"item\":\"https:\\\/\\\/fisbein.com\\\/ca\\\/\"},{\"@type\":\"ListItem\",\"position\":2,\"name\":\"Enviaments i Pol\u00edtica de Devolucions\"}]},{\"@type\":\"WebSite\",\"@id\":\"https:\\\/\\\/fisbein.com\\\/ca\\\/#website\",\"url\":\"https:\\\/\\\/fisbein.com\\\/ca\\\/\",\"name\":\"Fisbein\",\"description\":\"\",\"publisher\":{\"@id\":\"https:\\\/\\\/fisbein.com\\\/ca\\\/#organization\"},\"potentialAction\":[{\"@type\":\"SearchAction\",\"target\":{\"@type\":\"EntryPoint\",\"urlTemplate\":\"https:\\\/\\\/fisbein.com\\\/ca\\\/?s={search_term_string}\"},\"query-input\":{\"@type\":\"PropertyValueSpecification\",\"valueRequired\":true,\"valueName\":\"search_term_string\"}}],\"inLanguage\":\"ca\"},{\"@type\":\"Organization\",\"@id\":\"https:\\\/\\\/fisbein.com\\\/ca\\\/#organization\",\"name\":\"Fisbein\",\"url\":\"https:\\\/\\\/fisbein.com\\\/ca\\\/\",\"logo\":{\"@type\":\"ImageObject\",\"inLanguage\":\"ca\",\"@id\":\"https:\\\/\\\/fisbein.com\\\/ca\\\/#\\\/schema\\\/logo\\\/image\\\/\",\"url\":\"https:\\\/\\\/fisbein.com\\\/wp-content\\\/uploads\\\/2026\\\/02\\\/logo-fisbein-seo.svg\",\"contentUrl\":\"https:\\\/\\\/fisbein.com\\\/wp-content\\\/uploads\\\/2026\\\/02\\\/logo-fisbein-seo.svg\",\"width\":1,\"height\":1,\"caption\":\"Fisbein\"},\"image\":{\"@id\":\"https:\\\/\\\/fisbein.com\\\/ca\\\/#\\\/schema\\\/logo\\\/image\\\/\"},\"sameAs\":[\"https:\\\/\\\/www.facebook.com\\\/andrea.fisbein.5\",\"https:\\\/\\\/www.instagram.com\\\/fisbein\\\/\"]}]}<\/script>\n<!-- \/ Yoast SEO plugin. -->","yoast_head_json":{"title":"Enviaments i Pol\u00edtica de Devolucions - Fisbein","robots":{"index":"index","follow":"follow","max-snippet":"max-snippet:-1","max-image-preview":"max-image-preview:large","max-video-preview":"max-video-preview:-1"},"canonical":"https:\/\/fisbein.com\/ca\/enviaments-devolucions\/","og_locale":"ca_ES","og_type":"article","og_title":"Enviaments i Pol\u00edtica de Devolucions - Fisbein","og_url":"https:\/\/fisbein.com\/ca\/enviaments-devolucions\/","og_site_name":"Fisbein","article_publisher":"https:\/\/www.facebook.com\/andrea.fisbein.5","article_modified_time":"2026-04-09T10:55:35+00:00","twitter_card":"summary_large_image","twitter_misc":{"Temps estimat de lectura":"4 minuts"},"schema":{"@context":"https:\/\/schema.org","@graph":[{"@type":"WebPage","@id":"https:\/\/fisbein.com\/ca\/enviaments-devolucions\/","url":"https:\/\/fisbein.com\/ca\/enviaments-devolucions\/","name":"Enviaments i Pol\u00edtica de Devolucions - Fisbein","isPartOf":{"@id":"https:\/\/fisbein.com\/ca\/#website"},"datePublished":"2026-02-23T17:15:40+00:00","dateModified":"2026-04-09T10:55:35+00:00","breadcrumb":{"@id":"https:\/\/fisbein.com\/ca\/enviaments-devolucions\/#breadcrumb"},"inLanguage":"ca","potentialAction":[{"@type":"ReadAction","target":["https:\/\/fisbein.com\/ca\/enviaments-devolucions\/"]}]},{"@type":"BreadcrumbList","@id":"https:\/\/fisbein.com\/ca\/enviaments-devolucions\/#breadcrumb","itemListElement":[{"@type":"ListItem","position":1,"name":"Portada","item":"https:\/\/fisbein.com\/ca\/"},{"@type":"ListItem","position":2,"name":"Enviaments i Pol\u00edtica de Devolucions"}]},{"@type":"WebSite","@id":"https:\/\/fisbein.com\/ca\/#website","url":"https:\/\/fisbein.com\/ca\/","name":"Fisbein","description":"","publisher":{"@id":"https:\/\/fisbein.com\/ca\/#organization"},"potentialAction":[{"@type":"SearchAction","target":{"@type":"EntryPoint","urlTemplate":"https:\/\/fisbein.com\/ca\/?s={search_term_string}"},"query-input":{"@type":"PropertyValueSpecification","valueRequired":true,"valueName":"search_term_string"}}],"inLanguage":"ca"},{"@type":"Organization","@id":"https:\/\/fisbein.com\/ca\/#organization","name":"Fisbein","url":"https:\/\/fisbein.com\/ca\/","logo":{"@type":"ImageObject","inLanguage":"ca","@id":"https:\/\/fisbein.com\/ca\/#\/schema\/logo\/image\/","url":"https:\/\/fisbein.com\/wp-content\/uploads\/2026\/02\/logo-fisbein-seo.svg","contentUrl":"https:\/\/fisbein.com\/wp-content\/uploads\/2026\/02\/logo-fisbein-seo.svg","width":1,"height":1,"caption":"Fisbein"},"image":{"@id":"https:\/\/fisbein.com\/ca\/#\/schema\/logo\/image\/"},"sameAs":["https:\/\/www.facebook.com\/andrea.fisbein.5","https:\/\/www.instagram.com\/fisbein\/"]}]}},"jetpack_sharing_enabled":true,"_links":{"self":[{"href":"https:\/\/fisbein.com\/ca\/wp-json\/wp\/v2\/pages\/2180","targetHints":{"allow":["GET"]}}],"collection":[{"href":"https:\/\/fisbein.com\/ca\/wp-json\/wp\/v2\/pages"}],"about":[{"href":"https:\/\/fisbein.com\/ca\/wp-json\/wp\/v2\/types\/page"}],"author":[{"embeddable":true,"href":"https:\/\/fisbein.com\/ca\/wp-json\/wp\/v2\/users\/1"}],"replies":[{"embeddable":true,"href":"https:\/\/fisbein.com\/ca\/wp-json\/wp\/v2\/comments?post=2180"}],"version-history":[{"count":7,"href":"https:\/\/fisbein.com\/ca\/wp-json\/wp\/v2\/pages\/2180\/revisions"}],"predecessor-version":[{"id":3621,"href":"https:\/\/fisbein.com\/ca\/wp-json\/wp\/v2\/pages\/2180\/revisions\/3621"}],"wp:attachment":[{"href":"https:\/\/fisbein.com\/ca\/wp-json\/wp\/v2\/media?parent=2180"}],"curies":[{"name":"wp","href":"https:\/\/api.w.org\/{rel}","templated":true}]}}