{"id":2129,"date":"2025-12-12T15:50:46","date_gmt":"2025-12-12T15:50:46","guid":{"rendered":"https:\/\/fisbein.com\/cistella-2\/"},"modified":"2026-04-15T07:50:38","modified_gmt":"2026-04-15T07:50:38","slug":"cistella","status":"publish","type":"page","link":"https:\/\/fisbein.com\/ca\/cistella\/","title":{"rendered":"Cistella"},"content":{"rendered":"\n<div data-block-name=\"woocommerce\/cart\" data-translated-with-w-p-m-l-t-m=\"1\" class=\"wp-block-woocommerce-cart alignwide is-loading\">\n<div data-block-name=\"woocommerce\/filled-cart-block\" data-translated-with-w-p-m-l-t-m=\"1\" class=\"wp-block-woocommerce-filled-cart-block\">\n<div data-block-name=\"woocommerce\/cart-items-block\" data-translated-with-w-p-m-l-t-m=\"1\" class=\"wp-block-woocommerce-cart-items-block\">\n<div data-block-name=\"woocommerce\/cart-line-items-block\" class=\"wp-block-woocommerce-cart-line-items-block\"><\/div>\n\n\n<\/div>\n\n\n\n<div data-block-name=\"woocommerce\/cart-totals-block\" data-translated-with-w-p-m-l-t-m=\"1\" class=\"wp-block-woocommerce-cart-totals-block\">\n<div data-block-name=\"woocommerce\/cart-order-summary-block\" data-translated-with-w-p-m-l-t-m=\"1\" class=\"wp-block-woocommerce-cart-order-summary-block\">\n<div data-block-name=\"woocommerce\/cart-order-summary-heading-block\" data-content=\"Total de la cistella\" class=\"wp-block-woocommerce-cart-order-summary-heading-block\"><\/div>\n\n\n\n<div data-block-name=\"woocommerce\/cart-order-summary-coupon-form-block\" class=\"wp-block-woocommerce-cart-order-summary-coupon-form-block\"><\/div>\n\n\n\n<div data-block-name=\"woocommerce\/cart-order-summary-totals-block\" data-translated-with-w-p-m-l-t-m=\"1\" class=\"wp-block-woocommerce-cart-order-summary-totals-block\">\n<div data-block-name=\"woocommerce\/cart-order-summary-subtotal-block\" class=\"wp-block-woocommerce-cart-order-summary-subtotal-block\"><\/div>\n\n\n\n<div data-block-name=\"woocommerce\/cart-order-summary-fee-block\" class=\"wp-block-woocommerce-cart-order-summary-fee-block\"><\/div>\n\n\n\n<div data-block-name=\"woocommerce\/cart-order-summary-discount-block\" class=\"wp-block-woocommerce-cart-order-summary-discount-block\"><\/div>\n\n\n\n<div data-block-name=\"woocommerce\/cart-order-summary-shipping-block\" class=\"wp-block-woocommerce-cart-order-summary-shipping-block\"><\/div>\n\n\n\n<div data-block-name=\"woocommerce\/cart-order-summary-taxes-block\" class=\"wp-block-woocommerce-cart-order-summary-taxes-block\"><\/div>\n<\/div>\n<\/div>\n\n\n<div data-lock=\"{&quot;remove&quot;:true}\" data-ppcp-id=\"ppcp-40893b93-93fc-462f-93ad-b32549c539ad\" data-block-name=\"woocommerce-paypal-payments\/cart-paylater-messages\" data-pp-placement=\"cart\" data-pp-style-layout=\"text\" data-pp-style-logo-position=\"left\" data-pp-style-logo-type=\"inline\" data-pp-style-text-color=\"black\" data-pp-style-text-size=\"12\" id=\"ppcp-40893b93-93fc-462f-93ad-b32549c539ad\" class=\"ppcp-messages\" data-partner-attribution-id=\"Woo_PPCP\"><\/div>\n\n\n<div data-block-name=\"woocommerce\/cart-express-payment-block\" class=\"wp-block-woocommerce-cart-express-payment-block\"><\/div>\n\n\n\n<div data-block-name=\"woocommerce\/proceed-to-checkout-block\" class=\"wp-block-woocommerce-proceed-to-checkout-block\"><\/div>\n<div id=\"ppcp-recaptcha-v2-container\" style=\"margin:20px 0;\"><\/div>\n\n\n<div data-block-name=\"woocommerce\/cart-accepted-payment-methods-block\" class=\"wp-block-woocommerce-cart-accepted-payment-methods-block\"><\/div>\n<\/div>\n<\/div>\n\n\n\n<div data-block-name=\"woocommerce\/empty-cart-block\" data-translated-with-w-p-m-l-t-m=\"1\" class=\"wp-block-woocommerce-empty-cart-block\">\n<h2 class=\"wp-block-heading has-text-align-center with-empty-cart-icon wc-block-cart__empty-cart__title\">La teva cistella est\u00e0 buida actualment!<\/h2>\n\n\n\n<p class=\"has-text-align-center\"><a href=\"https:\/\/fisbein.com\/shop\/\">Veure la botiga<\/a>.<\/p>\n\n\n\n<hr class=\"wp-block-separator has-alpha-channel-opacity is-style-dots\"\/>\n\n\n\n<h2 class=\"wp-block-heading has-text-align-center\">Nou a la botiga<\/h2>\n\n\n<div data-block-name=\"woocommerce\/product-new\" data-columns=\"4\" data-rows=\"1\" class=\"wc-block-grid wp-block-product-new wp-block-woocommerce-product-new wc-block-product-new has-4-columns\"><ul class=\"wc-block-grid__products\"><li class=\"wc-block-grid__product\"><span class=\"gtm4wp_productdata\" style=\"display:none; visibility:hidden;\" data-gtm4wp_product_data=\"{&quot;internal_id&quot;:3687,&quot;item_id&quot;:&quot;NS-GC 001&quot;,&quot;item_name&quot;:&quot;Penjoll Gaud\\u00ed esmalt transl\\u00facid vitralls&quot;,&quot;sku&quot;:&quot;NS-GC 001&quot;,&quot;price&quot;:45,&quot;stocklevel&quot;:null,&quot;stockstatus&quot;:&quot;instock&quot;,&quot;google_business_vertical&quot;:&quot;retail&quot;,&quot;item_category&quot;:&quot;Penjolls&quot;,&quot;id&quot;:&quot;NS-GC 001&quot;,&quot;productlink&quot;:&quot;https:\\\/\\\/fisbein.com\\\/ca\\\/joia-art\\\/penjoll-gaudi-esmalt-translucid-vitralls\\\/&quot;,&quot;item_list_name&quot;:&quot;Llista general de productes&quot;,&quot;index&quot;:0,&quot;product_type&quot;:&quot;simple&quot;,&quot;item_brand&quot;:&quot;&quot;}\"><\/span>\n\t\t\t\t<a href=\"https:\/\/fisbein.com\/ca\/joia-art\/penjoll-gaudi-esmalt-translucid-vitralls\/\" class=\"wc-block-grid__product-link\">\n\t\t\t\t\t\n\t\t\t\t\t<div class=\"wc-block-grid__product-image\"><img loading=\"lazy\" decoding=\"async\" width=\"247\" height=\"309\" src=\"https:\/\/i0.wp.com\/fisbein.com\/wp-content\/uploads\/2026\/04\/GP-001-gaudi-vidrieras-translucido-FISBEIN-7.jpg?resize=247%2C309&amp;quality=82&amp;ssl=1\" class=\"attachment-woocommerce_thumbnail size-woocommerce_thumbnail\" alt=\"Penjoll Gaud\u00ed esmalt transl\u00facid vitralls\" srcset=\"https:\/\/i0.wp.com\/fisbein.com\/wp-content\/uploads\/2026\/04\/GP-001-gaudi-vidrieras-translucido-FISBEIN-7.jpg?resize=247%2C309&amp;quality=82&amp;ssl=1 247w, https:\/\/i0.wp.com\/fisbein.com\/wp-content\/uploads\/2026\/04\/GP-001-gaudi-vidrieras-translucido-FISBEIN-7.jpg?zoom=2&amp;resize=247%2C309&amp;quality=82&amp;ssl=1 494w, https:\/\/i0.wp.com\/fisbein.com\/wp-content\/uploads\/2026\/04\/GP-001-gaudi-vidrieras-translucido-FISBEIN-7.jpg?zoom=3&amp;resize=247%2C309&amp;quality=82&amp;ssl=1 741w\" sizes=\"auto, (max-width: 247px) 100vw, 247px\" \/><\/div>\n\t\t\t\t\t<div class=\"wc-block-grid__product-title\">Penjoll Gaud\u00ed esmalt transl\u00facid vitralls<\/div>\n\t\t\t\t<\/a>\n\t\t\t\t<div class=\"wc-block-grid__product-price price\"><span class=\"woocommerce-Price-amount amount\">45,00&nbsp;<span class=\"woocommerce-Price-currencySymbol\">&euro;<\/span><\/span><\/div>\n\t\t\t\t\n\t\t\t\t<div class=\"wp-block-button wc-block-grid__product-add-to-cart\"><a href=\"\/ca\/wp-json\/wp\/v2\/pages\/2129?add-to-cart=3687\" aria-label=\"Afegeix a la cistella: &ldquo;Penjoll Gaud\u00ed esmalt transl\u00facid vitralls&rdquo;\" data-quantity=\"1\" data-product_id=\"3687\" data-product_sku=\"NS-GC 001\" data-price=\"45\" rel=\"nofollow\" class=\"wp-block-button__link  add_to_cart_button ajax_add_to_cart\">Afegeix a la cistella<\/a><\/div>\n\t\t\t<\/li><li class=\"wc-block-grid__product\"><span class=\"gtm4wp_productdata\" style=\"display:none; visibility:hidden;\" data-gtm4wp_product_data=\"{&quot;internal_id&quot;:3672,&quot;item_id&quot;:3672,&quot;item_name&quot;:&quot;Anell Vitralls Gaud\\u00ed&quot;,&quot;sku&quot;:3672,&quot;price&quot;:39,&quot;stocklevel&quot;:null,&quot;stockstatus&quot;:&quot;instock&quot;,&quot;google_business_vertical&quot;:&quot;retail&quot;,&quot;item_category&quot;:&quot;Anells&quot;,&quot;id&quot;:3672,&quot;productlink&quot;:&quot;https:\\\/\\\/fisbein.com\\\/ca\\\/joia-art\\\/anell-vitralls-gaudi\\\/&quot;,&quot;item_list_name&quot;:&quot;Llista general de productes&quot;,&quot;index&quot;:0,&quot;product_type&quot;:&quot;variable&quot;,&quot;item_brand&quot;:&quot;&quot;}\"><\/span>\n\t\t\t\t<a href=\"https:\/\/fisbein.com\/ca\/joia-art\/anell-vitralls-gaudi\/\" class=\"wc-block-grid__product-link\">\n\t\t\t\t\t\n\t\t\t\t\t<div class=\"wc-block-grid__product-image\"><img loading=\"lazy\" decoding=\"async\" width=\"247\" height=\"309\" src=\"https:\/\/i0.wp.com\/fisbein.com\/wp-content\/uploads\/2026\/04\/GA-001-gaudi-vidrieras-translucido-FISBEIN-1.jpg?resize=247%2C309&amp;quality=82&amp;ssl=1\" class=\"attachment-woocommerce_thumbnail size-woocommerce_thumbnail\" alt=\"Anell Vitralls Gaud\u00ed\" srcset=\"https:\/\/i0.wp.com\/fisbein.com\/wp-content\/uploads\/2026\/04\/GA-001-gaudi-vidrieras-translucido-FISBEIN-1.jpg?resize=247%2C309&amp;quality=82&amp;ssl=1 247w, https:\/\/i0.wp.com\/fisbein.com\/wp-content\/uploads\/2026\/04\/GA-001-gaudi-vidrieras-translucido-FISBEIN-1.jpg?zoom=2&amp;resize=247%2C309&amp;quality=82&amp;ssl=1 494w, https:\/\/i0.wp.com\/fisbein.com\/wp-content\/uploads\/2026\/04\/GA-001-gaudi-vidrieras-translucido-FISBEIN-1.jpg?zoom=3&amp;resize=247%2C309&amp;quality=82&amp;ssl=1 741w\" sizes=\"auto, (max-width: 247px) 100vw, 247px\" \/><\/div>\n\t\t\t\t\t<div class=\"wc-block-grid__product-title\">Anell Vitralls Gaud\u00ed<\/div>\n\t\t\t\t<\/a>\n\t\t\t\t<div class=\"wc-block-grid__product-price price\"><span class=\"woocommerce-Price-amount amount\">39,00&nbsp;<span class=\"woocommerce-Price-currencySymbol\">&euro;<\/span><\/span><\/div>\n\t\t\t\t\n\t\t\t\t<div class=\"wp-block-button wc-block-grid__product-add-to-cart\"><a href=\"https:\/\/fisbein.com\/ca\/joia-art\/anell-vitralls-gaudi\/\" aria-label=\"Selecciona opcions per a &ldquo;Anell Vitralls Gaud\u00ed&rdquo;\" data-quantity=\"1\" data-product_id=\"3672\" data-product_sku=\"\" data-price=\"39\" rel=\"nofollow\" class=\"wp-block-button__link  add_to_cart_button\">Selecciona opcions<\/a><\/div>\n\t\t\t<\/li><li class=\"wc-block-grid__product\"><span class=\"gtm4wp_productdata\" style=\"display:none; visibility:hidden;\" data-gtm4wp_product_data=\"{&quot;internal_id&quot;:1822,&quot;item_id&quot;:&quot;CPR 005&quot;,&quot;item_name&quot;:&quot;Anell cubista esmalt creuat 3 ratlles de colors&quot;,&quot;sku&quot;:&quot;CPR 005&quot;,&quot;price&quot;:110,&quot;stocklevel&quot;:null,&quot;stockstatus&quot;:&quot;instock&quot;,&quot;google_business_vertical&quot;:&quot;retail&quot;,&quot;item_category&quot;:&quot;Anells&quot;,&quot;id&quot;:&quot;CPR 005&quot;,&quot;productlink&quot;:&quot;https:\\\/\\\/fisbein.com\\\/ca\\\/joia-art\\\/anell-cubista-esmalt-creuat-3-ratlles-de-colors\\\/&quot;,&quot;item_list_name&quot;:&quot;Llista general de productes&quot;,&quot;index&quot;:0,&quot;product_type&quot;:&quot;variable&quot;,&quot;item_brand&quot;:&quot;&quot;}\"><\/span>\n\t\t\t\t<a href=\"https:\/\/fisbein.com\/ca\/joia-art\/anell-cubista-esmalt-creuat-3-ratlles-de-colors\/\" class=\"wc-block-grid__product-link\">\n\t\t\t\t\t\n\t\t\t\t\t<div class=\"wc-block-grid__product-image\"><img loading=\"lazy\" decoding=\"async\" width=\"247\" height=\"309\" src=\"https:\/\/i0.wp.com\/fisbein.com\/wp-content\/uploads\/2025\/12\/CPR-005-2.jpg?resize=247%2C309&amp;quality=82&amp;ssl=1\" class=\"attachment-woocommerce_thumbnail size-woocommerce_thumbnail\" alt=\"Anell cubista esmalt creuat 3 ratlles de colors\" srcset=\"https:\/\/i0.wp.com\/fisbein.com\/wp-content\/uploads\/2025\/12\/CPR-005-2.jpg?resize=247%2C309&amp;quality=82&amp;ssl=1 247w, https:\/\/i0.wp.com\/fisbein.com\/wp-content\/uploads\/2025\/12\/CPR-005-2.jpg?zoom=2&amp;resize=247%2C309&amp;quality=82&amp;ssl=1 494w, https:\/\/i0.wp.com\/fisbein.com\/wp-content\/uploads\/2025\/12\/CPR-005-2.jpg?zoom=3&amp;resize=247%2C309&amp;quality=82&amp;ssl=1 741w\" sizes=\"auto, (max-width: 247px) 100vw, 247px\" \/><\/div>\n\t\t\t\t\t<div class=\"wc-block-grid__product-title\">Anell cubista esmalt creuat 3 ratlles de colors<\/div>\n\t\t\t\t<\/a>\n\t\t\t\t<div class=\"wc-block-grid__product-price price\"><span class=\"woocommerce-Price-amount amount\">110,00&nbsp;<span class=\"woocommerce-Price-currencySymbol\">&euro;<\/span><\/span><\/div>\n\t\t\t\t\n\t\t\t\t<div class=\"wp-block-button wc-block-grid__product-add-to-cart\"><a href=\"https:\/\/fisbein.com\/ca\/joia-art\/anell-cubista-esmalt-creuat-3-ratlles-de-colors\/\" aria-label=\"Selecciona opcions per a &ldquo;Anell cubista esmalt creuat 3 ratlles de colors&rdquo;\" data-quantity=\"1\" data-product_id=\"1822\" data-product_sku=\"CPR 005\" data-price=\"110\" rel=\"nofollow\" class=\"wp-block-button__link  add_to_cart_button\">Selecciona opcions<\/a><\/div>\n\t\t\t<\/li><li class=\"wc-block-grid__product\"><span class=\"gtm4wp_productdata\" style=\"display:none; visibility:hidden;\" data-gtm4wp_product_data=\"{&quot;internal_id&quot;:1821,&quot;item_id&quot;:&quot;APE 030S&quot;,&quot;item_name&quot;:&quot;Arracades bot\\u00f3 plata esmalt inspiraci\\u00f3 Mir\\u00f3&quot;,&quot;sku&quot;:&quot;APE 030S&quot;,&quot;price&quot;:93,&quot;stocklevel&quot;:null,&quot;stockstatus&quot;:&quot;instock&quot;,&quot;google_business_vertical&quot;:&quot;retail&quot;,&quot;item_category&quot;:&quot;Arracades&quot;,&quot;id&quot;:&quot;APE 030S&quot;,&quot;productlink&quot;:&quot;https:\\\/\\\/fisbein.com\\\/ca\\\/joia-art\\\/arracades-boto-plata-esmalt-inspiracio-miro\\\/&quot;,&quot;item_list_name&quot;:&quot;Llista general de productes&quot;,&quot;index&quot;:0,&quot;product_type&quot;:&quot;simple&quot;,&quot;item_brand&quot;:&quot;&quot;}\"><\/span>\n\t\t\t\t<a href=\"https:\/\/fisbein.com\/ca\/joia-art\/arracades-boto-plata-esmalt-inspiracio-miro\/\" class=\"wc-block-grid__product-link\">\n\t\t\t\t\t\n\t\t\t\t\t<div class=\"wc-block-grid__product-image\"><img loading=\"lazy\" decoding=\"async\" width=\"247\" height=\"309\" src=\"https:\/\/i0.wp.com\/fisbein.com\/wp-content\/uploads\/2025\/12\/APE-030S-Miro-FISBEIN-1.jpg?resize=247%2C309&amp;quality=82&amp;ssl=1\" class=\"attachment-woocommerce_thumbnail size-woocommerce_thumbnail\" alt=\"Arracades bot\u00f3 plata esmalt inspiraci\u00f3 Mir\u00f3\" srcset=\"https:\/\/i0.wp.com\/fisbein.com\/wp-content\/uploads\/2025\/12\/APE-030S-Miro-FISBEIN-1.jpg?resize=247%2C309&amp;quality=82&amp;ssl=1 247w, https:\/\/i0.wp.com\/fisbein.com\/wp-content\/uploads\/2025\/12\/APE-030S-Miro-FISBEIN-1.jpg?zoom=2&amp;resize=247%2C309&amp;quality=82&amp;ssl=1 494w, https:\/\/i0.wp.com\/fisbein.com\/wp-content\/uploads\/2025\/12\/APE-030S-Miro-FISBEIN-1.jpg?zoom=3&amp;resize=247%2C309&amp;quality=82&amp;ssl=1 741w\" sizes=\"auto, (max-width: 247px) 100vw, 247px\" \/><\/div>\n\t\t\t\t\t<div class=\"wc-block-grid__product-title\">Arracades bot\u00f3 plata esmalt inspiraci\u00f3 Mir\u00f3<\/div>\n\t\t\t\t<\/a>\n\t\t\t\t<div class=\"wc-block-grid__product-price price\"><span class=\"woocommerce-Price-amount amount\">93,00&nbsp;<span class=\"woocommerce-Price-currencySymbol\">&euro;<\/span><\/span><\/div>\n\t\t\t\t\n\t\t\t\t<div class=\"wp-block-button wc-block-grid__product-add-to-cart\"><a href=\"\/ca\/wp-json\/wp\/v2\/pages\/2129?add-to-cart=1821\" aria-label=\"Afegeix a la cistella: &ldquo;Arracades bot\u00f3 plata esmalt inspiraci\u00f3 Mir\u00f3&rdquo;\" data-quantity=\"1\" data-product_id=\"1821\" data-product_sku=\"APE 030S\" data-price=\"93\" rel=\"nofollow\" class=\"wp-block-button__link  add_to_cart_button ajax_add_to_cart\">Afegeix a la cistella<\/a><\/div>\n\t\t\t<\/li><\/ul><\/div><\/div>\n<\/div>\n","protected":false},"excerpt":{"rendered":"","protected":false},"author":1,"featured_media":0,"parent":0,"menu_order":0,"comment_status":"closed","ping_status":"closed","template":"page-cart.php","meta":{"_acf_changed":false,"footnotes":""},"class_list":["post-2129","page","type-page","status-publish","hentry"],"acf":[],"yoast_head":"<!-- This site is optimized with the Yoast SEO plugin v27.4 - https:\/\/yoast.com\/product\/yoast-seo-wordpress\/ -->\n<title>Cistella - Fisbein<\/title>\n<meta name=\"robots\" content=\"index, follow, max-snippet:-1, max-image-preview:large, max-video-preview:-1\" \/>\n<link rel=\"canonical\" href=\"https:\/\/fisbein.com\/ca\/cistella\/\" \/>\n<meta property=\"og:locale\" content=\"ca_ES\" \/>\n<meta property=\"og:type\" content=\"article\" \/>\n<meta property=\"og:title\" content=\"Cistella - Fisbein\" \/>\n<meta property=\"og:url\" content=\"https:\/\/fisbein.com\/ca\/cistella\/\" \/>\n<meta property=\"og:site_name\" content=\"Fisbein\" \/>\n<meta property=\"article:publisher\" content=\"https:\/\/www.facebook.com\/andrea.fisbein.5\" \/>\n<meta property=\"article:modified_time\" content=\"2026-04-15T07:50:38+00:00\" \/>\n<meta name=\"twitter:card\" content=\"summary_large_image\" \/>\n<script type=\"application\/ld+json\" class=\"yoast-schema-graph\">{\"@context\":\"https:\\\/\\\/schema.org\",\"@graph\":[{\"@type\":\"WebPage\",\"@id\":\"https:\\\/\\\/fisbein.com\\\/ca\\\/cistella\\\/\",\"url\":\"https:\\\/\\\/fisbein.com\\\/ca\\\/cistella\\\/\",\"name\":\"Cistella - Fisbein\",\"isPartOf\":{\"@id\":\"https:\\\/\\\/fisbein.com\\\/ca\\\/#website\"},\"datePublished\":\"2025-12-12T15:50:46+00:00\",\"dateModified\":\"2026-04-15T07:50:38+00:00\",\"breadcrumb\":{\"@id\":\"https:\\\/\\\/fisbein.com\\\/ca\\\/cistella\\\/#breadcrumb\"},\"inLanguage\":\"ca\",\"potentialAction\":[{\"@type\":\"ReadAction\",\"target\":[\"https:\\\/\\\/fisbein.com\\\/ca\\\/cistella\\\/\"]}]},{\"@type\":\"BreadcrumbList\",\"@id\":\"https:\\\/\\\/fisbein.com\\\/ca\\\/cistella\\\/#breadcrumb\",\"itemListElement\":[{\"@type\":\"ListItem\",\"position\":1,\"name\":\"Portada\",\"item\":\"https:\\\/\\\/fisbein.com\\\/ca\\\/\"},{\"@type\":\"ListItem\",\"position\":2,\"name\":\"Cistella\"}]},{\"@type\":\"WebSite\",\"@id\":\"https:\\\/\\\/fisbein.com\\\/ca\\\/#website\",\"url\":\"https:\\\/\\\/fisbein.com\\\/ca\\\/\",\"name\":\"Fisbein\",\"description\":\"\",\"publisher\":{\"@id\":\"https:\\\/\\\/fisbein.com\\\/ca\\\/#organization\"},\"potentialAction\":[{\"@type\":\"SearchAction\",\"target\":{\"@type\":\"EntryPoint\",\"urlTemplate\":\"https:\\\/\\\/fisbein.com\\\/ca\\\/?s={search_term_string}\"},\"query-input\":{\"@type\":\"PropertyValueSpecification\",\"valueRequired\":true,\"valueName\":\"search_term_string\"}}],\"inLanguage\":\"ca\"},{\"@type\":\"Organization\",\"@id\":\"https:\\\/\\\/fisbein.com\\\/ca\\\/#organization\",\"name\":\"Fisbein\",\"url\":\"https:\\\/\\\/fisbein.com\\\/ca\\\/\",\"logo\":{\"@type\":\"ImageObject\",\"inLanguage\":\"ca\",\"@id\":\"https:\\\/\\\/fisbein.com\\\/ca\\\/#\\\/schema\\\/logo\\\/image\\\/\",\"url\":\"https:\\\/\\\/fisbein.com\\\/wp-content\\\/uploads\\\/2026\\\/02\\\/logo-fisbein-seo.svg\",\"contentUrl\":\"https:\\\/\\\/fisbein.com\\\/wp-content\\\/uploads\\\/2026\\\/02\\\/logo-fisbein-seo.svg\",\"width\":1,\"height\":1,\"caption\":\"Fisbein\"},\"image\":{\"@id\":\"https:\\\/\\\/fisbein.com\\\/ca\\\/#\\\/schema\\\/logo\\\/image\\\/\"},\"sameAs\":[\"https:\\\/\\\/www.facebook.com\\\/andrea.fisbein.5\",\"https:\\\/\\\/www.instagram.com\\\/fisbein\\\/\"]}]}<\/script>\n<!-- \/ Yoast SEO plugin. -->","yoast_head_json":{"title":"Cistella - Fisbein","robots":{"index":"index","follow":"follow","max-snippet":"max-snippet:-1","max-image-preview":"max-image-preview:large","max-video-preview":"max-video-preview:-1"},"canonical":"https:\/\/fisbein.com\/ca\/cistella\/","og_locale":"ca_ES","og_type":"article","og_title":"Cistella - Fisbein","og_url":"https:\/\/fisbein.com\/ca\/cistella\/","og_site_name":"Fisbein","article_publisher":"https:\/\/www.facebook.com\/andrea.fisbein.5","article_modified_time":"2026-04-15T07:50:38+00:00","twitter_card":"summary_large_image","schema":{"@context":"https:\/\/schema.org","@graph":[{"@type":"WebPage","@id":"https:\/\/fisbein.com\/ca\/cistella\/","url":"https:\/\/fisbein.com\/ca\/cistella\/","name":"Cistella - Fisbein","isPartOf":{"@id":"https:\/\/fisbein.com\/ca\/#website"},"datePublished":"2025-12-12T15:50:46+00:00","dateModified":"2026-04-15T07:50:38+00:00","breadcrumb":{"@id":"https:\/\/fisbein.com\/ca\/cistella\/#breadcrumb"},"inLanguage":"ca","potentialAction":[{"@type":"ReadAction","target":["https:\/\/fisbein.com\/ca\/cistella\/"]}]},{"@type":"BreadcrumbList","@id":"https:\/\/fisbein.com\/ca\/cistella\/#breadcrumb","itemListElement":[{"@type":"ListItem","position":1,"name":"Portada","item":"https:\/\/fisbein.com\/ca\/"},{"@type":"ListItem","position":2,"name":"Cistella"}]},{"@type":"WebSite","@id":"https:\/\/fisbein.com\/ca\/#website","url":"https:\/\/fisbein.com\/ca\/","name":"Fisbein","description":"","publisher":{"@id":"https:\/\/fisbein.com\/ca\/#organization"},"potentialAction":[{"@type":"SearchAction","target":{"@type":"EntryPoint","urlTemplate":"https:\/\/fisbein.com\/ca\/?s={search_term_string}"},"query-input":{"@type":"PropertyValueSpecification","valueRequired":true,"valueName":"search_term_string"}}],"inLanguage":"ca"},{"@type":"Organization","@id":"https:\/\/fisbein.com\/ca\/#organization","name":"Fisbein","url":"https:\/\/fisbein.com\/ca\/","logo":{"@type":"ImageObject","inLanguage":"ca","@id":"https:\/\/fisbein.com\/ca\/#\/schema\/logo\/image\/","url":"https:\/\/fisbein.com\/wp-content\/uploads\/2026\/02\/logo-fisbein-seo.svg","contentUrl":"https:\/\/fisbein.com\/wp-content\/uploads\/2026\/02\/logo-fisbein-seo.svg","width":1,"height":1,"caption":"Fisbein"},"image":{"@id":"https:\/\/fisbein.com\/ca\/#\/schema\/logo\/image\/"},"sameAs":["https:\/\/www.facebook.com\/andrea.fisbein.5","https:\/\/www.instagram.com\/fisbein\/"]}]}},"jetpack_sharing_enabled":true,"_links":{"self":[{"href":"https:\/\/fisbein.com\/ca\/wp-json\/wp\/v2\/pages\/2129","targetHints":{"allow":["GET"]}}],"collection":[{"href":"https:\/\/fisbein.com\/ca\/wp-json\/wp\/v2\/pages"}],"about":[{"href":"https:\/\/fisbein.com\/ca\/wp-json\/wp\/v2\/types\/page"}],"author":[{"embeddable":true,"href":"https:\/\/fisbein.com\/ca\/wp-json\/wp\/v2\/users\/1"}],"replies":[{"embeddable":true,"href":"https:\/\/fisbein.com\/ca\/wp-json\/wp\/v2\/comments?post=2129"}],"version-history":[{"count":2,"href":"https:\/\/fisbein.com\/ca\/wp-json\/wp\/v2\/pages\/2129\/revisions"}],"predecessor-version":[{"id":2157,"href":"https:\/\/fisbein.com\/ca\/wp-json\/wp\/v2\/pages\/2129\/revisions\/2157"}],"wp:attachment":[{"href":"https:\/\/fisbein.com\/ca\/wp-json\/wp\/v2\/media?parent=2129"}],"curies":[{"name":"wp","href":"https:\/\/api.w.org\/{rel}","templated":true}]}}